{"id":53153,"date":"2022-04-06T16:01:37","date_gmt":"2022-04-06T16:01:37","guid":{"rendered":"https:\/\/new.ilmoliulampar.is\/product\/super-therapy-ilmkjarnaoliu-pakki\/"},"modified":"2025-11-10T15:07:23","modified_gmt":"2025-11-10T15:07:23","slug":"super-therapy-ilmkjarnaoliu-pakki","status":"publish","type":"product","link":"https:\/\/ilmoliulampar.is\/en_gb\/product\/super-therapy-ilmkjarnaoliu-pakki\/","title":{"rendered":"Super Therapy ilmkjarnaol\u00edupakki &#8211; Made by Zen"},"content":{"rendered":"","protected":false},"excerpt":{"rendered":"<p><strong>Anda\u00f0u a\u00f0 \u00fe\u00e9r n\u00e1tt\u00farunni.<\/strong><\/p>\n<p>Super Therapy ilmkjarnaol\u00edu-bl\u00f6ndurnar tengja \u00feig vi\u00f0 l\u00e6kningarm\u00e1tt n\u00e1tt\u00farunnar. Upplif\u00f0u jafnv\u00e6gi, r\u00f3 &amp; extra kraft me\u00f0 \u00feessum 100% hreinu og n\u00e1tt\u00farulegu ol\u00edu-bl\u00f6ndum, innbl\u00e1sturinn er fenginn fr\u00e1 n\u00e1tt\u00farunnar mest r\u00f3andi frumefnum!<\/p>\n<p>Innbl\u00e1sturinn fyrir hverja ger\u00f0 af Super Therapy ol\u00edu \u00ed \u00feessum pakka er fenginn fr\u00e1 heilunarm\u00e6tti n\u00e1tt\u00farulegra me\u00f0fer\u00f0a: Af-stressun, jafnv\u00e6gi, endurl\u00edfgun me\u00f0 me\u00f0fer\u00f0um hafsins, sk\u00f3garins, s\u00f3larinnar og tunglsins!<\/p>\n<p>&nbsp;<\/p>\n<p><strong><em>Ol\u00edurnar eru 4 talsins:<\/em><\/strong><\/p>\n<h5><strong><em>Super Forest<\/em>\u00a0<\/strong> &#8211; V<span class=\"Y2IQFc\" lang=\"is\">irkjar t\u00f6fra n\u00e1tt\u00farunnar me\u00f0 ilminum af fersku sk\u00f3garlofti.<\/span><\/h5>\n<p>&nbsp;<\/p>\n<h5><strong><em>Super Ocean<\/em> &#8211; \u00a0L<\/strong><span class=\"Y2IQFc\" lang=\"is\">\u00edkir eftir fl\u00e6\u00f0i sj\u00e1varins, \u00feekkt fyrir a\u00f0 \u00f6rva heilann og skapa me\u00f0vita\u00f0 huglei\u00f0slu\u00e1stand.<\/span><\/h5>\n<p>&nbsp;<\/p>\n<h5><strong><em>Super Lunar<\/em> &#8211; M<\/strong><span class=\"Y2IQFc\" lang=\"is\">innir \u00e1 svalt n\u00e6turlofti\u00f0 og tilfinninguna a\u00f0 s\u00f3la sig undir tunglslj\u00f3sinu.<\/span><\/h5>\n<p>&nbsp;<\/p>\n<h5><strong><em>Super Solar<\/em> &#8211; G<\/strong><span class=\"Y2IQFc\" lang=\"is\">eislar af s\u00faper straumum. Tilfinningin um langa, bjarta sumardaga og s\u00f3l \u00ed hjarta!\u00a0<\/span><\/h5>\n<div class=\"product-add-form\">\n<form id=\"product_addtocart_form\" action=\"https:\/\/madebyzen.com\/checkout\/cart\/add\/uenc\/aHR0cHM6Ly9tYWRlYnl6ZW4uY29tL3N1cGVyLXRoZXJhcHktZXNzZW50aWFsLW9pbC1ibGVuZC1naWZ0LXNldC5odG1s\/product\/553\/\" method=\"post\" novalidate=\"novalidate\" data-product-sku=\"STO4GS\">\n<div>\n<h5><\/h5>\n<\/div>\n<\/form>\n<\/div>","protected":false},"featured_media":43908,"comment_status":"closed","ping_status":"closed","template":"","meta":[],"product_brand":[],"product_cat":[224,198],"product_tag":[],"class_list":{"0":"post-53153","1":"product","2":"type-product","3":"status-publish","4":"has-post-thumbnail","6":"product_cat-ilmkjarnaoliur-oliur","7":"product_cat-ilmoliutilbod-oliur","9":"first","10":"instock","11":"shipping-taxable","12":"purchasable","13":"product-type-simple"},"_links":{"self":[{"href":"https:\/\/ilmoliulampar.is\/en_gb\/wp-json\/wp\/v2\/product\/53153","targetHints":{"allow":["GET"]}}],"collection":[{"href":"https:\/\/ilmoliulampar.is\/en_gb\/wp-json\/wp\/v2\/product"}],"about":[{"href":"https:\/\/ilmoliulampar.is\/en_gb\/wp-json\/wp\/v2\/types\/product"}],"replies":[{"embeddable":true,"href":"https:\/\/ilmoliulampar.is\/en_gb\/wp-json\/wp\/v2\/comments?post=53153"}],"wp:featuredmedia":[{"embeddable":true,"href":"https:\/\/ilmoliulampar.is\/en_gb\/wp-json\/wp\/v2\/media\/43908"}],"wp:attachment":[{"href":"https:\/\/ilmoliulampar.is\/en_gb\/wp-json\/wp\/v2\/media?parent=53153"}],"wp:term":[{"taxonomy":"product_brand","embeddable":true,"href":"https:\/\/ilmoliulampar.is\/en_gb\/wp-json\/wp\/v2\/product_brand?post=53153"},{"taxonomy":"product_cat","embeddable":true,"href":"https:\/\/ilmoliulampar.is\/en_gb\/wp-json\/wp\/v2\/product_cat?post=53153"},{"taxonomy":"product_tag","embeddable":true,"href":"https:\/\/ilmoliulampar.is\/en_gb\/wp-json\/wp\/v2\/product_tag?post=53153"}],"curies":[{"name":"wp","href":"https:\/\/api.w.org\/{rel}","templated":true}]}}