{"id":53157,"date":"2022-04-11T15:18:43","date_gmt":"2022-04-11T15:18:43","guid":{"rendered":"https:\/\/new.ilmoliulampar.is\/product\/hanskin-real-complexion-hyaluron-moisture-cream\/"},"modified":"2026-02-03T15:15:54","modified_gmt":"2026-02-03T15:15:54","slug":"hanskin-real-complexion-hyaluron-moisture-cream","status":"publish","type":"product","link":"https:\/\/ilmoliulampar.is\/en_gb\/product\/hanskin-real-complexion-hyaluron-moisture-cream\/","title":{"rendered":"Hanskin &#8211; Real Complexion Hyaluron Moisture Cream"},"content":{"rendered":"","protected":false},"excerpt":{"rendered":"<p><strong>Hyaluron Moisture Cream<\/strong>\u00a0hefur gelkennda \u00e1fer\u00f0 og er einstaklega l\u00e9tt \u00e1 h\u00fa\u00f0inni. Kremi\u00f0 inniheldur hyaluronic s\u00fdru sem er \u00f6flugur rakagjafi og heldur kremi\u00f0 raka \u00ed h\u00fa\u00f0inni \u00ed allt a\u00f0 24klst. B\u00e6tir \u00e1fer\u00f0 og teygjanleika h\u00fa\u00f0arinnar, h\u00fa\u00f0in ver\u00f0ur rakameiri, endurn\u00e6r\u00f0 og mun geisla af lj\u00f3ma og heilbrig\u00f0i.<br \/>\nHentar\u00a0fyrir allar h\u00fa\u00f0tegundir, einnig ol\u00edukennda.<\/p>\n<ul>\n<li><strong>Mj\u00f6g rakagefandi<\/strong><\/li>\n<li><strong>Birtir h\u00fa\u00f0ina<\/strong><\/li>\n<li><strong>R\u00f3ar h\u00fa\u00f0ina<\/strong><\/li>\n<li><strong>B\u00e6tir teygjanleika h\u00fa\u00f0arinnar<\/strong><\/li>\n<li><strong>Vinnur \u00e1 f\u00ednum l\u00ednum<\/strong><\/li>\n<li><strong>Gelkennd form\u00fala<\/strong><\/li>\n<\/ul>","protected":false},"featured_media":43926,"comment_status":"closed","ping_status":"closed","template":"","meta":[],"product_brand":[],"product_cat":[218,191],"product_tag":[],"class_list":{"0":"post-53157","1":"product","2":"type-product","3":"status-publish","4":"has-post-thumbnail","6":"product_cat-hanskin-2","7":"product_cat-hud-og-snyrtivorur","9":"first","10":"instock","11":"shipping-taxable","12":"purchasable","13":"product-type-simple"},"_links":{"self":[{"href":"https:\/\/ilmoliulampar.is\/en_gb\/wp-json\/wp\/v2\/product\/53157","targetHints":{"allow":["GET"]}}],"collection":[{"href":"https:\/\/ilmoliulampar.is\/en_gb\/wp-json\/wp\/v2\/product"}],"about":[{"href":"https:\/\/ilmoliulampar.is\/en_gb\/wp-json\/wp\/v2\/types\/product"}],"replies":[{"embeddable":true,"href":"https:\/\/ilmoliulampar.is\/en_gb\/wp-json\/wp\/v2\/comments?post=53157"}],"wp:featuredmedia":[{"embeddable":true,"href":"https:\/\/ilmoliulampar.is\/en_gb\/wp-json\/wp\/v2\/media\/43926"}],"wp:attachment":[{"href":"https:\/\/ilmoliulampar.is\/en_gb\/wp-json\/wp\/v2\/media?parent=53157"}],"wp:term":[{"taxonomy":"product_brand","embeddable":true,"href":"https:\/\/ilmoliulampar.is\/en_gb\/wp-json\/wp\/v2\/product_brand?post=53157"},{"taxonomy":"product_cat","embeddable":true,"href":"https:\/\/ilmoliulampar.is\/en_gb\/wp-json\/wp\/v2\/product_cat?post=53157"},{"taxonomy":"product_tag","embeddable":true,"href":"https:\/\/ilmoliulampar.is\/en_gb\/wp-json\/wp\/v2\/product_tag?post=53157"}],"curies":[{"name":"wp","href":"https:\/\/api.w.org\/{rel}","templated":true}]}}