{"id":53158,"date":"2022-04-11T15:36:08","date_gmt":"2022-04-11T15:36:08","guid":{"rendered":"https:\/\/new.ilmoliulampar.is\/product\/hanskin-pore-cleansing-balm-aha\/"},"modified":"2026-02-03T15:15:37","modified_gmt":"2026-02-03T15:15:37","slug":"hanskin-pore-cleansing-balm-aha","status":"publish","type":"product","link":"https:\/\/ilmoliulampar.is\/en_gb\/product\/hanskin-pore-cleansing-balm-aha\/","title":{"rendered":"Hanskin &#8211; Pore Cleansing Balm [AHA]"},"content":{"rendered":"","protected":false},"excerpt":{"rendered":"<p><strong>Pore Cleansing Balm &#8211; Rich &amp; Moist<\/strong>[<strong>AHA<\/strong>] dj\u00faphreinsar og endurn\u00fdjar h\u00fa\u00f0ina. Inniheldur AHA-s\u00fdrur (<strong>Alpa hydroxy acid<\/strong>). Hreinsirinn br\u00e1\u00f0nar \u00feegar hann kemst \u00ed snertingu vi\u00f0 h\u00fa\u00f0ina og fjarl\u00e6gjir allan far\u00f0a og \u00f3hreinindi af h\u00fa\u00f0inni.<\/p>\n<p><em>Hentar venjulegri og \u00feurri h\u00fa\u00f0.<\/em><\/p>\n<p><strong>Lactic Acid<\/strong>: AHA-s\u00fdra sem leysir upp dau\u00f0ar h\u00fa\u00f0frumur, heldur raka \u00ed h\u00fa\u00f0inni og vinnur \u00e1 \u00f6ldrunareinkennum.<br \/>\n<strong>Glycolic Acid<\/strong>: AHA-s\u00fdra sem endurn\u00fdjar og jafnar \u00e1fer\u00f0 h\u00fa\u00f0arinnar, fjarl\u00e6gjir dau\u00f0ar h\u00fa\u00f0frumur og vinnur \u00e1 litabreytingum og \u00f6rum, gefur h\u00fa\u00f0inni jafnara og heilbrig\u00f0ara yfirbrag\u00f0.<br \/>\n<strong>Sunflower Seed Oil<\/strong>: P\u00f6kku\u00f0 af E-v\u00edtam\u00edni sem getur h\u00e6gt \u00e1 \u00f6ldrunareinkennum og er n\u00e6randi, m\u00fdkjandi og rakagefandi fyrir h\u00fa\u00f0ina.<br \/>\n<strong>Jojoba Oil<\/strong>: B\u00e6tir \u00e1fer\u00f0 h\u00fa\u00f0arinnar og gefur raka.<\/p>\n<p><strong>Helstu kostir:<\/strong><\/p>\n<ul>\n<li>Fjarl\u00e6gjir vandlega allann far\u00f0a af h\u00fa\u00f0inni, einnig vatnsheldan far\u00f0a.<\/li>\n<li>Blanda af n\u00e6randi ol\u00edum m\u00fdkja h\u00fa\u00f0ina og stu\u00f0la a\u00f0 fallegri og rakafylltri h\u00fa\u00f0.<\/li>\n<li>Lactid og Glycolic s\u00fdrurnar endurn\u00fdja h\u00fa\u00f0ina og fjarl\u00e6gja \u00f3hreinindi \u00far h\u00fa\u00f0holum. H\u00fa\u00f0in ver\u00f0ur m\u00fdkri, sl\u00e9ttari, bjartari og heilbrig\u00f0ari.<\/li>\n<li>Form\u00falan er \u00ed f\u00f6stu formi \u00fear til h\u00fan er borin \u00e1 h\u00fa\u00f0 sem gerir hana au\u00f0velda \u00ed notkun og fer\u00f0av\u00e6na.<\/li>\n<\/ul>\n<p><strong>80g<\/strong><\/p>\n","protected":false},"featured_media":43931,"comment_status":"closed","ping_status":"closed","template":"","meta":[],"product_brand":[],"product_cat":[218,191],"product_tag":[],"class_list":{"0":"post-53158","1":"product","2":"type-product","3":"status-publish","4":"has-post-thumbnail","6":"product_cat-hanskin-2","7":"product_cat-hud-og-snyrtivorur","9":"first","10":"instock","11":"shipping-taxable","12":"purchasable","13":"product-type-simple"},"_links":{"self":[{"href":"https:\/\/ilmoliulampar.is\/en_gb\/wp-json\/wp\/v2\/product\/53158","targetHints":{"allow":["GET"]}}],"collection":[{"href":"https:\/\/ilmoliulampar.is\/en_gb\/wp-json\/wp\/v2\/product"}],"about":[{"href":"https:\/\/ilmoliulampar.is\/en_gb\/wp-json\/wp\/v2\/types\/product"}],"replies":[{"embeddable":true,"href":"https:\/\/ilmoliulampar.is\/en_gb\/wp-json\/wp\/v2\/comments?post=53158"}],"wp:featuredmedia":[{"embeddable":true,"href":"https:\/\/ilmoliulampar.is\/en_gb\/wp-json\/wp\/v2\/media\/43931"}],"wp:attachment":[{"href":"https:\/\/ilmoliulampar.is\/en_gb\/wp-json\/wp\/v2\/media?parent=53158"}],"wp:term":[{"taxonomy":"product_brand","embeddable":true,"href":"https:\/\/ilmoliulampar.is\/en_gb\/wp-json\/wp\/v2\/product_brand?post=53158"},{"taxonomy":"product_cat","embeddable":true,"href":"https:\/\/ilmoliulampar.is\/en_gb\/wp-json\/wp\/v2\/product_cat?post=53158"},{"taxonomy":"product_tag","embeddable":true,"href":"https:\/\/ilmoliulampar.is\/en_gb\/wp-json\/wp\/v2\/product_tag?post=53158"}],"curies":[{"name":"wp","href":"https:\/\/api.w.org\/{rel}","templated":true}]}}