{"id":53159,"date":"2022-04-11T15:39:00","date_gmt":"2022-04-11T15:39:00","guid":{"rendered":"https:\/\/new.ilmoliulampar.is\/product\/hanskin-pore-cleansing-balmbha\/"},"modified":"2026-02-03T15:16:57","modified_gmt":"2026-02-03T15:16:57","slug":"hanskin-pore-cleansing-balmbha","status":"publish","type":"product","link":"https:\/\/ilmoliulampar.is\/en_gb\/product\/hanskin-pore-cleansing-balmbha\/","title":{"rendered":"Hanskin &#8211; Pore Cleansing Balm [BHA]"},"content":{"rendered":"","protected":false},"excerpt":{"rendered":"<p><strong>Pore Cleansing Balm &#8211; Fresh &amp; Light<\/strong>[<strong>BHA<\/strong>] dj\u00faphreinsar og endurn\u00fdjar h\u00fa\u00f0ina. Inniheldur BHA-s\u00fdrur (<strong>beta hydroxy acid<\/strong>). Hreinsirinn br\u00e1\u00f0nar \u00feegar hann kemst \u00ed snertingu vi\u00f0 h\u00fa\u00f0ina og fjarl\u00e6gjir allan far\u00f0a og \u00f3hreinindi af h\u00fa\u00f0inni.<\/p>\n<p><em>Hentar feitri og blanda\u00f0ri h\u00fa\u00f0.<\/em><\/p>\n<p><strong>Salicylic Acid<\/strong>: BHA-s\u00fdra sem kemur jafnv\u00e6gi \u00e1 umfram ol\u00edu framlei\u00f0slu \u00ed h\u00fa\u00f0inn. Salicylic s\u00fdran fer d\u00fdpra \u00ed h\u00fa\u00f0ina og hreinsar vel dau\u00f0ar h\u00fa\u00f0frumur, st\u00edflur \u00ed h\u00fa\u00f0, b\u00f3lur og f\u00edlapensla.<br \/>\n<strong>Orange Peel Oil<\/strong>: Fr\u00edskandi og p\u00f6kku\u00f0 af andoxunarefnum.<br \/>\n<strong>Jojoba Oil<\/strong>: B\u00e6tir \u00e1fer\u00f0 h\u00fa\u00f0arinnar og gefur raka.<\/p>\n<p><strong>Helstu kostir:<\/strong><\/p>\n<ul>\n<li>Fjarl\u00e6gjir vandlega allann far\u00f0a af h\u00fa\u00f0inni, einnig vatnsheldan far\u00f0a.<\/li>\n<li>Blanda af n\u00e6randi ol\u00edum m\u00fdkja h\u00fa\u00f0ina og stu\u00f0la a\u00f0 fallegri og rakafylltri h\u00fa\u00f0.<\/li>\n<li>BHA-S\u00fdrur\u00a0Fjarl\u00e6ga dau\u00f0ar h\u00fa\u00f0frumur og kemur \u00ed veg fyrir a\u00f0 fitukirtlar st\u00edflist.<\/li>\n<li>Form\u00falan er \u00ed f\u00f6stu formi \u00fear til h\u00fan er borin \u00e1 h\u00fa\u00f0 sem gerir hana au\u00f0velda \u00ed notkun og fer\u00f0av\u00e6na.<\/li>\n<\/ul>\n<p><strong>80g<\/strong><\/p>\n<p><strong>Paraben-free, dye-free, artificial fragrance-free, alcohol-free<\/strong><\/p>\n","protected":false},"featured_media":43936,"comment_status":"closed","ping_status":"closed","template":"","meta":[],"product_brand":[],"product_cat":[218,191],"product_tag":[],"class_list":{"0":"post-53159","1":"product","2":"type-product","3":"status-publish","4":"has-post-thumbnail","6":"product_cat-hanskin-2","7":"product_cat-hud-og-snyrtivorur","9":"first","10":"instock","11":"shipping-taxable","12":"purchasable","13":"product-type-simple"},"_links":{"self":[{"href":"https:\/\/ilmoliulampar.is\/en_gb\/wp-json\/wp\/v2\/product\/53159","targetHints":{"allow":["GET"]}}],"collection":[{"href":"https:\/\/ilmoliulampar.is\/en_gb\/wp-json\/wp\/v2\/product"}],"about":[{"href":"https:\/\/ilmoliulampar.is\/en_gb\/wp-json\/wp\/v2\/types\/product"}],"replies":[{"embeddable":true,"href":"https:\/\/ilmoliulampar.is\/en_gb\/wp-json\/wp\/v2\/comments?post=53159"}],"wp:featuredmedia":[{"embeddable":true,"href":"https:\/\/ilmoliulampar.is\/en_gb\/wp-json\/wp\/v2\/media\/43936"}],"wp:attachment":[{"href":"https:\/\/ilmoliulampar.is\/en_gb\/wp-json\/wp\/v2\/media?parent=53159"}],"wp:term":[{"taxonomy":"product_brand","embeddable":true,"href":"https:\/\/ilmoliulampar.is\/en_gb\/wp-json\/wp\/v2\/product_brand?post=53159"},{"taxonomy":"product_cat","embeddable":true,"href":"https:\/\/ilmoliulampar.is\/en_gb\/wp-json\/wp\/v2\/product_cat?post=53159"},{"taxonomy":"product_tag","embeddable":true,"href":"https:\/\/ilmoliulampar.is\/en_gb\/wp-json\/wp\/v2\/product_tag?post=53159"}],"curies":[{"name":"wp","href":"https:\/\/api.w.org\/{rel}","templated":true}]}}