{"id":53160,"date":"2022-04-11T15:42:05","date_gmt":"2022-04-11T15:42:05","guid":{"rendered":"https:\/\/new.ilmoliulampar.is\/product\/hanskin-pore-cleansing-balm-pha\/"},"modified":"2026-02-03T15:15:28","modified_gmt":"2026-02-03T15:15:28","slug":"hanskin-pore-cleansing-balm-pha","status":"publish","type":"product","link":"https:\/\/ilmoliulampar.is\/en_gb\/product\/hanskin-pore-cleansing-balm-pha\/","title":{"rendered":"Hanskin &#8211; Pore Cleansing Balm [PHA]"},"content":{"rendered":"","protected":false},"excerpt":{"rendered":"<p><strong>Pore Cleansing Balm &#8211; Balancing &amp; Mild<\/strong>[<strong>PHA<\/strong>] dj\u00faphreinsar og endurn\u00fdjar h\u00fa\u00f0ina. Inniheldur PHA-s\u00fdrur (<strong>Poly<\/strong>\u00a0<strong>hydroxy acid<\/strong>). Hreinsirinn br\u00e1\u00f0nar \u00feegar hann kemst \u00ed snertingu vi\u00f0 h\u00fa\u00f0ina og fjarl\u00e6gjir allann far\u00f0a og \u00f3hreinindi af h\u00fa\u00f0inni.<\/p>\n<p><em>Hentar vi\u00f0kv\u00e6mri og \u00feurri h\u00fa\u00f0.<\/em><\/p>\n<p><strong>Gluconolactone<\/strong>: PHA-s\u00fdra sem endurn\u00fdjar h\u00fa\u00f0ina og losar dau\u00f0ar h\u00fa\u00f0frumur \u00e1 mildan h\u00e1tt og gefur h\u00fa\u00f0inni raka.<br \/>\n<strong>Sunflower Oil<\/strong>: Ol\u00eda sem er l\u00e9tt og mild fyrir vi\u00f0kv\u00e6ma h\u00fa\u00f0.<br \/>\n<strong>Orange Peel Oil<\/strong>: Fr\u00edskandi og pakka\u00f0 af andoxunarefnum.<br \/>\n<strong>Jojoba Oil<\/strong>: B\u00e6tir \u00e1fer\u00f0 h\u00fa\u00f0arinnar og gefur raka.<\/p>\n<p><strong>Helstu kostir:<\/strong><\/p>\n<ul>\n<li>Fjarl\u00e6gjir vandlega allann far\u00f0a af h\u00fa\u00f0inni, einnig vatnsheldan far\u00f0a.<\/li>\n<li>Blanda af n\u00e6randi ol\u00edum m\u00fdkja h\u00fa\u00f0ina og stu\u00f0la a\u00f0 fallegri og rakafylltri h\u00fa\u00f0.<\/li>\n<li>PHA-s\u00fdrur sem endurn\u00fdja og fjarl\u00e6gja dau\u00f0ar h\u00fa\u00f0frumur \u00e1 mildan h\u00e1tt \u00e1n \u00feess a\u00f0 raska jafnv\u00e6gi h\u00fa\u00f0arinnar.<\/li>\n<\/ul>\n<p><strong>80g<\/strong><\/p>\n<p><strong>Paraben-free, dye-free, artificial fragrance-free, alcohol-free<\/strong><\/p>\n","protected":false},"featured_media":43941,"comment_status":"closed","ping_status":"closed","template":"","meta":[],"product_brand":[],"product_cat":[218,191],"product_tag":[],"class_list":{"0":"post-53160","1":"product","2":"type-product","3":"status-publish","4":"has-post-thumbnail","6":"product_cat-hanskin-2","7":"product_cat-hud-og-snyrtivorur","9":"first","10":"outofstock","11":"shipping-taxable","12":"purchasable","13":"product-type-simple"},"_links":{"self":[{"href":"https:\/\/ilmoliulampar.is\/en_gb\/wp-json\/wp\/v2\/product\/53160","targetHints":{"allow":["GET"]}}],"collection":[{"href":"https:\/\/ilmoliulampar.is\/en_gb\/wp-json\/wp\/v2\/product"}],"about":[{"href":"https:\/\/ilmoliulampar.is\/en_gb\/wp-json\/wp\/v2\/types\/product"}],"replies":[{"embeddable":true,"href":"https:\/\/ilmoliulampar.is\/en_gb\/wp-json\/wp\/v2\/comments?post=53160"}],"wp:featuredmedia":[{"embeddable":true,"href":"https:\/\/ilmoliulampar.is\/en_gb\/wp-json\/wp\/v2\/media\/43941"}],"wp:attachment":[{"href":"https:\/\/ilmoliulampar.is\/en_gb\/wp-json\/wp\/v2\/media?parent=53160"}],"wp:term":[{"taxonomy":"product_brand","embeddable":true,"href":"https:\/\/ilmoliulampar.is\/en_gb\/wp-json\/wp\/v2\/product_brand?post=53160"},{"taxonomy":"product_cat","embeddable":true,"href":"https:\/\/ilmoliulampar.is\/en_gb\/wp-json\/wp\/v2\/product_cat?post=53160"},{"taxonomy":"product_tag","embeddable":true,"href":"https:\/\/ilmoliulampar.is\/en_gb\/wp-json\/wp\/v2\/product_tag?post=53160"}],"curies":[{"name":"wp","href":"https:\/\/api.w.org\/{rel}","templated":true}]}}