{"id":53161,"date":"2022-04-11T15:46:10","date_gmt":"2022-04-11T15:46:10","guid":{"rendered":"https:\/\/new.ilmoliulampar.is\/product\/hanskin-vitamin-c-glow-powder-cleanser\/"},"modified":"2026-02-03T15:15:22","modified_gmt":"2026-02-03T15:15:22","slug":"hanskin-vitamin-c-glow-powder-cleanser","status":"publish","type":"product","link":"https:\/\/ilmoliulampar.is\/en_gb\/product\/hanskin-vitamin-c-glow-powder-cleanser\/","title":{"rendered":"Hanskin &#8211; Vitamin C Glow Powder Cleanser"},"content":{"rendered":"","protected":false},"excerpt":{"rendered":"<p>C V\u00edtam\u00edn andlitshreinsir \u00far dufti sem er pakka\u00f0ur af andoxunarefnum! \u00deegar vatni er blanda\u00f0 vi\u00f0 dufti\u00f0 breytist \u00fea\u00f0 \u00ed \u00e6\u00f0islegan kremkenndan hreinsir sem dj\u00faphreinsar h\u00fa\u00f0ina, fjarl\u00e6gir \u00f6ll \u00f3hreinindi og losar h\u00fa\u00f0ina vi\u00f0 dau\u00f0ar h\u00fa\u00f0frumur. H\u00fa\u00f0in f\u00e6r fr\u00edsklegra yfirbrag\u00f0, aukinn lj\u00f3ma og m\u00fdkt.<\/p>\n<div class=\"Collapsible__Inner\">\n<div class=\"Collapsible__Content\">\n<div class=\"Rte\">\n<ul>\n<li>Talc-free<\/li>\n<li>Sulfate-free<\/li>\n<li>Silicone-free<\/li>\n<li>Artificial fragrance-free70ml \/ 2.36 fl.oz.<\/li>\n<\/ul>\n<\/div>\n<\/div>\n<\/div>","protected":false},"featured_media":43945,"comment_status":"closed","ping_status":"closed","template":"","meta":[],"product_brand":[],"product_cat":[218,191],"product_tag":[],"class_list":{"0":"post-53161","1":"product","2":"type-product","3":"status-publish","4":"has-post-thumbnail","6":"product_cat-hanskin-2","7":"product_cat-hud-og-snyrtivorur","9":"first","10":"instock","11":"shipping-taxable","12":"purchasable","13":"product-type-simple"},"_links":{"self":[{"href":"https:\/\/ilmoliulampar.is\/en_gb\/wp-json\/wp\/v2\/product\/53161","targetHints":{"allow":["GET"]}}],"collection":[{"href":"https:\/\/ilmoliulampar.is\/en_gb\/wp-json\/wp\/v2\/product"}],"about":[{"href":"https:\/\/ilmoliulampar.is\/en_gb\/wp-json\/wp\/v2\/types\/product"}],"replies":[{"embeddable":true,"href":"https:\/\/ilmoliulampar.is\/en_gb\/wp-json\/wp\/v2\/comments?post=53161"}],"wp:featuredmedia":[{"embeddable":true,"href":"https:\/\/ilmoliulampar.is\/en_gb\/wp-json\/wp\/v2\/media\/43945"}],"wp:attachment":[{"href":"https:\/\/ilmoliulampar.is\/en_gb\/wp-json\/wp\/v2\/media?parent=53161"}],"wp:term":[{"taxonomy":"product_brand","embeddable":true,"href":"https:\/\/ilmoliulampar.is\/en_gb\/wp-json\/wp\/v2\/product_brand?post=53161"},{"taxonomy":"product_cat","embeddable":true,"href":"https:\/\/ilmoliulampar.is\/en_gb\/wp-json\/wp\/v2\/product_cat?post=53161"},{"taxonomy":"product_tag","embeddable":true,"href":"https:\/\/ilmoliulampar.is\/en_gb\/wp-json\/wp\/v2\/product_tag?post=53161"}],"curies":[{"name":"wp","href":"https:\/\/api.w.org\/{rel}","templated":true}]}}