{"id":53164,"date":"2022-04-11T15:53:17","date_gmt":"2022-04-11T15:53:17","guid":{"rendered":"https:\/\/new.ilmoliulampar.is\/product\/hanskin-vitamin-c-glow-capsule-lotion\/"},"modified":"2026-02-03T15:14:55","modified_gmt":"2026-02-03T15:14:55","slug":"hanskin-vitamin-c-glow-capsule-lotion","status":"publish","type":"product","link":"https:\/\/ilmoliulampar.is\/en_gb\/product\/hanskin-vitamin-c-glow-capsule-lotion\/","title":{"rendered":"Hanskin &#8211; Vitamin C Glow Capsule Lotion"},"content":{"rendered":"","protected":false},"excerpt":{"rendered":"<p>Einstaklega l\u00e9tt rakakrem me\u00f0 v\u00edtam\u00ednol\u00edu hylkjum sem br\u00e1\u00f0na \u00feegar kremi\u00f0 er bori\u00f0 \u00e1 h\u00fa\u00f0ina og gefa g\u00f3\u00f0ann raka sem fer hratt inn \u00ed h\u00fa\u00f0ina. Kremi\u00f0 b\u00e6tir \u00e1fer\u00f0 h\u00fa\u00f0arinnar, \u00fe\u00e9ttir hana og styrkir og jafnar h\u00fa\u00f0t\u00f3n. H\u00fa\u00f0in ver\u00f0ur fr\u00edsklegri me\u00f0 bjartara yfirbrag\u00f0.<\/p>\n<ul>\n<li>Talc-free<\/li>\n<li>Sulfate-free<\/li>\n<li>Silicone-free<\/li>\n<li>Artificial fragrance-free<\/li>\n<\/ul>\n<p>80ml \/ 2.70 fl.oz.<\/p>","protected":false},"featured_media":43960,"comment_status":"closed","ping_status":"closed","template":"","meta":[],"product_brand":[],"product_cat":[218,191],"product_tag":[],"class_list":{"0":"post-53164","1":"product","2":"type-product","3":"status-publish","4":"has-post-thumbnail","6":"product_cat-hanskin-2","7":"product_cat-hud-og-snyrtivorur","9":"first","10":"instock","11":"shipping-taxable","12":"purchasable","13":"product-type-simple"},"_links":{"self":[{"href":"https:\/\/ilmoliulampar.is\/en_gb\/wp-json\/wp\/v2\/product\/53164","targetHints":{"allow":["GET"]}}],"collection":[{"href":"https:\/\/ilmoliulampar.is\/en_gb\/wp-json\/wp\/v2\/product"}],"about":[{"href":"https:\/\/ilmoliulampar.is\/en_gb\/wp-json\/wp\/v2\/types\/product"}],"replies":[{"embeddable":true,"href":"https:\/\/ilmoliulampar.is\/en_gb\/wp-json\/wp\/v2\/comments?post=53164"}],"wp:featuredmedia":[{"embeddable":true,"href":"https:\/\/ilmoliulampar.is\/en_gb\/wp-json\/wp\/v2\/media\/43960"}],"wp:attachment":[{"href":"https:\/\/ilmoliulampar.is\/en_gb\/wp-json\/wp\/v2\/media?parent=53164"}],"wp:term":[{"taxonomy":"product_brand","embeddable":true,"href":"https:\/\/ilmoliulampar.is\/en_gb\/wp-json\/wp\/v2\/product_brand?post=53164"},{"taxonomy":"product_cat","embeddable":true,"href":"https:\/\/ilmoliulampar.is\/en_gb\/wp-json\/wp\/v2\/product_cat?post=53164"},{"taxonomy":"product_tag","embeddable":true,"href":"https:\/\/ilmoliulampar.is\/en_gb\/wp-json\/wp\/v2\/product_tag?post=53164"}],"curies":[{"name":"wp","href":"https:\/\/api.w.org\/{rel}","templated":true}]}}