{"id":53170,"date":"2022-04-18T12:45:21","date_gmt":"2022-04-18T12:45:21","guid":{"rendered":"https:\/\/new.ilmoliulampar.is\/product\/neste-dante-gullsapan-handsapa-sturtusapa\/"},"modified":"2025-09-15T11:56:47","modified_gmt":"2025-09-15T11:56:47","slug":"neste-dante-gullsapan-handsapa-sturtusapa","status":"publish","type":"product","link":"https:\/\/ilmoliulampar.is\/en_gb\/product\/neste-dante-gullsapan-handsapa-sturtusapa\/","title":{"rendered":"Neste Dante, Gulls\u00e1pan &#8211; hands\u00e1pa &#038; sturtus\u00e1pa"},"content":{"rendered":"","protected":false},"excerpt":{"rendered":"<p>23 k Gulls\u00e1pan fr\u00e1 Nesti Dante.<\/p>\n<p>Hands\u00e1pa me\u00f0 pumpu, 500 ml<\/p>\n<p>Sturtus\u00e1pa, 300 ml<\/p>\n<p style=\"overflow-wrap: break-word; margin: 0px 0px 20px; padding: 0px; border: 0px; vertical-align: baseline; color: #777777; line-height: 1.66em; font-family: 'Open Sans';\">N\u00e1tt\u00farulegar &amp; vegan s\u00e1pur, unnar \u00far h\u00e1g\u00e6\u00f0a, n\u00e1tt\u00farulegu hr\u00e1efni, s\u00e1purnar eru cruelty free og umfram allt hreinar v\u00f6rur. M\u00fdkir h\u00fa\u00f0ina og r\u00f3ar vi\u00f0kv\u00e6ma h\u00fa\u00f0.<\/p>\n<p style=\"overflow-wrap: break-word; margin: 0px 0px 20px; padding: 0px; border: 0px; vertical-align: baseline; color: #777777; line-height: 1.66em; font-family: 'Open Sans';\">\u00cdt\u00f6lsk h\u00e1g\u00e6\u00f0a framlei\u00f0sla s\u00ed\u00f0an 1947, Nesti Dante er l\u00edti\u00f0 fj\u00f6lskyldufyrirt\u00e6ki \u00ed Florens \u00e1 \u00cdtal\u00edu, eru \u00ed dag einn \u00feekktasti s\u00e1puframlei\u00f0andi heims og \u00feekktir fyrir g\u00e6\u00f0i og fagmennsku.<\/p>\n<p style=\"overflow-wrap: break-word; margin: 0px 0px 20px; padding: 0px; border: 0px; vertical-align: baseline; color: #777777; line-height: 1.66em; font-family: 'Open Sans';\">\u2013 Fullkomin t\u00e6kif\u00e6risgj\u00f6f!<\/p>","protected":false},"featured_media":43992,"comment_status":"closed","ping_status":"closed","template":"","meta":[],"product_brand":[],"product_cat":[147],"product_tag":[],"class_list":{"0":"post-53170","1":"product","2":"type-product","3":"status-publish","4":"has-post-thumbnail","6":"product_cat-nesti-dante-sapurnar","8":"first","9":"outofstock","10":"shipping-taxable","11":"purchasable","12":"product-type-variable"},"_links":{"self":[{"href":"https:\/\/ilmoliulampar.is\/en_gb\/wp-json\/wp\/v2\/product\/53170","targetHints":{"allow":["GET"]}}],"collection":[{"href":"https:\/\/ilmoliulampar.is\/en_gb\/wp-json\/wp\/v2\/product"}],"about":[{"href":"https:\/\/ilmoliulampar.is\/en_gb\/wp-json\/wp\/v2\/types\/product"}],"replies":[{"embeddable":true,"href":"https:\/\/ilmoliulampar.is\/en_gb\/wp-json\/wp\/v2\/comments?post=53170"}],"wp:featuredmedia":[{"embeddable":true,"href":"https:\/\/ilmoliulampar.is\/en_gb\/wp-json\/wp\/v2\/media\/43992"}],"wp:attachment":[{"href":"https:\/\/ilmoliulampar.is\/en_gb\/wp-json\/wp\/v2\/media?parent=53170"}],"wp:term":[{"taxonomy":"product_brand","embeddable":true,"href":"https:\/\/ilmoliulampar.is\/en_gb\/wp-json\/wp\/v2\/product_brand?post=53170"},{"taxonomy":"product_cat","embeddable":true,"href":"https:\/\/ilmoliulampar.is\/en_gb\/wp-json\/wp\/v2\/product_cat?post=53170"},{"taxonomy":"product_tag","embeddable":true,"href":"https:\/\/ilmoliulampar.is\/en_gb\/wp-json\/wp\/v2\/product_tag?post=53170"}],"curies":[{"name":"wp","href":"https:\/\/api.w.org\/{rel}","templated":true}]}}