{"id":53176,"date":"2022-04-18T12:56:45","date_gmt":"2022-04-18T12:56:45","guid":{"rendered":"https:\/\/new.ilmoliulampar.is\/product\/nesti-dante-platinum-sapan-handsapa-sturtusapa\/"},"modified":"2026-01-29T13:25:49","modified_gmt":"2026-01-29T13:25:49","slug":"nesti-dante-platinum-sapan-handsapa-sturtusapa","status":"publish","type":"product","link":"https:\/\/ilmoliulampar.is\/en_gb\/product\/nesti-dante-platinum-sapan-handsapa-sturtusapa\/","title":{"rendered":"Nesti Dante &#8211; Plat\u00ednum s\u00e1pan, hands\u00e1pa &#038; sturtus\u00e1pa"},"content":{"rendered":"","protected":false},"excerpt":{"rendered":"<p>Plat\u00ednum s\u00e1pan fr\u00e1 Nesti Dante.<\/p>\n<ul>\n<li>Hands\u00e1pa me\u00f0 pumpu, 500 ml<\/li>\n<li>Sturtus\u00e1pa, 300 ml<\/li>\n<\/ul>\n<p>N\u00e1tt\u00farulegar &amp; vegan s\u00e1pur, unnar \u00far h\u00e1g\u00e6\u00f0a, n\u00e1tt\u00farulegu hr\u00e1efni, s\u00e1purnar eru cruelty free og umfram allt hreinar v\u00f6rur. M\u00fdkir h\u00fa\u00f0ina og r\u00f3ar vi\u00f0kv\u00e6ma h\u00fa\u00f0.<\/p>\n<p>\u00cdt\u00f6lsk h\u00e1g\u00e6\u00f0a framlei\u00f0sla s\u00ed\u00f0an 1947, Nesti Dante er l\u00edti\u00f0 fj\u00f6lskyldufyrirt\u00e6ki \u00ed Florens \u00e1 \u00cdtal\u00edu, eru \u00ed dag einn \u00feekktasti s\u00e1puframlei\u00f0andi heims og \u00feekktir fyrir g\u00e6\u00f0i og fagmennsku.<\/p>\n<p>\u2013 Fullkomin t\u00e6kif\u00e6risgj\u00f6f!<\/p>","protected":false},"featured_media":44010,"comment_status":"closed","ping_status":"closed","template":"","meta":[],"product_brand":[],"product_cat":[147],"product_tag":[],"class_list":{"0":"post-53176","1":"product","2":"type-product","3":"status-publish","4":"has-post-thumbnail","6":"product_cat-nesti-dante-sapurnar","8":"first","9":"instock","10":"shipping-taxable","11":"purchasable","12":"product-type-variable"},"_links":{"self":[{"href":"https:\/\/ilmoliulampar.is\/en_gb\/wp-json\/wp\/v2\/product\/53176","targetHints":{"allow":["GET"]}}],"collection":[{"href":"https:\/\/ilmoliulampar.is\/en_gb\/wp-json\/wp\/v2\/product"}],"about":[{"href":"https:\/\/ilmoliulampar.is\/en_gb\/wp-json\/wp\/v2\/types\/product"}],"replies":[{"embeddable":true,"href":"https:\/\/ilmoliulampar.is\/en_gb\/wp-json\/wp\/v2\/comments?post=53176"}],"wp:featuredmedia":[{"embeddable":true,"href":"https:\/\/ilmoliulampar.is\/en_gb\/wp-json\/wp\/v2\/media\/44010"}],"wp:attachment":[{"href":"https:\/\/ilmoliulampar.is\/en_gb\/wp-json\/wp\/v2\/media?parent=53176"}],"wp:term":[{"taxonomy":"product_brand","embeddable":true,"href":"https:\/\/ilmoliulampar.is\/en_gb\/wp-json\/wp\/v2\/product_brand?post=53176"},{"taxonomy":"product_cat","embeddable":true,"href":"https:\/\/ilmoliulampar.is\/en_gb\/wp-json\/wp\/v2\/product_cat?post=53176"},{"taxonomy":"product_tag","embeddable":true,"href":"https:\/\/ilmoliulampar.is\/en_gb\/wp-json\/wp\/v2\/product_tag?post=53176"}],"curies":[{"name":"wp","href":"https:\/\/api.w.org\/{rel}","templated":true}]}}