{"id":53179,"date":"2022-04-29T09:34:13","date_gmt":"2022-04-29T09:34:13","guid":{"rendered":"https:\/\/new.ilmoliulampar.is\/product\/nattbord-marmari-gler\/"},"modified":"2025-03-03T12:36:07","modified_gmt":"2025-03-03T12:36:07","slug":"nattbord-marmari-gler","status":"publish","type":"product","link":"https:\/\/ilmoliulampar.is\/en_gb\/product\/nattbord-marmari-gler\/","title":{"rendered":"N\u00e1ttbor\u00f0, marmari &#8211; j\u00e1rn &#038; gler"},"content":{"rendered":"","protected":false},"excerpt":{"rendered":"<p>Fallegt n\u00e1ttbor\u00f0 \u00far marmara.<\/p>\n<p>2 bor\u00f0pl\u00f6tur. \u00d6nnur \u00far gleri, hin er \u00far marmara.<\/p>\n<p>Marmarinn er lj\u00f3s, me\u00f0 Caramel br\u00fanum t\u00f3num &#8211; \u00d3tr\u00falega fallegur. Gleri\u00f0 er \u00feykkt \u00ed lj\u00f3sum lit, ekki gegns\u00e6tt.<\/p>\n<p>St\u00e6r\u00f0:<br \/>\nH\u00e6\u00f0 70 cm &#8211; umm\u00e1l 35 cm.<\/p>","protected":false},"featured_media":44019,"comment_status":"closed","ping_status":"closed","template":"","meta":[],"product_brand":[],"product_cat":[112,247,132],"product_tag":[],"class_list":{"0":"post-53179","1":"product","2":"type-product","3":"status-publish","4":"has-post-thumbnail","6":"product_cat-adrar-vorur","7":"product_cat-bord","8":"product_cat-heimilid-2","10":"first","11":"instock","12":"shipping-taxable","13":"purchasable","14":"product-type-simple"},"_links":{"self":[{"href":"https:\/\/ilmoliulampar.is\/en_gb\/wp-json\/wp\/v2\/product\/53179","targetHints":{"allow":["GET"]}}],"collection":[{"href":"https:\/\/ilmoliulampar.is\/en_gb\/wp-json\/wp\/v2\/product"}],"about":[{"href":"https:\/\/ilmoliulampar.is\/en_gb\/wp-json\/wp\/v2\/types\/product"}],"replies":[{"embeddable":true,"href":"https:\/\/ilmoliulampar.is\/en_gb\/wp-json\/wp\/v2\/comments?post=53179"}],"wp:featuredmedia":[{"embeddable":true,"href":"https:\/\/ilmoliulampar.is\/en_gb\/wp-json\/wp\/v2\/media\/44019"}],"wp:attachment":[{"href":"https:\/\/ilmoliulampar.is\/en_gb\/wp-json\/wp\/v2\/media?parent=53179"}],"wp:term":[{"taxonomy":"product_brand","embeddable":true,"href":"https:\/\/ilmoliulampar.is\/en_gb\/wp-json\/wp\/v2\/product_brand?post=53179"},{"taxonomy":"product_cat","embeddable":true,"href":"https:\/\/ilmoliulampar.is\/en_gb\/wp-json\/wp\/v2\/product_cat?post=53179"},{"taxonomy":"product_tag","embeddable":true,"href":"https:\/\/ilmoliulampar.is\/en_gb\/wp-json\/wp\/v2\/product_tag?post=53179"}],"curies":[{"name":"wp","href":"https:\/\/api.w.org\/{rel}","templated":true}]}}