{"id":53182,"date":"2022-04-29T12:37:39","date_gmt":"2022-04-29T12:37:39","guid":{"rendered":"https:\/\/new.ilmoliulampar.is\/product\/dripping-gold-kabuki-brush\/"},"modified":"2025-11-07T22:42:26","modified_gmt":"2025-11-07T22:42:26","slug":"dripping-gold-kabuki-brush","status":"publish","type":"product","link":"https:\/\/ilmoliulampar.is\/en_gb\/product\/dripping-gold-kabuki-brush\/","title":{"rendered":"Dripping Gold &#8211; Kabuki Brush"},"content":{"rendered":"","protected":false},"excerpt":{"rendered":"<p>Kabuki burstinn fr\u00e1 Dripping Gold er hi\u00f0 fullkomna t\u00f3l til \u00feess a\u00f0 bera \u00e1 og blanda Wonder vatninu og s\u00f3larp\u00fa\u00f0rinu!<\/p>\n<p>L\u00faxus, anti-bacterial h\u00e1r sem gera \u00e1fer\u00f0ina fullkomna &#8211; fyrir lj\u00f3mandi og fallega br\u00fana h\u00fa\u00f0 ALLT \u00c1RI\u00d0!<\/p>\n<p>Burstinn er einstaklega mj\u00fakur og h\u00e1rin eru \u00fe\u00e9tt. Burstinn er ger\u00f0ur \u00far gervih\u00e1rum sem haldast vel \u00ed \u00feegar hann er \u00feveginn og burstinn ver\u00f0ur eins og n\u00fdr \u00feegar hann \u00feornar.<\/p>\n<p>&nbsp;<\/p>\n<p>&nbsp;<\/p>\n<p>\u2714\u00a0L\u00faxus &#8222;anti-bacterial gervi h\u00e1r!<br \/>\n\u2714Hin fullkomna \u00e1fer\u00f0!<br \/>\n\u2714 Notist me\u00f0 br\u00fankuvatni og\/e\u00f0a s\u00f3larp\u00fa\u00f0ri<\/p>\n<p>\u2714\u00a0Cruelty Free!<br \/>\n\u2714\u00a0Vegan Friendly!<\/p>","protected":false},"featured_media":44034,"comment_status":"closed","ping_status":"closed","template":"","meta":[],"product_brand":[],"product_cat":[219,191],"product_tag":[],"class_list":{"0":"post-53182","1":"product","2":"type-product","3":"status-publish","4":"has-post-thumbnail","6":"product_cat-dripping-gold-2","7":"product_cat-hud-og-snyrtivorur","9":"first","10":"instock","11":"shipping-taxable","12":"purchasable","13":"product-type-simple"},"_links":{"self":[{"href":"https:\/\/ilmoliulampar.is\/en_gb\/wp-json\/wp\/v2\/product\/53182","targetHints":{"allow":["GET"]}}],"collection":[{"href":"https:\/\/ilmoliulampar.is\/en_gb\/wp-json\/wp\/v2\/product"}],"about":[{"href":"https:\/\/ilmoliulampar.is\/en_gb\/wp-json\/wp\/v2\/types\/product"}],"replies":[{"embeddable":true,"href":"https:\/\/ilmoliulampar.is\/en_gb\/wp-json\/wp\/v2\/comments?post=53182"}],"wp:featuredmedia":[{"embeddable":true,"href":"https:\/\/ilmoliulampar.is\/en_gb\/wp-json\/wp\/v2\/media\/44034"}],"wp:attachment":[{"href":"https:\/\/ilmoliulampar.is\/en_gb\/wp-json\/wp\/v2\/media?parent=53182"}],"wp:term":[{"taxonomy":"product_brand","embeddable":true,"href":"https:\/\/ilmoliulampar.is\/en_gb\/wp-json\/wp\/v2\/product_brand?post=53182"},{"taxonomy":"product_cat","embeddable":true,"href":"https:\/\/ilmoliulampar.is\/en_gb\/wp-json\/wp\/v2\/product_cat?post=53182"},{"taxonomy":"product_tag","embeddable":true,"href":"https:\/\/ilmoliulampar.is\/en_gb\/wp-json\/wp\/v2\/product_tag?post=53182"}],"curies":[{"name":"wp","href":"https:\/\/api.w.org\/{rel}","templated":true}]}}