{"id":53183,"date":"2020-05-02T13:04:03","date_gmt":"2020-05-02T13:04:03","guid":{"rendered":"https:\/\/new.ilmoliulampar.is\/product\/dripping-gold-skin-sheen-sett\/"},"modified":"2026-02-03T15:51:13","modified_gmt":"2026-02-03T15:51:13","slug":"dripping-gold-skin-sheen-sett","status":"publish","type":"product","link":"https:\/\/ilmoliulampar.is\/en_gb\/product\/dripping-gold-skin-sheen-sett\/","title":{"rendered":"Dripping Gold &#8211; Skin Sheen sett"},"content":{"rendered":"","protected":false},"excerpt":{"rendered":"<p>Gl\u00e6n\u00fdtt sett fr\u00e1 Dripping Gold Tan!<\/p>\n<p>Inniheldur &#8216;Skin Sheen&#8217; bronzing mist og contouring kabuki bursta.<br \/>\nSkin Sheen gefur h\u00fa\u00f0inni samstundis fallegan bronze lit. Au\u00f0velt er a\u00f0 bera br\u00fankuna \u00e1, og h\u00fan \u00feornar flj\u00f3tt. H\u00fan gefur h\u00fa\u00f0inni raka og skilur hana eftir mj\u00faka. \u00dea\u00f0 m\u00e1 nota br\u00fankuna \u00e1 b\u00e6\u00f0i l\u00edkama og andlit.<br \/>\n\u00dea\u00f0 er au\u00f0velt a\u00f0 byggja hana upp og dreifa \u00far henni me\u00f0 kabuki burstanum sem fylgir.<\/p>\n<p><strong>Einst\u00f6k form\u00fala!<\/strong><br \/>\nMisti\u00f0 hefur \u00feann skemmtilega eiginlega a\u00f0 \u00fea\u00f0 er h\u00e6gt a\u00f0 r\u00e1\u00f0a hvort br\u00fankan gefi l\u00edtinn e\u00f0a mikinn lj\u00f3ma, \u00fe\u00fa einfaldlega hristir br\u00fasann fyrir meiri lj\u00f3ma en sleppir \u00fev\u00ed a\u00f0 hrista hann fyrir minni lj\u00f3ma.<\/p>\n<p>&nbsp;<\/p>\n<p>\u2714Form\u00falan \u00feornar hratt<\/p>\n<p>\u2714Einst\u00f6k &#8216;dual finish&#8217; form\u00fala<\/p>\n<p>\u2714Au\u00f0velt a\u00f0 byggja upp lit og blanda<\/p>\n<p>\u2714Ekki fastur litur, \u00fev\u00e6st af \u00ed sturtu.<\/p>\n<p>&nbsp;<\/p>\n<p>Inniheldur<br \/>\n1 x Skin sheen mist<br \/>\n1 x Contour Kabuki brush<\/p>\n<p>&nbsp;<\/p>","protected":false},"featured_media":44043,"comment_status":"closed","ping_status":"closed","template":"","meta":[],"product_brand":[],"product_cat":[219,191],"product_tag":[],"class_list":{"0":"post-53183","1":"product","2":"type-product","3":"status-publish","4":"has-post-thumbnail","6":"product_cat-dripping-gold-2","7":"product_cat-hud-og-snyrtivorur","9":"first","10":"outofstock","11":"shipping-taxable","12":"purchasable","13":"product-type-simple"},"_links":{"self":[{"href":"https:\/\/ilmoliulampar.is\/en_gb\/wp-json\/wp\/v2\/product\/53183","targetHints":{"allow":["GET"]}}],"collection":[{"href":"https:\/\/ilmoliulampar.is\/en_gb\/wp-json\/wp\/v2\/product"}],"about":[{"href":"https:\/\/ilmoliulampar.is\/en_gb\/wp-json\/wp\/v2\/types\/product"}],"replies":[{"embeddable":true,"href":"https:\/\/ilmoliulampar.is\/en_gb\/wp-json\/wp\/v2\/comments?post=53183"}],"wp:featuredmedia":[{"embeddable":true,"href":"https:\/\/ilmoliulampar.is\/en_gb\/wp-json\/wp\/v2\/media\/44043"}],"wp:attachment":[{"href":"https:\/\/ilmoliulampar.is\/en_gb\/wp-json\/wp\/v2\/media?parent=53183"}],"wp:term":[{"taxonomy":"product_brand","embeddable":true,"href":"https:\/\/ilmoliulampar.is\/en_gb\/wp-json\/wp\/v2\/product_brand?post=53183"},{"taxonomy":"product_cat","embeddable":true,"href":"https:\/\/ilmoliulampar.is\/en_gb\/wp-json\/wp\/v2\/product_cat?post=53183"},{"taxonomy":"product_tag","embeddable":true,"href":"https:\/\/ilmoliulampar.is\/en_gb\/wp-json\/wp\/v2\/product_tag?post=53183"}],"curies":[{"name":"wp","href":"https:\/\/api.w.org\/{rel}","templated":true}]}}