{"id":53185,"date":"2020-05-02T13:40:58","date_gmt":"2020-05-02T13:40:58","guid":{"rendered":"https:\/\/new.ilmoliulampar.is\/product\/dripping-gold-wonder-water-coconut-medium-dark\/"},"modified":"2026-02-03T15:51:01","modified_gmt":"2026-02-03T15:51:01","slug":"dripping-gold-wonder-water-coconut-medium-dark","status":"publish","type":"product","link":"https:\/\/ilmoliulampar.is\/en_gb\/product\/dripping-gold-wonder-water-coconut-medium-dark\/","title":{"rendered":"Dripping Gold &#8211; Wonder Water Coconut | Medium\/Dark"},"content":{"rendered":"","protected":false},"excerpt":{"rendered":"<p class=\"p1\">Wonder Water &#8216;Coconut&#8217; Medium-Dark og <a href=\"https:\/\/ilmoliulampar.is\/en_gb\/vara\/dripping-gold-wonder-water-medium-dark\/\" target=\"_blank\" rel=\"noopener\">Wonder Water Medium-dark<\/a> er sama varan, eini munurinn er lyktin. \ud83d\ude42<\/p>\n<p>Br\u00fankuvatn fyrir andlit og l\u00edkama! Spreyji\u00f0 gefur n\u00e1tt\u00farulegan og fallegan lit me\u00f0 lj\u00f3ma. \u00a0<span class=\"s1\"><i>Virkar eins og filter fyrir andliti\u00f0!<\/i><\/span><\/p>\n<p class=\"p1\"><span class=\"s1\"><i>Spreyi\u00f0 st\u00edflar ekki h\u00fa\u00f0ina e\u00f0a veldur b\u00f3lum! 100% safe fyrir acne prone h\u00fa\u00f0.\u00a0<\/i><\/span><\/p>\n<p>&nbsp;<\/p>\n<p class=\"p1\"><strong>\u00a0Vi\u00f0 m\u00e6lum me\u00f0 a\u00f0 taka\u00a0<a href=\"https:\/\/ilmoliulampar.is\/en_gb\/vara\/dripping-gold-kabuki-brush\/\" target=\"_blank\" rel=\"noopener\">kabuki<\/a>\u00a0burstann l\u00edka til a\u00f0 f\u00e1 l\u00fdtalausa \u00fatkomu!<\/strong><\/p>","protected":false},"featured_media":44051,"comment_status":"closed","ping_status":"closed","template":"","meta":[],"product_brand":[],"product_cat":[219,191],"product_tag":[],"class_list":{"0":"post-53185","1":"product","2":"type-product","3":"status-publish","4":"has-post-thumbnail","6":"product_cat-dripping-gold-2","7":"product_cat-hud-og-snyrtivorur","9":"first","10":"outofstock","11":"shipping-taxable","12":"purchasable","13":"product-type-simple"},"_links":{"self":[{"href":"https:\/\/ilmoliulampar.is\/en_gb\/wp-json\/wp\/v2\/product\/53185","targetHints":{"allow":["GET"]}}],"collection":[{"href":"https:\/\/ilmoliulampar.is\/en_gb\/wp-json\/wp\/v2\/product"}],"about":[{"href":"https:\/\/ilmoliulampar.is\/en_gb\/wp-json\/wp\/v2\/types\/product"}],"replies":[{"embeddable":true,"href":"https:\/\/ilmoliulampar.is\/en_gb\/wp-json\/wp\/v2\/comments?post=53185"}],"wp:featuredmedia":[{"embeddable":true,"href":"https:\/\/ilmoliulampar.is\/en_gb\/wp-json\/wp\/v2\/media\/44051"}],"wp:attachment":[{"href":"https:\/\/ilmoliulampar.is\/en_gb\/wp-json\/wp\/v2\/media?parent=53185"}],"wp:term":[{"taxonomy":"product_brand","embeddable":true,"href":"https:\/\/ilmoliulampar.is\/en_gb\/wp-json\/wp\/v2\/product_brand?post=53185"},{"taxonomy":"product_cat","embeddable":true,"href":"https:\/\/ilmoliulampar.is\/en_gb\/wp-json\/wp\/v2\/product_cat?post=53185"},{"taxonomy":"product_tag","embeddable":true,"href":"https:\/\/ilmoliulampar.is\/en_gb\/wp-json\/wp\/v2\/product_tag?post=53185"}],"curies":[{"name":"wp","href":"https:\/\/api.w.org\/{rel}","templated":true}]}}