{"id":53191,"date":"2022-05-03T15:09:29","date_gmt":"2022-05-03T15:09:29","guid":{"rendered":"https:\/\/new.ilmoliulampar.is\/product\/eldvarnartaeki-hvitt-2-kg\/"},"modified":"2024-04-13T11:51:44","modified_gmt":"2024-04-13T11:51:44","slug":"eldvarnartaeki-hvitt-2-kg","status":"publish","type":"product","link":"https:\/\/ilmoliulampar.is\/en_gb\/product\/eldvarnartaeki-hvitt-2-kg\/","title":{"rendered":"Eldvarnart\u00e6ki | Hv\u00edtt, 2 kg"},"content":{"rendered":"","protected":false},"excerpt":{"rendered":"<p>St\u00edlhreint duftsl\u00f6kkvit\u00e6ki sem er tilvali\u00f0 fyrir sm\u00e6rri r\u00fdmi!<\/p>\n<p><strong>Brunaflokkur:<\/strong> ABC<br \/>\n<strong>Fyllt me\u00f0:<\/strong> Dufti<br \/>\n<strong>Flokkur:<\/strong> 13A 89B C<br \/>\n<strong>Merking:<\/strong> CE merkt<br \/>\n<strong>\u00deyngdarflokkur:<\/strong> 2 kg<br \/>\n<strong>\u00deyngd:<\/strong> 3,5 kg<br \/>\n<strong>M\u00e1l:<\/strong> 360 mm x 125 mm<br \/>\n<strong>Litur:<\/strong> Hv\u00edtur me\u00f0 hv\u00edtu merki<br \/>\n<strong>Aukab\u00fana\u00f0ur:<\/strong> Veggfesting (innifali\u00f0)<\/p>\n<p>Sl\u00f6kkvit\u00e6ki\u00f0 er me\u00f0 silfur merki me\u00f0 upphleyptri mynd og le\u00f0ur \u00f3l. Veggfesting og lei\u00f0beiningar fylgja.<\/p>\n<p>&nbsp;<\/p>\n<p><em>Vi\u00f0urkenndur \u00fej\u00f3nustut\u00e6knima\u00f0ur getur fyllt \u00e1 sl\u00f6kkvit\u00e6ki\u00f0.<\/em><\/p>\n<p>&nbsp;<\/p>","protected":false},"featured_media":44107,"comment_status":"closed","ping_status":"open","template":"","meta":[],"product_brand":[],"product_cat":[220],"product_tag":[],"class_list":{"0":"post-53191","1":"product","2":"type-product","3":"status-publish","4":"has-post-thumbnail","6":"product_cat-solstickan-designeldvarnarvorur-2","8":"first","9":"instock","10":"shipping-taxable","11":"purchasable","12":"product-type-simple"},"_links":{"self":[{"href":"https:\/\/ilmoliulampar.is\/en_gb\/wp-json\/wp\/v2\/product\/53191","targetHints":{"allow":["GET"]}}],"collection":[{"href":"https:\/\/ilmoliulampar.is\/en_gb\/wp-json\/wp\/v2\/product"}],"about":[{"href":"https:\/\/ilmoliulampar.is\/en_gb\/wp-json\/wp\/v2\/types\/product"}],"replies":[{"embeddable":true,"href":"https:\/\/ilmoliulampar.is\/en_gb\/wp-json\/wp\/v2\/comments?post=53191"}],"wp:featuredmedia":[{"embeddable":true,"href":"https:\/\/ilmoliulampar.is\/en_gb\/wp-json\/wp\/v2\/media\/44107"}],"wp:attachment":[{"href":"https:\/\/ilmoliulampar.is\/en_gb\/wp-json\/wp\/v2\/media?parent=53191"}],"wp:term":[{"taxonomy":"product_brand","embeddable":true,"href":"https:\/\/ilmoliulampar.is\/en_gb\/wp-json\/wp\/v2\/product_brand?post=53191"},{"taxonomy":"product_cat","embeddable":true,"href":"https:\/\/ilmoliulampar.is\/en_gb\/wp-json\/wp\/v2\/product_cat?post=53191"},{"taxonomy":"product_tag","embeddable":true,"href":"https:\/\/ilmoliulampar.is\/en_gb\/wp-json\/wp\/v2\/product_tag?post=53191"}],"curies":[{"name":"wp","href":"https:\/\/api.w.org\/{rel}","templated":true}]}}