{"id":53192,"date":"2022-05-03T15:28:47","date_gmt":"2022-05-03T15:28:47","guid":{"rendered":"https:\/\/new.ilmoliulampar.is\/product\/eldvarnartaeki-svart-2-kg\/"},"modified":"2024-04-13T11:41:54","modified_gmt":"2024-04-13T11:41:54","slug":"eldvarnartaeki-svart-2-kg","status":"publish","type":"product","link":"https:\/\/ilmoliulampar.is\/en_gb\/product\/eldvarnartaeki-svart-2-kg\/","title":{"rendered":"Eldvarnart\u00e6ki | Svart, 2 kg"},"content":{"rendered":"","protected":false},"excerpt":{"rendered":"<p>St\u00edlhreint duftsl\u00f6kkvit\u00e6ki sem er tilvali\u00f0 fyrir sm\u00e6rri r\u00fdmi!<\/p>\n<p>&nbsp;<\/p>\n<p><strong>Brunaflokkur:<\/strong> ABC<br \/>\n<strong>Fyllt me\u00f0:<\/strong> Dufti<br \/>\n<strong>Flokkur:<\/strong> 13A 89B C<br \/>\n<strong>Merking:<\/strong> CE merkt<br \/>\n<strong>\u00deyngdarflokkur:<\/strong> 2 kg<br \/>\n<strong>\u00deyngd:<\/strong> 3,5 kg<br \/>\n<strong>M\u00e1l:<\/strong> 360 mm x 125 mm<br \/>\n<strong>Litur:<\/strong> Svartur me\u00f0 silfur merki<br \/>\n<strong>Aukab\u00fana\u00f0ur:<\/strong> Veggfesting (innifali\u00f0)<\/p>\n<p>Sl\u00f6kkvit\u00e6ki\u00f0 er me\u00f0 silfur merki me\u00f0 upphleyptri mynd og svartri le\u00f0ur \u00f3l. Sv\u00f6rt veggfesting og lei\u00f0beiningar fylgja.<\/p>\n<p>&nbsp;<\/p>\n<p><em>Vi\u00f0urkenndur \u00fej\u00f3nustut\u00e6knima\u00f0ur getur fyllt \u00e1 sl\u00f6kkvit\u00e6ki\u00f0.<\/em><\/p>\n<p>&nbsp;<\/p>\n<p>&nbsp;<\/p>","protected":false},"featured_media":44116,"comment_status":"closed","ping_status":"open","template":"","meta":[],"product_brand":[],"product_cat":[220],"product_tag":[],"class_list":{"0":"post-53192","1":"product","2":"type-product","3":"status-publish","4":"has-post-thumbnail","6":"product_cat-solstickan-designeldvarnarvorur-2","8":"first","9":"instock","10":"shipping-taxable","11":"purchasable","12":"product-type-simple"},"_links":{"self":[{"href":"https:\/\/ilmoliulampar.is\/en_gb\/wp-json\/wp\/v2\/product\/53192","targetHints":{"allow":["GET"]}}],"collection":[{"href":"https:\/\/ilmoliulampar.is\/en_gb\/wp-json\/wp\/v2\/product"}],"about":[{"href":"https:\/\/ilmoliulampar.is\/en_gb\/wp-json\/wp\/v2\/types\/product"}],"replies":[{"embeddable":true,"href":"https:\/\/ilmoliulampar.is\/en_gb\/wp-json\/wp\/v2\/comments?post=53192"}],"wp:featuredmedia":[{"embeddable":true,"href":"https:\/\/ilmoliulampar.is\/en_gb\/wp-json\/wp\/v2\/media\/44116"}],"wp:attachment":[{"href":"https:\/\/ilmoliulampar.is\/en_gb\/wp-json\/wp\/v2\/media?parent=53192"}],"wp:term":[{"taxonomy":"product_brand","embeddable":true,"href":"https:\/\/ilmoliulampar.is\/en_gb\/wp-json\/wp\/v2\/product_brand?post=53192"},{"taxonomy":"product_cat","embeddable":true,"href":"https:\/\/ilmoliulampar.is\/en_gb\/wp-json\/wp\/v2\/product_cat?post=53192"},{"taxonomy":"product_tag","embeddable":true,"href":"https:\/\/ilmoliulampar.is\/en_gb\/wp-json\/wp\/v2\/product_tag?post=53192"}],"curies":[{"name":"wp","href":"https:\/\/api.w.org\/{rel}","templated":true}]}}