{"id":53194,"date":"2022-11-04T16:00:24","date_gmt":"2022-11-04T16:00:24","guid":{"rendered":"https:\/\/new.ilmoliulampar.is\/product\/sjukrakassi-svartur\/"},"modified":"2024-04-19T17:05:38","modified_gmt":"2024-04-19T17:05:38","slug":"sjukrakassi-svartur","status":"publish","type":"product","link":"https:\/\/ilmoliulampar.is\/en_gb\/product\/sjukrakassi-svartur\/","title":{"rendered":"Sj\u00fakrakassi | Svartur"},"content":{"rendered":"","protected":false},"excerpt":{"rendered":"<p>&nbsp;<\/p>\n<p>Fylgstu me\u00f0 og haltu utan um pl\u00e1stra, umb\u00fa\u00f0ir og lyf me\u00f0 traustum umb\u00fa\u00f0aboxinu okkar \u00far dufth\u00fa\u00f0u\u00f0u st\u00e1li. Sj\u00fakrahj\u00e1lparkassinn er me\u00f0 samanbrj\u00f3tanlegu festingu til a\u00f0 au\u00f0velda uppsetningu \u00e1 vegg og h\u00e6gt er a\u00f0 festa hann au\u00f0veldlega af og au\u00f0velt er a\u00f0 taka hann me\u00f0 s\u00e9r \u00ed b\u00edl, b\u00e1t e\u00f0a sumarb\u00fasta\u00f0.<\/p>","protected":false},"featured_media":44134,"comment_status":"closed","ping_status":"open","template":"","meta":[],"product_brand":[],"product_cat":[220],"product_tag":[],"class_list":{"0":"post-53194","1":"product","2":"type-product","3":"status-publish","4":"has-post-thumbnail","6":"product_cat-solstickan-designeldvarnarvorur-2","8":"first","9":"instock","10":"shipping-taxable","11":"purchasable","12":"product-type-simple"},"_links":{"self":[{"href":"https:\/\/ilmoliulampar.is\/en_gb\/wp-json\/wp\/v2\/product\/53194","targetHints":{"allow":["GET"]}}],"collection":[{"href":"https:\/\/ilmoliulampar.is\/en_gb\/wp-json\/wp\/v2\/product"}],"about":[{"href":"https:\/\/ilmoliulampar.is\/en_gb\/wp-json\/wp\/v2\/types\/product"}],"replies":[{"embeddable":true,"href":"https:\/\/ilmoliulampar.is\/en_gb\/wp-json\/wp\/v2\/comments?post=53194"}],"wp:featuredmedia":[{"embeddable":true,"href":"https:\/\/ilmoliulampar.is\/en_gb\/wp-json\/wp\/v2\/media\/44134"}],"wp:attachment":[{"href":"https:\/\/ilmoliulampar.is\/en_gb\/wp-json\/wp\/v2\/media?parent=53194"}],"wp:term":[{"taxonomy":"product_brand","embeddable":true,"href":"https:\/\/ilmoliulampar.is\/en_gb\/wp-json\/wp\/v2\/product_brand?post=53194"},{"taxonomy":"product_cat","embeddable":true,"href":"https:\/\/ilmoliulampar.is\/en_gb\/wp-json\/wp\/v2\/product_cat?post=53194"},{"taxonomy":"product_tag","embeddable":true,"href":"https:\/\/ilmoliulampar.is\/en_gb\/wp-json\/wp\/v2\/product_tag?post=53194"}],"curies":[{"name":"wp","href":"https:\/\/api.w.org\/{rel}","templated":true}]}}