{"id":53196,"date":"2022-05-27T12:51:58","date_gmt":"2022-05-27T12:51:58","guid":{"rendered":"https:\/\/new.ilmoliulampar.is\/product\/hanskin-hyaluron-eye-serum\/"},"modified":"2024-03-05T15:29:56","modified_gmt":"2024-03-05T15:29:56","slug":"hanskin-hyaluron-eye-serum","status":"publish","type":"product","link":"https:\/\/ilmoliulampar.is\/en_gb\/product\/hanskin-hyaluron-eye-serum\/","title":{"rendered":"Hanskin &#8211; Hyaluron Eye Serum"},"content":{"rendered":"","protected":false},"excerpt":{"rendered":"<p id=\"tw-target-text\" class=\"tw-data-text tw-text-large tw-ta\" dir=\"ltr\" data-placeholder=\"Translation\"><span class=\"Y2IQFc\" lang=\"is\">Hanskin&#8217;s Hyaluron Eye Serum er fr\u00e1b\u00e6rt <strong>augnserum<\/strong> k\u00e6lir augnsv\u00e6\u00f0i\u00f0 samstundis, gefur g\u00f3\u00f0an raka og &#8222;fyllir&#8220; \u00ed f\u00ednar l\u00ednur \u00ed kringum augnsv\u00e6\u00f0i\u00f0. \u00dea\u00f0 virkar \u00e6\u00f0islega vel \u00e1 \u00fer\u00fatin og &#8222;syfjuleg&#8220; augu, \u00fear sem \u00ferj\u00e1r m\u00e1lmk\u00falur eru framan \u00e1 t\u00fabunni sem b\u00e6\u00f0a nudda og k\u00e6la sv\u00e6\u00f0i\u00f0 \u00e1 sama t\u00edma!\u00a0<\/span><\/p>\n<p dir=\"ltr\" data-placeholder=\"Translation\">S\u00e9rst\u00f6k form\u00fala me\u00f0 Hyaluronic s\u00fdru sem gefur MIKINN raka og sl\u00e9ttir \u00far augnsv\u00e6\u00f0inu!<\/p>\n<p dir=\"ltr\" data-placeholder=\"Translation\">\n<p dir=\"ltr\" data-placeholder=\"Translation\">25 ml<\/p>\n<p dir=\"ltr\" data-placeholder=\"Translation\">\n<p dir=\"ltr\" data-placeholder=\"Translation\"><strong>Notkunarlei\u00f0beiningar:<\/strong><\/p>\n<ol>\n<li id=\"tw-target-text\" class=\"tw-data-text tw-text-large tw-ta\" dir=\"ltr\" data-placeholder=\"Translation\"><span class=\"Y2IQFc\" lang=\"is\">Kreistu t\u00fapuna varlega og r\u00falla\u00f0u vandlega yfir augnsv\u00e6\u00f0i\u00f0 til a\u00f0 auka bl\u00f3\u00f0fl\u00e6\u00f0\u00f0i \u00e1 augnsv\u00e6\u00f0inu. <\/span><\/li>\n<li class=\"tw-data-text tw-text-large tw-ta\" dir=\"ltr\" data-placeholder=\"Translation\"><span class=\"Y2IQFc\" lang=\"is\">&#8222;D\u00fampa\u00f0u&#8220; yfir augnsv\u00e6\u00f0i\u00f0 mj\u00faklega me\u00f0 fingurg\u00f3munum. <\/span><\/li>\n<li class=\"tw-data-text tw-text-large tw-ta\" dir=\"ltr\" data-placeholder=\"Translation\"><span class=\"Y2IQFc\" lang=\"is\">\u00deurrka\u00f0u yfir m\u00e1lmk\u00falurnar me\u00f0 \u00feurrku eftir notkun og settu loki\u00f0 aftur \u00e1.<\/span><\/li>\n<\/ol>\n<p class=\"tw-data-text tw-text-large tw-ta\" dir=\"ltr\" data-placeholder=\"Translation\">","protected":false},"featured_media":44140,"comment_status":"closed","ping_status":"closed","template":"","meta":[],"product_brand":[],"product_cat":[218,191],"product_tag":[],"class_list":{"0":"post-53196","1":"product","2":"type-product","3":"status-publish","4":"has-post-thumbnail","6":"product_cat-hanskin-2","7":"product_cat-hud-og-snyrtivorur","9":"first","10":"instock","11":"shipping-taxable","12":"purchasable","13":"product-type-simple"},"_links":{"self":[{"href":"https:\/\/ilmoliulampar.is\/en_gb\/wp-json\/wp\/v2\/product\/53196","targetHints":{"allow":["GET"]}}],"collection":[{"href":"https:\/\/ilmoliulampar.is\/en_gb\/wp-json\/wp\/v2\/product"}],"about":[{"href":"https:\/\/ilmoliulampar.is\/en_gb\/wp-json\/wp\/v2\/types\/product"}],"replies":[{"embeddable":true,"href":"https:\/\/ilmoliulampar.is\/en_gb\/wp-json\/wp\/v2\/comments?post=53196"}],"wp:featuredmedia":[{"embeddable":true,"href":"https:\/\/ilmoliulampar.is\/en_gb\/wp-json\/wp\/v2\/media\/44140"}],"wp:attachment":[{"href":"https:\/\/ilmoliulampar.is\/en_gb\/wp-json\/wp\/v2\/media?parent=53196"}],"wp:term":[{"taxonomy":"product_brand","embeddable":true,"href":"https:\/\/ilmoliulampar.is\/en_gb\/wp-json\/wp\/v2\/product_brand?post=53196"},{"taxonomy":"product_cat","embeddable":true,"href":"https:\/\/ilmoliulampar.is\/en_gb\/wp-json\/wp\/v2\/product_cat?post=53196"},{"taxonomy":"product_tag","embeddable":true,"href":"https:\/\/ilmoliulampar.is\/en_gb\/wp-json\/wp\/v2\/product_tag?post=53196"}],"curies":[{"name":"wp","href":"https:\/\/api.w.org\/{rel}","templated":true}]}}