{"id":53198,"date":"2022-06-07T09:48:50","date_gmt":"2022-06-07T09:48:50","guid":{"rendered":"https:\/\/new.ilmoliulampar.is\/product\/servettu-hringir-4-stk\/"},"modified":"2025-11-26T17:53:25","modified_gmt":"2025-11-26T17:53:25","slug":"servettu-hringir-4-stk","status":"publish","type":"product","link":"https:\/\/ilmoliulampar.is\/en_gb\/product\/servettu-hringir-4-stk\/","title":{"rendered":"Serv\u00edettu hringir, 4 stk"},"content":{"rendered":"","protected":false},"excerpt":{"rendered":"<p>D\u00e1samlegir glitrandi s\u00e9rv\u00e9ttu hringir.<\/p>\n<p>4x stk saman \u00ed setti.<\/p>","protected":false},"featured_media":44154,"comment_status":"closed","ping_status":"closed","template":"","meta":[],"product_brand":[],"product_cat":[112,132],"product_tag":[],"class_list":{"0":"post-53198","1":"product","2":"type-product","3":"status-publish","4":"has-post-thumbnail","6":"product_cat-adrar-vorur","7":"product_cat-heimilid-2","9":"first","10":"instock","11":"shipping-taxable","12":"purchasable","13":"product-type-simple"},"_links":{"self":[{"href":"https:\/\/ilmoliulampar.is\/en_gb\/wp-json\/wp\/v2\/product\/53198","targetHints":{"allow":["GET"]}}],"collection":[{"href":"https:\/\/ilmoliulampar.is\/en_gb\/wp-json\/wp\/v2\/product"}],"about":[{"href":"https:\/\/ilmoliulampar.is\/en_gb\/wp-json\/wp\/v2\/types\/product"}],"replies":[{"embeddable":true,"href":"https:\/\/ilmoliulampar.is\/en_gb\/wp-json\/wp\/v2\/comments?post=53198"}],"wp:featuredmedia":[{"embeddable":true,"href":"https:\/\/ilmoliulampar.is\/en_gb\/wp-json\/wp\/v2\/media\/44154"}],"wp:attachment":[{"href":"https:\/\/ilmoliulampar.is\/en_gb\/wp-json\/wp\/v2\/media?parent=53198"}],"wp:term":[{"taxonomy":"product_brand","embeddable":true,"href":"https:\/\/ilmoliulampar.is\/en_gb\/wp-json\/wp\/v2\/product_brand?post=53198"},{"taxonomy":"product_cat","embeddable":true,"href":"https:\/\/ilmoliulampar.is\/en_gb\/wp-json\/wp\/v2\/product_cat?post=53198"},{"taxonomy":"product_tag","embeddable":true,"href":"https:\/\/ilmoliulampar.is\/en_gb\/wp-json\/wp\/v2\/product_tag?post=53198"}],"curies":[{"name":"wp","href":"https:\/\/api.w.org\/{rel}","templated":true}]}}