{"id":53199,"date":"2022-06-12T12:28:52","date_gmt":"2022-06-12T12:28:52","guid":{"rendered":"https:\/\/new.ilmoliulampar.is\/product\/milano-skenkur-svartur-eik-200-cm\/"},"modified":"2025-05-22T13:29:42","modified_gmt":"2025-05-22T13:29:42","slug":"milano-skenkur-svartur-eik-200-cm","status":"publish","type":"product","link":"https:\/\/ilmoliulampar.is\/en_gb\/product\/milano-skenkur-svartur-eik-200-cm\/","title":{"rendered":"Milano skenkur fr\u00e1 KARE &#8211; svartb\u00e6su\u00f0 eik &#8211;  200 cm"},"content":{"rendered":"","protected":false},"excerpt":{"rendered":"<p style=\"text-align: left;\">Milano skenkur fr\u00e1 KARE<br \/>\nGl\u00e6silegur &amp; s\u00e9rlega vanda\u00f0ur \u00far svartb\u00e6sa\u00f0ri eik. Hann er me\u00f0 gylltum topp, Efni sem ekkert m\u00e1l er a\u00f0 \u00feurrka af og halda hreinu, kemur ekki far eftir gl\u00f6s, potta e\u00f0a \u00feessh\u00e1ttar.<\/p>\n<p style=\"text-align: left;\">H\u00e9r er hvert einasta sm\u00e1atri\u00f0i upp \u00e1 10!<\/p>\n<p>\u25aa\ufe0f Breidd: 200 cm<br \/>\n\u25aa\ufe0f D\u00fdpt: 40 cm<br \/>\n\u25aa\ufe0f H\u00e6\u00f0: 55 cm<\/p>","protected":false},"featured_media":44165,"comment_status":"closed","ping_status":"closed","template":"","meta":[],"product_brand":[],"product_cat":[112,132],"product_tag":[],"class_list":{"0":"post-53199","1":"product","2":"type-product","3":"status-publish","4":"has-post-thumbnail","6":"product_cat-adrar-vorur","7":"product_cat-heimilid-2","9":"first","10":"instock","11":"shipping-taxable","12":"purchasable","13":"product-type-simple"},"_links":{"self":[{"href":"https:\/\/ilmoliulampar.is\/en_gb\/wp-json\/wp\/v2\/product\/53199","targetHints":{"allow":["GET"]}}],"collection":[{"href":"https:\/\/ilmoliulampar.is\/en_gb\/wp-json\/wp\/v2\/product"}],"about":[{"href":"https:\/\/ilmoliulampar.is\/en_gb\/wp-json\/wp\/v2\/types\/product"}],"replies":[{"embeddable":true,"href":"https:\/\/ilmoliulampar.is\/en_gb\/wp-json\/wp\/v2\/comments?post=53199"}],"wp:featuredmedia":[{"embeddable":true,"href":"https:\/\/ilmoliulampar.is\/en_gb\/wp-json\/wp\/v2\/media\/44165"}],"wp:attachment":[{"href":"https:\/\/ilmoliulampar.is\/en_gb\/wp-json\/wp\/v2\/media?parent=53199"}],"wp:term":[{"taxonomy":"product_brand","embeddable":true,"href":"https:\/\/ilmoliulampar.is\/en_gb\/wp-json\/wp\/v2\/product_brand?post=53199"},{"taxonomy":"product_cat","embeddable":true,"href":"https:\/\/ilmoliulampar.is\/en_gb\/wp-json\/wp\/v2\/product_cat?post=53199"},{"taxonomy":"product_tag","embeddable":true,"href":"https:\/\/ilmoliulampar.is\/en_gb\/wp-json\/wp\/v2\/product_tag?post=53199"}],"curies":[{"name":"wp","href":"https:\/\/api.w.org\/{rel}","templated":true}]}}