{"id":53200,"date":"2022-06-13T09:53:37","date_gmt":"2022-06-13T09:53:37","guid":{"rendered":"https:\/\/new.ilmoliulampar.is\/product\/hanskin-on-the-go-ferdasett\/"},"modified":"2024-06-24T14:35:15","modified_gmt":"2024-06-24T14:35:15","slug":"hanskin-on-the-go-ferdasett","status":"publish","type":"product","link":"https:\/\/ilmoliulampar.is\/en_gb\/product\/hanskin-on-the-go-ferdasett\/","title":{"rendered":"Hanskin &#8211; On the go, fer\u00f0asett"},"content":{"rendered":"","protected":false},"excerpt":{"rendered":"<p>D\u00e1samlegt &#8222;fer\u00f0a-sett&#8220; fr\u00e1 Hanskin!<\/p>\n<p>Inniheldur 2x andlitshreinsi, rakagefandi t\u00f3nerinn &amp; rakagefandi krem! &#8230;. Setti\u00f0 er fullkomi\u00f0 til a\u00f0 halda h\u00fa\u00f0inni \u00feinni hreinni, \u00ed jafnv\u00e6gi og s\u00faper mj\u00fakri me\u00f0an \u00fe\u00fa fer\u00f0ast!<\/p>","protected":false},"featured_media":44178,"comment_status":"closed","ping_status":"closed","template":"","meta":[],"product_brand":[],"product_cat":[218,191],"product_tag":[],"class_list":{"0":"post-53200","1":"product","2":"type-product","3":"status-publish","4":"has-post-thumbnail","6":"product_cat-hanskin-2","7":"product_cat-hud-og-snyrtivorur","9":"first","10":"instock","11":"shipping-taxable","12":"purchasable","13":"product-type-simple"},"_links":{"self":[{"href":"https:\/\/ilmoliulampar.is\/en_gb\/wp-json\/wp\/v2\/product\/53200","targetHints":{"allow":["GET"]}}],"collection":[{"href":"https:\/\/ilmoliulampar.is\/en_gb\/wp-json\/wp\/v2\/product"}],"about":[{"href":"https:\/\/ilmoliulampar.is\/en_gb\/wp-json\/wp\/v2\/types\/product"}],"replies":[{"embeddable":true,"href":"https:\/\/ilmoliulampar.is\/en_gb\/wp-json\/wp\/v2\/comments?post=53200"}],"wp:featuredmedia":[{"embeddable":true,"href":"https:\/\/ilmoliulampar.is\/en_gb\/wp-json\/wp\/v2\/media\/44178"}],"wp:attachment":[{"href":"https:\/\/ilmoliulampar.is\/en_gb\/wp-json\/wp\/v2\/media?parent=53200"}],"wp:term":[{"taxonomy":"product_brand","embeddable":true,"href":"https:\/\/ilmoliulampar.is\/en_gb\/wp-json\/wp\/v2\/product_brand?post=53200"},{"taxonomy":"product_cat","embeddable":true,"href":"https:\/\/ilmoliulampar.is\/en_gb\/wp-json\/wp\/v2\/product_cat?post=53200"},{"taxonomy":"product_tag","embeddable":true,"href":"https:\/\/ilmoliulampar.is\/en_gb\/wp-json\/wp\/v2\/product_tag?post=53200"}],"curies":[{"name":"wp","href":"https:\/\/api.w.org\/{rel}","templated":true}]}}