{"id":53203,"date":"2020-06-15T15:58:50","date_gmt":"2020-06-15T15:58:50","guid":{"rendered":"https:\/\/new.ilmoliulampar.is\/product\/dripping-gold-wonder-water-an-ilms-medium-dark\/"},"modified":"2026-02-03T15:50:46","modified_gmt":"2026-02-03T15:50:46","slug":"dripping-gold-wonder-water-an-ilms-medium-dark","status":"publish","type":"product","link":"https:\/\/ilmoliulampar.is\/en_gb\/product\/dripping-gold-wonder-water-an-ilms-medium-dark\/","title":{"rendered":"Dripping Gold &#8211; Wonder Water \u00e1n ilms | Medium\/Dark"},"content":{"rendered":"","protected":false},"excerpt":{"rendered":"<div id=\"st-vorulysing_0-0\" class=\"station-tabs-content is-active\" role=\"tabpanel\" aria-labelledby=\"st-link-vorulysing_0-0\" aria-hidden=\"false\">\n<div class=\"station-tabs-content-inner\">\n<p class=\"p1\">Br\u00fankuvatn fyrir <strong>andlit og l\u00edkama<\/strong>! Spreyji\u00f0 gefur n\u00e1tt\u00farulegan og fallegan lit me\u00f0 lj\u00f3ma. \u00a0<span class=\"s1\"><i>Virkar eins og filter fyrir andliti\u00f0!\u00a0<\/i><\/span><\/p>\n<p class=\"p1\"><i>Spreyi\u00f0 st\u00edflar ekki h\u00fa\u00f0ina e\u00f0a veldur b\u00f3lum! 100% safe fyrir acne prone h\u00fa\u00f0.\u00a0<\/i><\/p>\n<p class=\"p1\"><strong>\u00a0Vi\u00f0 m\u00e6lum me\u00f0 a\u00f0 taka <a href=\"https:\/\/ilmoliulampar.is\/en_gb\/vara\/dripping-gold-kabuki-brush\/\" target=\"_blank\" rel=\"noopener\">kabuki<\/a> burstann l\u00edka til a\u00f0 f\u00e1 l\u00fdtalausa \u00fatkomu!<\/strong><\/p>\n<p class=\"p2\"><span class=\"s1\"><i>R\u00c1\u00d0 \u2013 Besti \u00e1rangurinn n\u00e6st ef spreyi\u00f0 er sett fyrir svefninn.<\/i><\/span><\/p>\n<p class=\"p2\">\u00a0N\u00e1tt\u00farulegur litur<br \/>\nSt\u00edflar ekki h\u00fa\u00f0holur<br \/>\nJafnar h\u00fa\u00f0lit<\/p>\n<p class=\"p2\"><b>Varan er:\u00a0<\/b><br \/>\n<span class=\"s3\">\u2714<\/span>\u00a0Cruelty Free<br \/>\n<span class=\"s3\">\u2714<\/span>\u00a0Paraben Free<br \/>\n<span class=\"s3\">\u2714<\/span>\u00a0Vegan Friendly<\/p>\n<p class=\"p2\">St\u00e6r\u00f0: 100ml<\/p>\n<p class=\"p1\"><strong>Light-Medium gefur n\u00e1tt\u00farulegan lit me\u00f0 fallegum lj\u00f3ma<br \/>\n<\/strong><strong>Medium-Dark gefur fallegan dj\u00fapan lit me\u00f0 gylltum t\u00f3n.<\/strong><\/p>\n<\/div>\n<\/div>\n<p>&nbsp;<\/p>","protected":false},"featured_media":44203,"comment_status":"closed","ping_status":"closed","template":"","meta":[],"product_brand":[],"product_cat":[219,191],"product_tag":[],"class_list":{"0":"post-53203","1":"product","2":"type-product","3":"status-publish","4":"has-post-thumbnail","6":"product_cat-dripping-gold-2","7":"product_cat-hud-og-snyrtivorur","9":"first","10":"outofstock","11":"shipping-taxable","12":"purchasable","13":"product-type-simple"},"_links":{"self":[{"href":"https:\/\/ilmoliulampar.is\/en_gb\/wp-json\/wp\/v2\/product\/53203","targetHints":{"allow":["GET"]}}],"collection":[{"href":"https:\/\/ilmoliulampar.is\/en_gb\/wp-json\/wp\/v2\/product"}],"about":[{"href":"https:\/\/ilmoliulampar.is\/en_gb\/wp-json\/wp\/v2\/types\/product"}],"replies":[{"embeddable":true,"href":"https:\/\/ilmoliulampar.is\/en_gb\/wp-json\/wp\/v2\/comments?post=53203"}],"wp:featuredmedia":[{"embeddable":true,"href":"https:\/\/ilmoliulampar.is\/en_gb\/wp-json\/wp\/v2\/media\/44203"}],"wp:attachment":[{"href":"https:\/\/ilmoliulampar.is\/en_gb\/wp-json\/wp\/v2\/media?parent=53203"}],"wp:term":[{"taxonomy":"product_brand","embeddable":true,"href":"https:\/\/ilmoliulampar.is\/en_gb\/wp-json\/wp\/v2\/product_brand?post=53203"},{"taxonomy":"product_cat","embeddable":true,"href":"https:\/\/ilmoliulampar.is\/en_gb\/wp-json\/wp\/v2\/product_cat?post=53203"},{"taxonomy":"product_tag","embeddable":true,"href":"https:\/\/ilmoliulampar.is\/en_gb\/wp-json\/wp\/v2\/product_tag?post=53203"}],"curies":[{"name":"wp","href":"https:\/\/api.w.org\/{rel}","templated":true}]}}