{"id":53208,"date":"2022-06-21T15:31:28","date_gmt":"2022-06-21T15:31:28","guid":{"rendered":"https:\/\/new.ilmoliulampar.is\/product\/ginger-lime-yankee-type-ilmolia\/"},"modified":"2025-10-31T14:35:57","modified_gmt":"2025-10-31T14:35:57","slug":"ginger-lime-yankee-type-ilmolia","status":"publish","type":"product","link":"https:\/\/ilmoliulampar.is\/en_gb\/product\/ginger-lime-yankee-type-ilmolia\/","title":{"rendered":"GINGER &#038; LIME &#8211; YANKEE TYPE"},"content":{"rendered":"","protected":false},"excerpt":{"rendered":"<p>Ferskt &amp; safar\u00edkt lime \u00ed bland vi\u00f0 engifer&#8230; \u00f3tr\u00falega fr\u00edskandi og uppl\u00edfgandi ilmur!<br \/>\n\u00deessi er algj\u00f6rt &#8222;m\u00f6st&#8220; \u00ed ilmol\u00edusafni\u00f0!<br \/>\n10 ml glas.<\/p>\n<p>(ATH um er a\u00f0 r\u00e6\u00f0a ilmol\u00edu, myndin er a\u00f0eins notu\u00f0 til \u00feess a\u00f0 l\u00fdsa ilminum sem \u00e1tt er vi\u00f0)<\/p>","protected":false},"featured_media":44228,"comment_status":"closed","ping_status":"closed","template":"","meta":[],"product_brand":[],"product_cat":[195,209,108],"product_tag":[],"class_list":{"0":"post-53208","1":"product","2":"type-product","3":"status-publish","4":"has-post-thumbnail","6":"product_cat-ilmoliur-oliur","7":"product_cat-nyjar-oliur-oliur","8":"product_cat-oliur","10":"first","11":"instock","12":"shipping-taxable","13":"purchasable","14":"product-type-simple"},"_links":{"self":[{"href":"https:\/\/ilmoliulampar.is\/en_gb\/wp-json\/wp\/v2\/product\/53208","targetHints":{"allow":["GET"]}}],"collection":[{"href":"https:\/\/ilmoliulampar.is\/en_gb\/wp-json\/wp\/v2\/product"}],"about":[{"href":"https:\/\/ilmoliulampar.is\/en_gb\/wp-json\/wp\/v2\/types\/product"}],"replies":[{"embeddable":true,"href":"https:\/\/ilmoliulampar.is\/en_gb\/wp-json\/wp\/v2\/comments?post=53208"}],"wp:featuredmedia":[{"embeddable":true,"href":"https:\/\/ilmoliulampar.is\/en_gb\/wp-json\/wp\/v2\/media\/44228"}],"wp:attachment":[{"href":"https:\/\/ilmoliulampar.is\/en_gb\/wp-json\/wp\/v2\/media?parent=53208"}],"wp:term":[{"taxonomy":"product_brand","embeddable":true,"href":"https:\/\/ilmoliulampar.is\/en_gb\/wp-json\/wp\/v2\/product_brand?post=53208"},{"taxonomy":"product_cat","embeddable":true,"href":"https:\/\/ilmoliulampar.is\/en_gb\/wp-json\/wp\/v2\/product_cat?post=53208"},{"taxonomy":"product_tag","embeddable":true,"href":"https:\/\/ilmoliulampar.is\/en_gb\/wp-json\/wp\/v2\/product_tag?post=53208"}],"curies":[{"name":"wp","href":"https:\/\/api.w.org\/{rel}","templated":true}]}}