{"id":53213,"date":"2022-06-27T16:14:15","date_gmt":"2022-06-27T16:14:15","guid":{"rendered":"https:\/\/new.ilmoliulampar.is\/product\/bless-my-lusmy-faela\/"},"modified":"2026-02-10T12:19:17","modified_gmt":"2026-02-10T12:19:17","slug":"bless-my-lusmy-faela","status":"publish","type":"product","link":"https:\/\/ilmoliulampar.is\/en_gb\/product\/bless-my-lusmy-faela\/","title":{"rendered":"Bless M\u00fd | L\u00fasm\u00fd f\u00e6la"},"content":{"rendered":"","protected":false},"excerpt":{"rendered":"<p><em><strong>Bless M\u00fd<\/strong><\/em> er <strong><em>s\u00e9rbl\u00f6ndu\u00f0<\/em><\/strong> ol\u00eda, s\u00e9rstaklega til \u00feess a\u00f0 F\u00c6LA \u00ed burtu L\u00daSM\u00dd, <em><strong>Bless M\u00fd<\/strong><\/em> er ger\u00f0 \u00far 5 hreinum ilmkjarnaol\u00edum: <strong>LAVENDER, LEMONGRASS, LEMON, CITRONELLA &amp; EUCALYPTUS! \u00a0<\/strong>En \u00fea\u00f0 eru akk\u00farat \u00fe\u00e6r ol\u00edur sem L\u00fasm\u00fd-i\u00f0 \u00feolir ekki, en margar ranns\u00f3knir hafa s\u00fdnt fram \u00e1 \u00fea\u00f0 a\u00f0 L\u00fasm\u00fd og anna\u00f0 m\u00fd heldur sig fr\u00e1 st\u00f6\u00f0um \u00fear sem \u00feessar ol\u00edur eru \u00e1!<\/p>\n<p>Vi\u00f0 l\u00e9tum \u00fear af lei\u00f0andi \u00fatb\u00faa <strong>Bless M\u00fd <\/strong>ol\u00eduna s\u00e9rstaklega til \u00feess a\u00f0 F\u00c6LA BURT l\u00fasm\u00fd-i\u00f0 sem hefur veri\u00f0 a\u00f0 gera okkur l\u00edfi\u00f0 leitt s\u00ed\u00f0ustu sumur!<\/p>\n<p>&nbsp;<\/p>\n<p>&nbsp;<\/p>\n<p>&nbsp;<\/p>","protected":false},"featured_media":44243,"comment_status":"closed","ping_status":"closed","template":"","meta":[],"product_brand":[],"product_cat":[224,108],"product_tag":[],"class_list":{"0":"post-53213","1":"product","2":"type-product","3":"status-publish","4":"has-post-thumbnail","6":"product_cat-ilmkjarnaoliur-oliur","7":"product_cat-oliur","9":"first","10":"instock","11":"shipping-taxable","12":"purchasable","13":"product-type-simple"},"_links":{"self":[{"href":"https:\/\/ilmoliulampar.is\/en_gb\/wp-json\/wp\/v2\/product\/53213","targetHints":{"allow":["GET"]}}],"collection":[{"href":"https:\/\/ilmoliulampar.is\/en_gb\/wp-json\/wp\/v2\/product"}],"about":[{"href":"https:\/\/ilmoliulampar.is\/en_gb\/wp-json\/wp\/v2\/types\/product"}],"replies":[{"embeddable":true,"href":"https:\/\/ilmoliulampar.is\/en_gb\/wp-json\/wp\/v2\/comments?post=53213"}],"wp:featuredmedia":[{"embeddable":true,"href":"https:\/\/ilmoliulampar.is\/en_gb\/wp-json\/wp\/v2\/media\/44243"}],"wp:attachment":[{"href":"https:\/\/ilmoliulampar.is\/en_gb\/wp-json\/wp\/v2\/media?parent=53213"}],"wp:term":[{"taxonomy":"product_brand","embeddable":true,"href":"https:\/\/ilmoliulampar.is\/en_gb\/wp-json\/wp\/v2\/product_brand?post=53213"},{"taxonomy":"product_cat","embeddable":true,"href":"https:\/\/ilmoliulampar.is\/en_gb\/wp-json\/wp\/v2\/product_cat?post=53213"},{"taxonomy":"product_tag","embeddable":true,"href":"https:\/\/ilmoliulampar.is\/en_gb\/wp-json\/wp\/v2\/product_tag?post=53213"}],"curies":[{"name":"wp","href":"https:\/\/api.w.org\/{rel}","templated":true}]}}