{"id":53214,"date":"2020-07-01T13:12:43","date_gmt":"2020-07-01T13:12:43","guid":{"rendered":"https:\/\/new.ilmoliulampar.is\/product\/dripping-gold-medium-dark\/"},"modified":"2026-02-03T15:51:38","modified_gmt":"2026-02-03T15:51:38","slug":"dripping-gold-medium-dark","status":"publish","type":"product","link":"https:\/\/ilmoliulampar.is\/en_gb\/product\/dripping-gold-medium-dark\/","title":{"rendered":"Dripping Gold &#8211; Gradual Tan | Medium Dark"},"content":{"rendered":"","protected":false},"excerpt":{"rendered":"<div style=\"text-align: left;\">\n<p class=\"p1\">\u00d3tr\u00falega l\u00e9tt krem sem fer au\u00f0veldlega inn \u00ed h\u00fa\u00f0ina og gefur h\u00fa\u00f0inni mikinn raka! Kremi\u00f0 er \u00ed litnum <strong><em>medium-dark<\/em> <\/strong>og er fr\u00e1b\u00e6rt fyrir byrjendur og til \u00feess a\u00f0 nota daglega yfir \u00fe\u00edna br\u00fanku til \u00feess a\u00f0 halda henni ferskri lengur. Kremi\u00f0 hj\u00e1lpar til vi\u00f0 a\u00f0 jafna \u00fat h\u00fa\u00f0litinn og er \u00f6ruggt \u00e1 vi\u00f0kv\u00e6ma h\u00fa\u00f0.<\/p>\n<ul class=\"ul1\">\n<li class=\"li1\">Lyktarlaust (Fragrance Free)<\/li>\n<li class=\"li1\">Fr\u00e1b\u00e6rt til a\u00f0 byggja upp lit<\/li>\n<li class=\"li1\">Pr\u00f3fa\u00f0 og sam\u00feykkt af h\u00fa\u00f0l\u00e6knum<\/li>\n<li class=\"li1\">Jafnar \u00fat h\u00fa\u00f0lit<\/li>\n<li class=\"li1\">\u00d6ruggt \u00e1 vi\u00f0kv\u00e6ma h\u00fa\u00f0<\/li>\n<li class=\"li1\">Hentar til daglegrar notkunar<\/li>\n<\/ul>\n<p class=\"p2\">200ml<\/p>\n<\/div>\n<div style=\"text-align: left;\"><\/div>","protected":false},"featured_media":44246,"comment_status":"closed","ping_status":"closed","template":"","meta":[],"product_brand":[],"product_cat":[219,191],"product_tag":[],"class_list":{"0":"post-53214","1":"product","2":"type-product","3":"status-publish","4":"has-post-thumbnail","6":"product_cat-dripping-gold-2","7":"product_cat-hud-og-snyrtivorur","9":"first","10":"outofstock","11":"shipping-taxable","12":"purchasable","13":"product-type-simple"},"_links":{"self":[{"href":"https:\/\/ilmoliulampar.is\/en_gb\/wp-json\/wp\/v2\/product\/53214","targetHints":{"allow":["GET"]}}],"collection":[{"href":"https:\/\/ilmoliulampar.is\/en_gb\/wp-json\/wp\/v2\/product"}],"about":[{"href":"https:\/\/ilmoliulampar.is\/en_gb\/wp-json\/wp\/v2\/types\/product"}],"replies":[{"embeddable":true,"href":"https:\/\/ilmoliulampar.is\/en_gb\/wp-json\/wp\/v2\/comments?post=53214"}],"wp:featuredmedia":[{"embeddable":true,"href":"https:\/\/ilmoliulampar.is\/en_gb\/wp-json\/wp\/v2\/media\/44246"}],"wp:attachment":[{"href":"https:\/\/ilmoliulampar.is\/en_gb\/wp-json\/wp\/v2\/media?parent=53214"}],"wp:term":[{"taxonomy":"product_brand","embeddable":true,"href":"https:\/\/ilmoliulampar.is\/en_gb\/wp-json\/wp\/v2\/product_brand?post=53214"},{"taxonomy":"product_cat","embeddable":true,"href":"https:\/\/ilmoliulampar.is\/en_gb\/wp-json\/wp\/v2\/product_cat?post=53214"},{"taxonomy":"product_tag","embeddable":true,"href":"https:\/\/ilmoliulampar.is\/en_gb\/wp-json\/wp\/v2\/product_tag?post=53214"}],"curies":[{"name":"wp","href":"https:\/\/api.w.org\/{rel}","templated":true}]}}