{"id":53218,"date":"2022-07-07T15:01:42","date_gmt":"2022-07-07T15:01:42","guid":{"rendered":"https:\/\/new.ilmoliulampar.is\/product\/holy-shit-led-pera-tvilit\/"},"modified":"2026-01-30T14:59:11","modified_gmt":"2026-01-30T14:59:11","slug":"holy-shit-led-pera-tvilit","status":"publish","type":"product","link":"https:\/\/ilmoliulampar.is\/en_gb\/product\/holy-shit-led-pera-tvilit\/","title":{"rendered":"HOLY SHIT &#8211; LED PERA"},"content":{"rendered":"","protected":false},"excerpt":{"rendered":"<p>Holy Shit &#8211; \u00a0LED lj\u00f3sapera,<em> Bl\u00e1ir\/bleikir stafir, gl\u00e6rt gler<\/em><\/p>\n<p>S\u00e9rstaklega vanda\u00f0ar, \u00a0franskar,handger\u00f0ar LED lj\u00f3saperur fr\u00e1 \u00feeim s\u00f6mu og f\u00e6r\u00f0u okkur \u201efr\u00f6nsku lj\u00f3sin\u201c!<\/p>\n<p>Um er a\u00f0 r\u00e6\u00f0a handger\u00f0ar, dimmanlegar perur.<\/p>\n<p>St\u00e6r\u00f0: 172mm x 125 mm<\/p>","protected":false},"featured_media":44282,"comment_status":"closed","ping_status":"closed","template":"","meta":[],"product_brand":[],"product_cat":[150],"product_tag":[],"class_list":{"0":"post-53218","1":"product","2":"type-product","3":"status-publish","4":"has-post-thumbnail","6":"product_cat-skilabod-i-peru-og-lampar","8":"first","9":"outofstock","10":"shipping-taxable","11":"purchasable","12":"product-type-simple"},"_links":{"self":[{"href":"https:\/\/ilmoliulampar.is\/en_gb\/wp-json\/wp\/v2\/product\/53218","targetHints":{"allow":["GET"]}}],"collection":[{"href":"https:\/\/ilmoliulampar.is\/en_gb\/wp-json\/wp\/v2\/product"}],"about":[{"href":"https:\/\/ilmoliulampar.is\/en_gb\/wp-json\/wp\/v2\/types\/product"}],"replies":[{"embeddable":true,"href":"https:\/\/ilmoliulampar.is\/en_gb\/wp-json\/wp\/v2\/comments?post=53218"}],"wp:featuredmedia":[{"embeddable":true,"href":"https:\/\/ilmoliulampar.is\/en_gb\/wp-json\/wp\/v2\/media\/44282"}],"wp:attachment":[{"href":"https:\/\/ilmoliulampar.is\/en_gb\/wp-json\/wp\/v2\/media?parent=53218"}],"wp:term":[{"taxonomy":"product_brand","embeddable":true,"href":"https:\/\/ilmoliulampar.is\/en_gb\/wp-json\/wp\/v2\/product_brand?post=53218"},{"taxonomy":"product_cat","embeddable":true,"href":"https:\/\/ilmoliulampar.is\/en_gb\/wp-json\/wp\/v2\/product_cat?post=53218"},{"taxonomy":"product_tag","embeddable":true,"href":"https:\/\/ilmoliulampar.is\/en_gb\/wp-json\/wp\/v2\/product_tag?post=53218"}],"curies":[{"name":"wp","href":"https:\/\/api.w.org\/{rel}","templated":true}]}}