{"id":53232,"date":"2022-07-20T09:14:42","date_gmt":"2022-07-20T09:14:42","guid":{"rendered":"https:\/\/new.ilmoliulampar.is\/product\/rove-ilmgjafi\/"},"modified":"2026-03-11T19:14:53","modified_gmt":"2026-03-11T19:14:53","slug":"rove-ilmgjafi","status":"publish","type":"product","link":"https:\/\/ilmoliulampar.is\/en_gb\/product\/rove-ilmgjafi\/","title":{"rendered":"ROVE &#8211; \u00fer\u00e1\u00f0laus ilmgjafi, \u00e1n vatns"},"content":{"rendered":"","protected":false},"excerpt":{"rendered":"<p style=\"text-align: left;\">Rove ilmgjafinn er \u00f6\u00f0ruv\u00edsi en a\u00f0rir ilmol\u00edulampar hj\u00e1 okkur! En hann notast ekki vi\u00f0 vatn! Heldur er ilmol\u00eduglasinu komi\u00f0 fyrir \u00ed loki t\u00e6kisins og gefur kr\u00f6ftugan ilm beint \u00far ol\u00edu glasinu!<\/p>\n<p>Rove getur notast vi\u00f0 lang flestar ol\u00edur, e\u00f0a gl\u00f6s sem eru 5 &#8211; 10 &amp; 15 ml a\u00f0 st\u00e6r\u00f0, en honum fylgir einnig t\u00f3mt ol\u00edu-glas! \u00a0( allar okkar ol\u00edur henta fullkomlega \u00ed Rove)<\/p>\n<p>&nbsp;<\/p>\n<p>Rove er \u00fer\u00e1\u00f0laus, endurhla\u00f0anlegur og getur veri\u00f0 \u00ed allt a\u00f0 30 klst \u00ed gangi \u00ed senn. Honum fylgir hle\u00f0slusn\u00fara.<\/p>\n<p>&nbsp;<\/p>\n<p>Stillingar m\u00f6guleikarnir eru margir \u00e1 Rove, h\u00e6gt a\u00f0 stilla t\u00edma \u00e1 ilmgjafanum, semsagt hva\u00f0 hann gefur ilm lengi \u00ed einu! \u00a0Einfaldar stillingar og ekkert m\u00e1l a\u00f0 l\u00e6ra \u00e1 \u00fe\u00e6r!<\/p>\n<p>&nbsp;<\/p>\n<p><em>St\u00e6r\u00f0: 12 cm x 6.9 cm<\/em><\/p>\n<p>&nbsp;<\/p>\n<p>&nbsp;<\/p>\n<p>&nbsp;<\/p>","protected":false},"featured_media":44354,"comment_status":"closed","ping_status":"closed","template":"","meta":[],"product_brand":[],"product_cat":[182,107],"product_tag":[],"class_list":{"0":"post-53232","1":"product","2":"type-product","3":"status-publish","4":"has-post-thumbnail","6":"product_cat-ilmoliulampar","7":"product_cat-lampar","9":"first","10":"instock","11":"shipping-taxable","12":"purchasable","13":"product-type-simple"},"_links":{"self":[{"href":"https:\/\/ilmoliulampar.is\/en_gb\/wp-json\/wp\/v2\/product\/53232","targetHints":{"allow":["GET"]}}],"collection":[{"href":"https:\/\/ilmoliulampar.is\/en_gb\/wp-json\/wp\/v2\/product"}],"about":[{"href":"https:\/\/ilmoliulampar.is\/en_gb\/wp-json\/wp\/v2\/types\/product"}],"replies":[{"embeddable":true,"href":"https:\/\/ilmoliulampar.is\/en_gb\/wp-json\/wp\/v2\/comments?post=53232"}],"wp:featuredmedia":[{"embeddable":true,"href":"https:\/\/ilmoliulampar.is\/en_gb\/wp-json\/wp\/v2\/media\/44354"}],"wp:attachment":[{"href":"https:\/\/ilmoliulampar.is\/en_gb\/wp-json\/wp\/v2\/media?parent=53232"}],"wp:term":[{"taxonomy":"product_brand","embeddable":true,"href":"https:\/\/ilmoliulampar.is\/en_gb\/wp-json\/wp\/v2\/product_brand?post=53232"},{"taxonomy":"product_cat","embeddable":true,"href":"https:\/\/ilmoliulampar.is\/en_gb\/wp-json\/wp\/v2\/product_cat?post=53232"},{"taxonomy":"product_tag","embeddable":true,"href":"https:\/\/ilmoliulampar.is\/en_gb\/wp-json\/wp\/v2\/product_tag?post=53232"}],"curies":[{"name":"wp","href":"https:\/\/api.w.org\/{rel}","templated":true}]}}