{"id":53235,"date":"2022-07-23T13:03:32","date_gmt":"2022-07-23T13:03:32","guid":{"rendered":"https:\/\/new.ilmoliulampar.is\/product\/bedtime-bath\/"},"modified":"2026-03-11T13:48:43","modified_gmt":"2026-03-11T13:48:43","slug":"bedtime-bath","status":"publish","type":"product","link":"https:\/\/ilmoliulampar.is\/en_gb\/product\/bedtime-bath\/","title":{"rendered":"BEDTIME BATH"},"content":{"rendered":"","protected":false},"excerpt":{"rendered":"<p>D\u00e1smlega mj\u00fakur &amp; g\u00f3\u00f0ur ilmur&#8230;..<\/p>\n<p>Liljur, Jasm\u00edn &amp; r\u00f3sabl\u00f6\u00f0 umvafin s\u00e6tum apr\u00edk\u00f3sum \u00ed bland vi\u00f0 amber, musk &amp; mj\u00faka mj\u00f3lkurt\u00f3na!<\/p>\n<p>&nbsp;<\/p>\n<p>&nbsp;<\/p>\n<p>&nbsp;<\/p>\n<p>&nbsp;<\/p>\n<p><em>( ATH \u00a0&#8211; Um er a\u00f0 r\u00e6\u00f0a ilmol\u00edu, myndin er a\u00f0eins notu\u00f0 til \u00feess a\u00f0 l\u00fdsa ilminum sem \u00e1tt er vi\u00f0)<\/em><\/p>","protected":false},"featured_media":44387,"comment_status":"closed","ping_status":"closed","template":"","meta":[],"product_brand":[],"product_cat":[195,209,108],"product_tag":[],"class_list":{"0":"post-53235","1":"product","2":"type-product","3":"status-publish","4":"has-post-thumbnail","6":"product_cat-ilmoliur-oliur","7":"product_cat-nyjar-oliur-oliur","8":"product_cat-oliur","10":"first","11":"instock","12":"shipping-taxable","13":"purchasable","14":"product-type-simple"},"_links":{"self":[{"href":"https:\/\/ilmoliulampar.is\/en_gb\/wp-json\/wp\/v2\/product\/53235","targetHints":{"allow":["GET"]}}],"collection":[{"href":"https:\/\/ilmoliulampar.is\/en_gb\/wp-json\/wp\/v2\/product"}],"about":[{"href":"https:\/\/ilmoliulampar.is\/en_gb\/wp-json\/wp\/v2\/types\/product"}],"replies":[{"embeddable":true,"href":"https:\/\/ilmoliulampar.is\/en_gb\/wp-json\/wp\/v2\/comments?post=53235"}],"wp:featuredmedia":[{"embeddable":true,"href":"https:\/\/ilmoliulampar.is\/en_gb\/wp-json\/wp\/v2\/media\/44387"}],"wp:attachment":[{"href":"https:\/\/ilmoliulampar.is\/en_gb\/wp-json\/wp\/v2\/media?parent=53235"}],"wp:term":[{"taxonomy":"product_brand","embeddable":true,"href":"https:\/\/ilmoliulampar.is\/en_gb\/wp-json\/wp\/v2\/product_brand?post=53235"},{"taxonomy":"product_cat","embeddable":true,"href":"https:\/\/ilmoliulampar.is\/en_gb\/wp-json\/wp\/v2\/product_cat?post=53235"},{"taxonomy":"product_tag","embeddable":true,"href":"https:\/\/ilmoliulampar.is\/en_gb\/wp-json\/wp\/v2\/product_tag?post=53235"}],"curies":[{"name":"wp","href":"https:\/\/api.w.org\/{rel}","templated":true}]}}