{"id":53239,"date":"2022-07-26T12:50:10","date_gmt":"2022-07-26T12:50:10","guid":{"rendered":"https:\/\/new.ilmoliulampar.is\/product\/berry-tangerine-yankee-type\/"},"modified":"2026-03-11T13:48:08","modified_gmt":"2026-03-11T13:48:08","slug":"berry-tangerine-yankee-type","status":"publish","type":"product","link":"https:\/\/ilmoliulampar.is\/en_gb\/product\/berry-tangerine-yankee-type\/","title":{"rendered":"BERRY TANGERINE &#8211; YANKEE TYPE"},"content":{"rendered":"","protected":false},"excerpt":{"rendered":"<p>Berry Tangerine, Yankee type <strong>ilmol\u00eda<\/strong><\/p>\n<p>D\u00e1samleg &amp; sumarleg blanda af s\u00e6tum berjum, mandar\u00ednum, tr\u00f6nuberjum &amp; fersku engifer!<br \/>\n10 ml glas.<\/p>\n<p>&nbsp;<\/p>\n<p>(Ath &#8211; um er a\u00f0 r\u00e6\u00f0a ilmol\u00edu, myndin er a\u00f0eins notu\u00f0 til a\u00f0 l\u00fdsa ilminum sem vi\u00f0 er \u00e1tt)<\/p>","protected":false},"featured_media":44405,"comment_status":"closed","ping_status":"closed","template":"","meta":[],"product_brand":[],"product_cat":[195,209,108],"product_tag":[],"class_list":{"0":"post-53239","1":"product","2":"type-product","3":"status-publish","4":"has-post-thumbnail","6":"product_cat-ilmoliur-oliur","7":"product_cat-nyjar-oliur-oliur","8":"product_cat-oliur","10":"first","11":"instock","12":"shipping-taxable","13":"purchasable","14":"product-type-simple"},"_links":{"self":[{"href":"https:\/\/ilmoliulampar.is\/en_gb\/wp-json\/wp\/v2\/product\/53239","targetHints":{"allow":["GET"]}}],"collection":[{"href":"https:\/\/ilmoliulampar.is\/en_gb\/wp-json\/wp\/v2\/product"}],"about":[{"href":"https:\/\/ilmoliulampar.is\/en_gb\/wp-json\/wp\/v2\/types\/product"}],"replies":[{"embeddable":true,"href":"https:\/\/ilmoliulampar.is\/en_gb\/wp-json\/wp\/v2\/comments?post=53239"}],"wp:featuredmedia":[{"embeddable":true,"href":"https:\/\/ilmoliulampar.is\/en_gb\/wp-json\/wp\/v2\/media\/44405"}],"wp:attachment":[{"href":"https:\/\/ilmoliulampar.is\/en_gb\/wp-json\/wp\/v2\/media?parent=53239"}],"wp:term":[{"taxonomy":"product_brand","embeddable":true,"href":"https:\/\/ilmoliulampar.is\/en_gb\/wp-json\/wp\/v2\/product_brand?post=53239"},{"taxonomy":"product_cat","embeddable":true,"href":"https:\/\/ilmoliulampar.is\/en_gb\/wp-json\/wp\/v2\/product_cat?post=53239"},{"taxonomy":"product_tag","embeddable":true,"href":"https:\/\/ilmoliulampar.is\/en_gb\/wp-json\/wp\/v2\/product_tag?post=53239"}],"curies":[{"name":"wp","href":"https:\/\/api.w.org\/{rel}","templated":true}]}}