{"id":53240,"date":"2022-07-26T16:43:14","date_gmt":"2022-07-26T16:43:14","guid":{"rendered":"https:\/\/new.ilmoliulampar.is\/product\/balsam-berry\/"},"modified":"2025-10-31T17:16:51","modified_gmt":"2025-10-31T17:16:51","slug":"balsam-berry","status":"publish","type":"product","link":"https:\/\/ilmoliulampar.is\/en_gb\/product\/balsam-berry\/","title":{"rendered":"BALSAM &#038; BERRY"},"content":{"rendered":"","protected":false},"excerpt":{"rendered":"<p>Balsam &amp; Berries ilmol\u00eda<\/p>\n<p>Dass af s\u00edtrus \u00ed bland vi\u00f0 furun\u00e1lar fr\u00e1 S\u00edber\u00edu, mj\u00faka vi\u00f0art\u00f3na og sykru\u00f0 ber&#8230;. \u00e1samt \u00f6rl\u00edti\u00f0 af Amber &amp; vanillu!<\/p>","protected":false},"featured_media":44408,"comment_status":"closed","ping_status":"closed","template":"","meta":[],"product_brand":[],"product_cat":[195,197,108],"product_tag":[],"class_list":{"0":"post-53240","1":"product","2":"type-product","3":"status-publish","4":"has-post-thumbnail","6":"product_cat-ilmoliur-oliur","7":"product_cat-jolaoliur-oliur","8":"product_cat-oliur","10":"first","11":"instock","12":"shipping-taxable","13":"purchasable","14":"product-type-simple"},"_links":{"self":[{"href":"https:\/\/ilmoliulampar.is\/en_gb\/wp-json\/wp\/v2\/product\/53240","targetHints":{"allow":["GET"]}}],"collection":[{"href":"https:\/\/ilmoliulampar.is\/en_gb\/wp-json\/wp\/v2\/product"}],"about":[{"href":"https:\/\/ilmoliulampar.is\/en_gb\/wp-json\/wp\/v2\/types\/product"}],"replies":[{"embeddable":true,"href":"https:\/\/ilmoliulampar.is\/en_gb\/wp-json\/wp\/v2\/comments?post=53240"}],"wp:featuredmedia":[{"embeddable":true,"href":"https:\/\/ilmoliulampar.is\/en_gb\/wp-json\/wp\/v2\/media\/44408"}],"wp:attachment":[{"href":"https:\/\/ilmoliulampar.is\/en_gb\/wp-json\/wp\/v2\/media?parent=53240"}],"wp:term":[{"taxonomy":"product_brand","embeddable":true,"href":"https:\/\/ilmoliulampar.is\/en_gb\/wp-json\/wp\/v2\/product_brand?post=53240"},{"taxonomy":"product_cat","embeddable":true,"href":"https:\/\/ilmoliulampar.is\/en_gb\/wp-json\/wp\/v2\/product_cat?post=53240"},{"taxonomy":"product_tag","embeddable":true,"href":"https:\/\/ilmoliulampar.is\/en_gb\/wp-json\/wp\/v2\/product_tag?post=53240"}],"curies":[{"name":"wp","href":"https:\/\/api.w.org\/{rel}","templated":true}]}}