{"id":53243,"date":"2022-09-13T13:56:28","date_gmt":"2022-09-13T13:56:28","guid":{"rendered":"https:\/\/new.ilmoliulampar.is\/product\/revitalash-advanced-sensitive-20ml\/"},"modified":"2026-02-03T15:20:24","modified_gmt":"2026-02-03T15:20:24","slug":"revitalash-advanced-sensitive-20ml","status":"publish","type":"product","link":"https:\/\/ilmoliulampar.is\/en_gb\/product\/revitalash-advanced-sensitive-20ml\/","title":{"rendered":"Revitalash &#8211; Advanced Augnh\u00e1raserum Sensitive 2.0 ml"},"content":{"rendered":"","protected":false},"excerpt":{"rendered":"<p><strong>Revitalash Advanced Sensitive<\/strong><\/p>\n<p>Um er a\u00f0 r\u00e6\u00f0a byltingarkennda form\u00falu sem h\u00f6nnu\u00f0 er af augnl\u00e6knum s\u00e9rstaklega fyrir \u00fe\u00e1 sem eru vi\u00f0kv\u00e6mir \u00ed augum e\u00f0a \u00e1 augnsv\u00e6\u00f0i. Serumi\u00f0 er hanna\u00f0 til a\u00f0 stu\u00f0la a\u00f0 heilbrig\u00f0u og fallegu \u00fatliti augnh\u00e1ra me\u00f0 innbygg\u00f0ri t\u00edmalosunart\u00e6kni sem er varf\u00e6rin\/mild fyrir vi\u00f0kv\u00e6m augu. \u00d6flug pept\u00ed\u00f0 og grasaefni (botanicals) vernda augnh\u00e1rin og koma \u00ed veg fyrir a\u00f0 \u00feau brotni e\u00f0a slitni auk \u00feess sem \u00feau stu\u00f0la a\u00f0 sveigjanleika, fallegu og gl\u00e6silegu \u00fatliti \u00feeirra.<\/p>\n<p><strong>Innihaldsefni:\u00a0<\/strong>Revitasome t\u00e6knin er a\u00f0 stofni \u00far pl\u00f6ntum (plant-based) liposomal innhj\u00fapu\u00f0u afhendingarkerfi til a\u00f0 a\u00f0sto\u00f0a vi\u00f0 st\u00f6\u00f0ugleika h\u00e6g losandi hr\u00e1efnis til augnh\u00e1ranna.<\/p>\n<p>Myristoyl Pentapeptide-17: er \u00f6flugt fimm am\u00edn\u00f3s\u00fdrur pept\u00ed\u00f0 og andoxunarefni sem b\u00e6tir \u00fatlit augnh\u00e1ra og verndar \u00feau gegn brotum og st\u00edfleika.<\/p>\n<p>Hr\u00edsgrj\u00f3napr\u00f3tein hj\u00e1lpar til vi\u00f0 a\u00f0 auka sveigjanleika og glans.<\/p>\n<p>Aloe vera er grasaefni sem hefur \u00feau \u00e1hrif a\u00f0 koma \u00ed veg fyrir \u00f6ldrun auk \u00feess sem \u00fea\u00f0 veitir r\u00f3andi og n\u00e6randi \u00e1hrif.<\/p>\n<p>Am\u00edn\u00f3s\u00fdrur hj\u00e1lpa til vi\u00f0 a\u00f0 vi\u00f0halda raka augnh\u00e1ranna, styrkja \u00feau og b\u00e6ta heilsu \u00feeirra yfir h\u00f6fu\u00f0.<\/p>\n<p><strong>Notkun:\u00a0<\/strong>undirb\u00fai\u00f0 augnh\u00e1rin me\u00f0 \u00fev\u00ed a\u00f0 fjarl\u00e6gja allan far\u00f0a, ol\u00edur og a\u00f0rar leifar me\u00f0 far\u00f0ahreinsi, m\u00e6lst er me\u00f0 a\u00f0 nota Micellar Water Lash Wash.<\/p>\n<p>Fyrsta skref: noti\u00f0 RevitaLash\u00ae Advanced Sensitive Eyelash Conditioner serumi\u00f0 einu sinni \u00e1 dag, setji\u00f0 \u00feunnt lag beint \u00e1 augnh\u00e1rin fyrir ofan augnh\u00e1ral\u00ednuna.<\/p>\n<p>Anna\u00f0 skref: leyfi\u00f0 v\u00f6runni a\u00f0 \u00feorna alveg \u00e1\u00f0ur en a\u00f0rar v\u00f6rur eru nota\u00f0ar. Varan er ekki skolu\u00f0 af heldur l\u00e1tin liggja \u00ed. M\u00e6lst er me\u00f0 \u00fev\u00ed a\u00f0 nota serumi\u00f0 a\u00f0 kv\u00f6ldi til svo \u00fea\u00f0 f\u00e1i a\u00f0 liggja yfir n\u00f3ttina.<\/p>","protected":false},"featured_media":44421,"comment_status":"closed","ping_status":"closed","template":"","meta":[],"product_brand":[],"product_cat":[191,216],"product_tag":[],"class_list":{"0":"post-53243","1":"product","2":"type-product","3":"status-publish","4":"has-post-thumbnail","6":"product_cat-hud-og-snyrtivorur","7":"product_cat-revitalash-2","9":"first","10":"instock","11":"shipping-taxable","12":"purchasable","13":"product-type-simple"},"_links":{"self":[{"href":"https:\/\/ilmoliulampar.is\/en_gb\/wp-json\/wp\/v2\/product\/53243","targetHints":{"allow":["GET"]}}],"collection":[{"href":"https:\/\/ilmoliulampar.is\/en_gb\/wp-json\/wp\/v2\/product"}],"about":[{"href":"https:\/\/ilmoliulampar.is\/en_gb\/wp-json\/wp\/v2\/types\/product"}],"replies":[{"embeddable":true,"href":"https:\/\/ilmoliulampar.is\/en_gb\/wp-json\/wp\/v2\/comments?post=53243"}],"wp:featuredmedia":[{"embeddable":true,"href":"https:\/\/ilmoliulampar.is\/en_gb\/wp-json\/wp\/v2\/media\/44421"}],"wp:attachment":[{"href":"https:\/\/ilmoliulampar.is\/en_gb\/wp-json\/wp\/v2\/media?parent=53243"}],"wp:term":[{"taxonomy":"product_brand","embeddable":true,"href":"https:\/\/ilmoliulampar.is\/en_gb\/wp-json\/wp\/v2\/product_brand?post=53243"},{"taxonomy":"product_cat","embeddable":true,"href":"https:\/\/ilmoliulampar.is\/en_gb\/wp-json\/wp\/v2\/product_cat?post=53243"},{"taxonomy":"product_tag","embeddable":true,"href":"https:\/\/ilmoliulampar.is\/en_gb\/wp-json\/wp\/v2\/product_tag?post=53243"}],"curies":[{"name":"wp","href":"https:\/\/api.w.org\/{rel}","templated":true}]}}