{"id":53244,"date":"2022-09-13T14:41:14","date_gmt":"2022-09-13T14:41:14","guid":{"rendered":"https:\/\/new.ilmoliulampar.is\/product\/micellar-water-lash-wash\/"},"modified":"2026-02-03T15:18:40","modified_gmt":"2026-02-03T15:18:40","slug":"micellar-water-lash-wash","status":"publish","type":"product","link":"https:\/\/ilmoliulampar.is\/en_gb\/product\/micellar-water-lash-wash\/","title":{"rendered":"Revitalash &#8211; Micellar Water Lash Wash"},"content":{"rendered":"","protected":false},"excerpt":{"rendered":"<p><strong>Micellar Water lash wash:<\/strong> Hl\u00fa\u00f0u a\u00f0 augnh\u00e1rum, augum og lokum sem aldrei fyrr me\u00f0 Micellar Water Lash Wash. \u00deessi 3 in 1 hreinsir, hreinsar og fjarl\u00e6gir far\u00f0a \u00e1 mildann og \u00e1hrifar\u00edkann h\u00e1tt \u00e1 me\u00f0an hann n\u00e6rir og gefur h\u00fa\u00f0inni raka sem skilur eftir ferska, hreina tilfinningu sem er laus vi\u00f0 leifar. Hreinsar og fjarl\u00e6gir far\u00f0a, n\u00e6rir og veitir raka \u00e1 me\u00f0an hann undirb\u00fdr augnh\u00e1r og augabr\u00fanir fyrir RevitaLash\u00ae Advanced og RevitaBrow\u00ae Advanced. Undirb\u00fdr einnig augnsv\u00e6\u00f0i\u00f0 fyrir h\u00fa\u00f0v\u00f6rur og f\u00f6r\u00f0un.<\/p>\n<p><strong>Innihaldsefni:<\/strong> Micelle T\u00e6kni: Einstakar micelle-ur draga \u00fat \u00f3hreinindi \u00ed h\u00fa\u00f0inni og fjarl\u00e6gja \u00feau auk far\u00f0a og l\u00f3ar \u00e1n \u00feess a\u00f0 skilja eftir sig filmu e\u00f0a leifar.<\/p>\n<p>Panthenol: N\u00e1tt\u00farulegt rakaefni sem gefur raka og styrkir augnh\u00e1r og augabr\u00fanir.<\/p>\n<p>Aloe &amp; Chamomile: Grasaefni gegn \u00f6ldrun sem veitir h\u00fa\u00f0inni raka og r\u00f3ar hana.<\/p>\n<p>Undirb\u00fdr augnh\u00e1r og augnbr\u00fanir fyrir RevitaLash\u00ae Advanced og RevitaBrow\u00ae Advanced.<\/p>\n<p>Undirb\u00fdr augnsv\u00e6\u00f0i fyrir f\u00f6r\u00f0un.<\/p>\n<p><strong>Notkun: \u00a0<\/strong>fyrsta skref: spreyi\u00f0 4-6 pumpum \u00ed b\u00f3mullarp\u00fa\u00f0a. \u00c1bending: Ef \u00fe\u00fa notar augnh\u00e1ralengingar skaltu ekki nota me\u00f0 b\u00f3mullarp\u00fa\u00f0a. Spreyja\u00f0u \u00ed sta\u00f0inn nokkrum d\u00e6lum beint \u00e1 loka\u00f0 auga\u00f0, nudda\u00f0u v\u00f6runni l\u00e9tt me\u00f0fram augnh\u00e1rum, augabr\u00fanum og augnlokum og \u00feurrka\u00f0u \u00fea\u00f0 varlega.<\/p>\n<p>Anna\u00f0 skref: \u00ddti\u00f0 b\u00f3mullarp\u00fa\u00f0anum varlega \u00e1 loku\u00f0u augun \u00ed 10-15 sek\u00fandur til a\u00f0 losa um far\u00f0ann.<\/p>\n<p>\u00deri\u00f0ja skref: \u00deurrki\u00f0 augnsv\u00e6\u00f0i\u00f0 og endurtaki\u00f0 eftir \u00fe\u00f6rfum \u00fear til a\u00f0 \u00f3hreinindi og far\u00f0i hafa horfi\u00f0 af augnh\u00e1rum, augabr\u00fanum, augnlokum og augnh\u00e1ral\u00ednum. Engin \u00fe\u00f6rf \u00e1 a\u00f0 skola.<\/p>","protected":false},"featured_media":44426,"comment_status":"closed","ping_status":"closed","template":"","meta":[],"product_brand":[],"product_cat":[191,216],"product_tag":[],"class_list":{"0":"post-53244","1":"product","2":"type-product","3":"status-publish","4":"has-post-thumbnail","6":"product_cat-hud-og-snyrtivorur","7":"product_cat-revitalash-2","9":"first","10":"instock","11":"shipping-taxable","12":"purchasable","13":"product-type-simple"},"_links":{"self":[{"href":"https:\/\/ilmoliulampar.is\/en_gb\/wp-json\/wp\/v2\/product\/53244","targetHints":{"allow":["GET"]}}],"collection":[{"href":"https:\/\/ilmoliulampar.is\/en_gb\/wp-json\/wp\/v2\/product"}],"about":[{"href":"https:\/\/ilmoliulampar.is\/en_gb\/wp-json\/wp\/v2\/types\/product"}],"replies":[{"embeddable":true,"href":"https:\/\/ilmoliulampar.is\/en_gb\/wp-json\/wp\/v2\/comments?post=53244"}],"wp:featuredmedia":[{"embeddable":true,"href":"https:\/\/ilmoliulampar.is\/en_gb\/wp-json\/wp\/v2\/media\/44426"}],"wp:attachment":[{"href":"https:\/\/ilmoliulampar.is\/en_gb\/wp-json\/wp\/v2\/media?parent=53244"}],"wp:term":[{"taxonomy":"product_brand","embeddable":true,"href":"https:\/\/ilmoliulampar.is\/en_gb\/wp-json\/wp\/v2\/product_brand?post=53244"},{"taxonomy":"product_cat","embeddable":true,"href":"https:\/\/ilmoliulampar.is\/en_gb\/wp-json\/wp\/v2\/product_cat?post=53244"},{"taxonomy":"product_tag","embeddable":true,"href":"https:\/\/ilmoliulampar.is\/en_gb\/wp-json\/wp\/v2\/product_tag?post=53244"}],"curies":[{"name":"wp","href":"https:\/\/api.w.org\/{rel}","templated":true}]}}