{"id":53245,"date":"2022-09-13T14:48:03","date_gmt":"2022-09-13T14:48:03","guid":{"rendered":"https:\/\/new.ilmoliulampar.is\/product\/lash-brow-masque\/"},"modified":"2026-02-04T11:02:54","modified_gmt":"2026-02-04T11:02:54","slug":"lash-brow-masque","status":"publish","type":"product","link":"https:\/\/ilmoliulampar.is\/en_gb\/product\/lash-brow-masque\/","title":{"rendered":"Revitalash &#8211; Lash &#038; Brow Masque"},"content":{"rendered":"","protected":false},"excerpt":{"rendered":"<p>Brautry\u00f0jandi og byltingarkenndur augabr\u00fana og augnh\u00e1ramaski sem hanna\u00f0ur er til \u00feess a\u00f0 b\u00e6ta \u00fatlit og \u00e1\u00fereifanleika augnh\u00e1ra og augabr\u00fana. Maskinn inniheldur virk og n\u00e6ringarr\u00edk innihaldsefni sem stu\u00f0la a\u00f0 heilbrig\u00f0u og glansandi \u00fatliti auk sveigjanlegri og m\u00fdkri \u00e1fer\u00f0ar. \u00de\u00e1 hentar form\u00falan einstaklega vel augnh\u00e1rum og augabr\u00fanum sem hafa or\u00f0i\u00f0 fyrir\u00a0skemmdum af v\u00f6ldum snyrtivara og\/e\u00f0a me\u00f0fer\u00f0a.<\/p>\n<p><strong>Innihaldsefni \u00a0<\/strong>maskans eru me\u00f0al annars \u00fer\u00edfl\u00f3rusamst\u00e6\u00f0a (Tri-flora-complex) (Ginseng + Gleditsia + hv\u00edtnettla) sem stu\u00f0lar a\u00f0 endurheimt styrks, n\u00e1tt\u00farulegs glans og l\u00edfleika.<\/p>\n<p>Trehal\u00f3sa er l\u00e9tt rakagj\u00f6f sem lagar rakastig og gerir h\u00e1ri\u00f0 minna vi\u00f0kv\u00e6mt fyrir broti.<\/p>\n<p>B\u00ed\u00f3t\u00edn: Sty\u00f0ur vi\u00f0 heilbrig\u00f0i augnh\u00e1ra og augabr\u00fana me\u00f0 \u00fev\u00ed a\u00f0 n\u00e6ra og styrkja.<\/p>\n<p>E-v\u00edtam\u00edn: Veitir \u00f6flugan andoxunar\u00e1vinning.<\/p>\n<p><strong>Notkun: \u00a0<\/strong><\/p>\n<p>Fyrsta skref: noti\u00f0 maskann tvisvar \u00ed viku. Maskinn er settur \u00e1 hreinar, \u00feurrar augabr\u00fanir og augnh\u00e1r me\u00f0 burstanum \u00fear til g\u00f3\u00f0ri \u00feekju hefur veri\u00f0 n\u00e1\u00f0. Maskinn er l\u00e1tinn liggja \u00e1 \u00ed 15 m\u00edn\u00fatur e\u00f0a \u00fear til hann hefur \u00feorna\u00f0.<\/p>\n<p>Anna\u00f0 skref: skoli\u00f0 maskann af me\u00f0 heitu vatni \u00fear til a\u00f0 hann byrjar a\u00f0 losna fr\u00e1 h\u00e1runum.<\/p>\n<p>\u00deri\u00f0ja skref: noti\u00f0 grei\u00f0una til a\u00f0 fjarl\u00e6gja maskann varlega af augabr\u00fanum og augnh\u00e1rum. Endurtaki\u00f0 \u00fear til maskinn er farinn af.<\/p>\n<p>Vi\u00f0 m\u00e6lum me\u00f0 bakter\u00edudrepandi s\u00e1pu og heitu vatni til a\u00f0 \u00fer\u00edfa grei\u00f0una. Leyfi\u00f0 grei\u00f0unni a\u00f0 \u00feorna. Ekki er m\u00e6lst me\u00f0 a\u00f0 nota spritt, alk\u00f3hol e\u00f0a samskonar s\u00f3tthreinsa til a\u00f0 hreinsa.<\/p>","protected":false},"featured_media":44433,"comment_status":"closed","ping_status":"closed","template":"","meta":[],"product_brand":[],"product_cat":[191,146,216,113],"product_tag":[],"class_list":{"0":"post-53245","1":"product","2":"type-product","3":"status-publish","4":"has-post-thumbnail","6":"product_cat-hud-og-snyrtivorur","7":"product_cat-revitalash","8":"product_cat-revitalash-2","9":"product_cat-utsala","11":"first","12":"instock","13":"sale","14":"shipping-taxable","15":"purchasable","16":"product-type-simple"},"_links":{"self":[{"href":"https:\/\/ilmoliulampar.is\/en_gb\/wp-json\/wp\/v2\/product\/53245","targetHints":{"allow":["GET"]}}],"collection":[{"href":"https:\/\/ilmoliulampar.is\/en_gb\/wp-json\/wp\/v2\/product"}],"about":[{"href":"https:\/\/ilmoliulampar.is\/en_gb\/wp-json\/wp\/v2\/types\/product"}],"replies":[{"embeddable":true,"href":"https:\/\/ilmoliulampar.is\/en_gb\/wp-json\/wp\/v2\/comments?post=53245"}],"wp:featuredmedia":[{"embeddable":true,"href":"https:\/\/ilmoliulampar.is\/en_gb\/wp-json\/wp\/v2\/media\/44433"}],"wp:attachment":[{"href":"https:\/\/ilmoliulampar.is\/en_gb\/wp-json\/wp\/v2\/media?parent=53245"}],"wp:term":[{"taxonomy":"product_brand","embeddable":true,"href":"https:\/\/ilmoliulampar.is\/en_gb\/wp-json\/wp\/v2\/product_brand?post=53245"},{"taxonomy":"product_cat","embeddable":true,"href":"https:\/\/ilmoliulampar.is\/en_gb\/wp-json\/wp\/v2\/product_cat?post=53245"},{"taxonomy":"product_tag","embeddable":true,"href":"https:\/\/ilmoliulampar.is\/en_gb\/wp-json\/wp\/v2\/product_tag?post=53245"}],"curies":[{"name":"wp","href":"https:\/\/api.w.org\/{rel}","templated":true}]}}