{"id":53246,"date":"2022-09-14T17:00:45","date_gmt":"2022-09-14T17:00:45","guid":{"rendered":"https:\/\/new.ilmoliulampar.is\/product\/eco-by-sonya-serum-of-plenty\/"},"modified":"2026-03-31T18:06:20","modified_gmt":"2026-03-31T18:06:20","slug":"eco-by-sonya-serum-of-plenty","status":"publish","type":"product","link":"https:\/\/ilmoliulampar.is\/en_gb\/product\/eco-by-sonya-serum-of-plenty\/","title":{"rendered":"Eco by Sonya &#8211; Serum Of Plenty"},"content":{"rendered":"","protected":false},"excerpt":{"rendered":"<p>V\u00f6ndu\u00f0 vara fr\u00e1 Eco By Sonya &#8211; Serum Of Plenty<\/p>\n<p>N\u00e1tt\u00farulegt Serum sem l\u00e6tur h\u00fa\u00f0 \u00fe\u00edna lj\u00f3ma, \u00fea\u00f0 inniheldur miki\u00f0 magn af C-V\u00edtam\u00edni.<\/p>\n<p>Var s\u00e9r\u00fer\u00f3a\u00f0 til a\u00f0 vinna gegn \u00f6ldrun h\u00fa\u00f0arinnar, litabreytingum og f\u00ednum l\u00ednum \u00fea\u00f0 dregur \u00far ro\u00f0a, l\u00fdsir h\u00fa\u00f0ina og \u00f6rvar kollagenframlei\u00f0slu.<\/p>\n<p>A\u00f0al Innihaldsefni:<\/p>\n<ul>\n<li>C-V\u00edtam\u00edn (15%) eitt af upp\u00e1halds innihaldsefnum h\u00fa\u00f0sj\u00fakd\u00f3mafr\u00e6\u00f0inga enda er \u00fea\u00f0 v\u00edsindalega sanna\u00f0 a\u00f0 \u00fea\u00f0 vinnur gegn hrukkum, b\u00f3lum og d\u00f6kkum blettum.<\/li>\n<li>L\u00edfr\u00e6n Baldursbr\u00e1 (Daisy) jafnar \u00fat h\u00fa\u00f0ina og h\u00fa\u00f0lit og hj\u00e1lpar h\u00fa\u00f0frumunum a\u00f0 halda h\u00fa\u00f0inni heilbrig\u00f0ri.<\/li>\n<li>H\u00fdal\u00farons\u00fdra hj\u00e1lpar h\u00fa\u00f0frumunum \u00fe\u00ednum a\u00f0 drekka \u00ed sig og vi\u00f0halda raka, \u00fe\u00e9ttleika og teygjanleika og helbrig\u00f0i h\u00fa\u00f0ar.<\/li>\n<\/ul>\n<p>100% N\u00e1tt\u00farulegt | 100% L\u00edfr\u00e6nt | 100% Vegan<\/p>\n<p>&nbsp;<\/p>\n<p>&nbsp;<\/p>","protected":false},"featured_media":61872,"comment_status":"closed","ping_status":"closed","template":"","meta":[],"product_brand":[],"product_cat":[129,191],"product_tag":[],"class_list":{"0":"post-53246","1":"product","2":"type-product","3":"status-publish","4":"has-post-thumbnail","6":"product_cat-eco-by-sonya","7":"product_cat-hud-og-snyrtivorur","9":"first","10":"instock","11":"shipping-taxable","12":"purchasable","13":"product-type-simple"},"_links":{"self":[{"href":"https:\/\/ilmoliulampar.is\/en_gb\/wp-json\/wp\/v2\/product\/53246","targetHints":{"allow":["GET"]}}],"collection":[{"href":"https:\/\/ilmoliulampar.is\/en_gb\/wp-json\/wp\/v2\/product"}],"about":[{"href":"https:\/\/ilmoliulampar.is\/en_gb\/wp-json\/wp\/v2\/types\/product"}],"replies":[{"embeddable":true,"href":"https:\/\/ilmoliulampar.is\/en_gb\/wp-json\/wp\/v2\/comments?post=53246"}],"wp:featuredmedia":[{"embeddable":true,"href":"https:\/\/ilmoliulampar.is\/en_gb\/wp-json\/wp\/v2\/media\/61872"}],"wp:attachment":[{"href":"https:\/\/ilmoliulampar.is\/en_gb\/wp-json\/wp\/v2\/media?parent=53246"}],"wp:term":[{"taxonomy":"product_brand","embeddable":true,"href":"https:\/\/ilmoliulampar.is\/en_gb\/wp-json\/wp\/v2\/product_brand?post=53246"},{"taxonomy":"product_cat","embeddable":true,"href":"https:\/\/ilmoliulampar.is\/en_gb\/wp-json\/wp\/v2\/product_cat?post=53246"},{"taxonomy":"product_tag","embeddable":true,"href":"https:\/\/ilmoliulampar.is\/en_gb\/wp-json\/wp\/v2\/product_tag?post=53246"}],"curies":[{"name":"wp","href":"https:\/\/api.w.org\/{rel}","templated":true}]}}