{"id":53247,"date":"2022-09-15T11:50:23","date_gmt":"2022-09-15T11:50:23","guid":{"rendered":"https:\/\/new.ilmoliulampar.is\/product\/eco-by-sonya-eye-compost\/"},"modified":"2026-02-02T13:12:05","modified_gmt":"2026-02-02T13:12:05","slug":"eco-by-sonya-eye-compost","status":"publish","type":"product","link":"https:\/\/ilmoliulampar.is\/en_gb\/product\/eco-by-sonya-eye-compost\/","title":{"rendered":"Eco by Sonya &#8211; Eye Compost (Augnkrem)"},"content":{"rendered":"","protected":false},"excerpt":{"rendered":"<p><span class=\"Y2IQFc\" lang=\"is\">\u00deetta augnkrem gerir kraftaverk fyrir augnsv\u00e6\u00f0i\u00f0. Ekki a\u00f0eins er augnsv\u00e6\u00f0i\u00f0 mj\u00f6g vi\u00f0kv\u00e6mt, \u00fea\u00f0 er l\u00edka einn af fyrstu st\u00f6\u00f0um sem s\u00fdna \u00f6ldrunareinkenni. <\/span><\/p>\n<p><span class=\"Y2IQFc\" lang=\"is\">Hvert innihaldsefni er vandlega vali\u00f0 til a\u00f0 auka kollagenframlei\u00f0slu, berjast gegn hrukkum og birta h\u00fa\u00f0ina. \u00dea\u00f0 hefur alla virka \u00fe\u00e6tti serums en er eins og mj\u00fakt krem. <\/span><\/p>\n<p><span class=\"Y2IQFc\" lang=\"is\">Kynntu \u00fe\u00e9r stj\u00f6rnuhr\u00e1efnin \u00ed \u00feessu fr\u00e1b\u00e6ra augnkremi: <\/span><\/p>\n<ul>\n<li><span class=\"Y2IQFc\" lang=\"is\">Bakuchiol er eins og n\u00e1tt\u00farulegt ret\u00edn\u00f3l og hj\u00e1lpar til vi\u00f0 a\u00f0 koma \u00ed veg fyrir f\u00ednar l\u00ednur og hrukkur, auk \u00feess a\u00f0 b\u00e6ta m\u00fdkt og stinnleika. <\/span><\/li>\n<li><span class=\"Y2IQFc\" lang=\"is\">Apr\u00edk\u00f3suol\u00eda er st\u00fatfull af A, C og E v\u00edtam\u00ednum til a\u00f0 vi\u00f0halda lj\u00f3ma og m\u00fdkt. \u00dea\u00f0 styrkir h\u00fa\u00f0ina og verndar frumur gegn ska\u00f0legum sindurefnum. <\/span><\/li>\n<li><span class=\"Y2IQFc\" lang=\"is\">Kakadu Pl\u00f3ma er st\u00fatfull af C-v\u00edtam\u00edni til a\u00f0 vernda h\u00fa\u00f0ina gegn ska\u00f0legum sindurefnum og \u00e1hrifum \u00feeirra \u00e1 h\u00fa\u00f0ina.<\/span><\/li>\n<\/ul>\n<p>100% N\u00e1tt\u00farulegt | 100% L\u00edfr\u00e6nt | 100% Vegan<\/p>","protected":false},"featured_media":44447,"comment_status":"closed","ping_status":"closed","template":"","meta":[],"product_brand":[],"product_cat":[129,191],"product_tag":[],"class_list":{"0":"post-53247","1":"product","2":"type-product","3":"status-publish","4":"has-post-thumbnail","6":"product_cat-eco-by-sonya","7":"product_cat-hud-og-snyrtivorur","9":"first","10":"outofstock","11":"shipping-taxable","12":"purchasable","13":"product-type-simple"},"_links":{"self":[{"href":"https:\/\/ilmoliulampar.is\/en_gb\/wp-json\/wp\/v2\/product\/53247","targetHints":{"allow":["GET"]}}],"collection":[{"href":"https:\/\/ilmoliulampar.is\/en_gb\/wp-json\/wp\/v2\/product"}],"about":[{"href":"https:\/\/ilmoliulampar.is\/en_gb\/wp-json\/wp\/v2\/types\/product"}],"replies":[{"embeddable":true,"href":"https:\/\/ilmoliulampar.is\/en_gb\/wp-json\/wp\/v2\/comments?post=53247"}],"wp:featuredmedia":[{"embeddable":true,"href":"https:\/\/ilmoliulampar.is\/en_gb\/wp-json\/wp\/v2\/media\/44447"}],"wp:attachment":[{"href":"https:\/\/ilmoliulampar.is\/en_gb\/wp-json\/wp\/v2\/media?parent=53247"}],"wp:term":[{"taxonomy":"product_brand","embeddable":true,"href":"https:\/\/ilmoliulampar.is\/en_gb\/wp-json\/wp\/v2\/product_brand?post=53247"},{"taxonomy":"product_cat","embeddable":true,"href":"https:\/\/ilmoliulampar.is\/en_gb\/wp-json\/wp\/v2\/product_cat?post=53247"},{"taxonomy":"product_tag","embeddable":true,"href":"https:\/\/ilmoliulampar.is\/en_gb\/wp-json\/wp\/v2\/product_tag?post=53247"}],"curies":[{"name":"wp","href":"https:\/\/api.w.org\/{rel}","templated":true}]}}