{"id":53249,"date":"2022-09-15T14:50:14","date_gmt":"2022-09-15T14:50:14","guid":{"rendered":"https:\/\/new.ilmoliulampar.is\/product\/eco-by-sonya-citronella-outdoor-spray\/"},"modified":"2026-02-18T17:17:45","modified_gmt":"2026-02-18T17:17:45","slug":"eco-by-sonya-citronella-outdoor-spray","status":"publish","type":"product","link":"https:\/\/ilmoliulampar.is\/en_gb\/product\/eco-by-sonya-citronella-outdoor-spray\/","title":{"rendered":"Eco by Sonya &#8211; Citronella Outdoor Spray"},"content":{"rendered":"","protected":false},"excerpt":{"rendered":"<p><span class=\"Y2IQFc\" lang=\"is\">Citronella spreyi\u00f0 okkar er d\u00e1samlegt \u00fea\u00f0 i<\/span>nniheldur l\u00edfr\u00e6na samsetningu af s\u00edtr\u00f3nu, tr\u00f6llatr\u00e9, s\u00edtr\u00f3nellu, basiliku ol\u00edu, s\u00edtr\u00f3nugrasi og sedrusvi\u00f0i.<\/p>\n<p><span class=\"Y2IQFc\" lang=\"is\">Fr\u00edskandi l\u00edkams- og herbergissprey, sem hefur bakter\u00edudrepandi eiginleika og innihaldsefni sem hj\u00e1lpa til vi\u00f0 a\u00f0 n\u00e6ra h\u00fa\u00f0ina og gefa henni raka. <\/span><\/p>\n<p><span class=\"Y2IQFc\" lang=\"is\">\u00dea\u00f0 er laust vi\u00f0 kem\u00edsk og gervi efni. \u00deess \u00ed sta\u00f0 er \u00fea\u00f0 a\u00f0eins b\u00fai\u00f0 til me\u00f0 vottu\u00f0um l\u00edfr\u00e6num og n\u00e1tt\u00farulegum hr\u00e1efnum.<\/span><\/p>\n<p>Getur nota\u00f0 spreyi\u00f0 \u00e1 heimilinu, b\u00edlnum og \u00a0l\u00edkamsr\u00e6kt, Mj\u00f6g sni\u00f0ugt t.d. a\u00f0 spreyja \u00fev\u00ed \u00ed hlaupa sk\u00f3 og \u00ed\u00fer\u00f3ttat\u00f6skuna.<\/p>\n<p>A\u00f0al Innihaldsefni:<\/p>\n<ul>\n<li>Citronella ilmkjarnaol\u00eda me\u00f0 ferskum ilm.<\/li>\n<li>Aloe Vera er mj\u00f6g rakagefandi og n\u00e6randi fyrir h\u00fa\u00f0ina, hefur bakter\u00edudrepandi og sveppaey\u00f0andi eiginleika.<\/li>\n<li>Tea Tree ol\u00eda hefur marga fr\u00e1b\u00e6ra kosti fyrir h\u00fa\u00f0ina auk \u00feess a\u00f0 vera mj\u00f6g bakter\u00edudrepandi.<\/li>\n<\/ul>\n<p>100% N\u00e1tt\u00farulegt | 100% L\u00edfr\u00e6nt | 100% Vegan<\/p>\n<p>&nbsp;<\/p>\n<p>&nbsp;<\/p>","protected":false},"featured_media":44467,"comment_status":"closed","ping_status":"closed","template":"","meta":[],"product_brand":[],"product_cat":[129,191],"product_tag":[],"class_list":{"0":"post-53249","1":"product","2":"type-product","3":"status-publish","4":"has-post-thumbnail","6":"product_cat-eco-by-sonya","7":"product_cat-hud-og-snyrtivorur","9":"first","10":"instock","11":"shipping-taxable","12":"purchasable","13":"product-type-simple"},"_links":{"self":[{"href":"https:\/\/ilmoliulampar.is\/en_gb\/wp-json\/wp\/v2\/product\/53249","targetHints":{"allow":["GET"]}}],"collection":[{"href":"https:\/\/ilmoliulampar.is\/en_gb\/wp-json\/wp\/v2\/product"}],"about":[{"href":"https:\/\/ilmoliulampar.is\/en_gb\/wp-json\/wp\/v2\/types\/product"}],"replies":[{"embeddable":true,"href":"https:\/\/ilmoliulampar.is\/en_gb\/wp-json\/wp\/v2\/comments?post=53249"}],"wp:featuredmedia":[{"embeddable":true,"href":"https:\/\/ilmoliulampar.is\/en_gb\/wp-json\/wp\/v2\/media\/44467"}],"wp:attachment":[{"href":"https:\/\/ilmoliulampar.is\/en_gb\/wp-json\/wp\/v2\/media?parent=53249"}],"wp:term":[{"taxonomy":"product_brand","embeddable":true,"href":"https:\/\/ilmoliulampar.is\/en_gb\/wp-json\/wp\/v2\/product_brand?post=53249"},{"taxonomy":"product_cat","embeddable":true,"href":"https:\/\/ilmoliulampar.is\/en_gb\/wp-json\/wp\/v2\/product_cat?post=53249"},{"taxonomy":"product_tag","embeddable":true,"href":"https:\/\/ilmoliulampar.is\/en_gb\/wp-json\/wp\/v2\/product_tag?post=53249"}],"curies":[{"name":"wp","href":"https:\/\/api.w.org\/{rel}","templated":true}]}}