{"id":53250,"date":"2022-09-15T15:32:11","date_gmt":"2022-09-15T15:32:11","guid":{"rendered":"https:\/\/new.ilmoliulampar.is\/product\/eco-by-sonya-tan-applicator-mitt\/"},"modified":"2026-02-02T13:11:46","modified_gmt":"2026-02-02T13:11:46","slug":"eco-by-sonya-tan-applicator-mitt","status":"publish","type":"product","link":"https:\/\/ilmoliulampar.is\/en_gb\/product\/eco-by-sonya-tan-applicator-mitt\/","title":{"rendered":"Eco by Sonya &#8211; Tan Applicator Mitt"},"content":{"rendered":"","protected":false},"excerpt":{"rendered":"<p>Fr\u00e1b\u00e6r l\u00faxus br\u00fankuhanski fr\u00e1 Eco by Sonya.<\/p>\n<p>Sl\u00e9tta hli\u00f0in er fyrir br\u00fanku vatn og hin hli\u00f0in fyrir br\u00fanku krem og fro\u00f0u.<\/p>\n<p>\u00deessi fallegi og veglegi hanski er ger\u00f0ur \u00far n\u00e1tt\u00farulegu og endurvinnanlegu efni.<\/p>","protected":false},"featured_media":44472,"comment_status":"closed","ping_status":"closed","template":"","meta":[],"product_brand":[],"product_cat":[129,191],"product_tag":[],"class_list":{"0":"post-53250","1":"product","2":"type-product","3":"status-publish","4":"has-post-thumbnail","6":"product_cat-eco-by-sonya","7":"product_cat-hud-og-snyrtivorur","9":"first","10":"outofstock","11":"shipping-taxable","12":"purchasable","13":"product-type-simple"},"_links":{"self":[{"href":"https:\/\/ilmoliulampar.is\/en_gb\/wp-json\/wp\/v2\/product\/53250","targetHints":{"allow":["GET"]}}],"collection":[{"href":"https:\/\/ilmoliulampar.is\/en_gb\/wp-json\/wp\/v2\/product"}],"about":[{"href":"https:\/\/ilmoliulampar.is\/en_gb\/wp-json\/wp\/v2\/types\/product"}],"replies":[{"embeddable":true,"href":"https:\/\/ilmoliulampar.is\/en_gb\/wp-json\/wp\/v2\/comments?post=53250"}],"wp:featuredmedia":[{"embeddable":true,"href":"https:\/\/ilmoliulampar.is\/en_gb\/wp-json\/wp\/v2\/media\/44472"}],"wp:attachment":[{"href":"https:\/\/ilmoliulampar.is\/en_gb\/wp-json\/wp\/v2\/media?parent=53250"}],"wp:term":[{"taxonomy":"product_brand","embeddable":true,"href":"https:\/\/ilmoliulampar.is\/en_gb\/wp-json\/wp\/v2\/product_brand?post=53250"},{"taxonomy":"product_cat","embeddable":true,"href":"https:\/\/ilmoliulampar.is\/en_gb\/wp-json\/wp\/v2\/product_cat?post=53250"},{"taxonomy":"product_tag","embeddable":true,"href":"https:\/\/ilmoliulampar.is\/en_gb\/wp-json\/wp\/v2\/product_tag?post=53250"}],"curies":[{"name":"wp","href":"https:\/\/api.w.org\/{rel}","templated":true}]}}