{"id":53251,"date":"2022-09-15T16:45:23","date_gmt":"2022-09-15T16:45:23","guid":{"rendered":"https:\/\/new.ilmoliulampar.is\/product\/eco-by-sonya-hydration-skin-system\/"},"modified":"2026-02-02T13:11:41","modified_gmt":"2026-02-02T13:11:41","slug":"eco-by-sonya-hydration-skin-system","status":"publish","type":"product","link":"https:\/\/ilmoliulampar.is\/en_gb\/product\/eco-by-sonya-hydration-skin-system\/","title":{"rendered":"Eco by Sonya &#8211; Hydration Skin System"},"content":{"rendered":"","protected":false},"excerpt":{"rendered":"<p>\u00d3tr\u00falega flott og vegleg taska me\u00f0 5 v\u00f6rum fr\u00e1 Eco by Sonya.<\/p>\n<p>Rakagefandi h\u00fa\u00f0r\u00fant\u00edna fyrir \u00feroska\u00f0a h\u00fa\u00f0.<\/p>\n<p>Inniheldur:<\/p>\n<ul>\n<li>Super Citrus Cleanser 200ml<\/li>\n<li>Super Fruit Hydrator 60ml<\/li>\n<li>Glory Oil 30ml<\/li>\n<li>Super Acai Exfoliator 100ml<\/li>\n<li>Face Compost Mask 75ml<\/li>\n<\/ul>\n<p>H\u00e6gt er a\u00f0 lesa um allar v\u00f6rurnar h\u00e9r \u00e1 s\u00ed\u00f0unni okkar.<\/p>\n<p>100% N\u00e1tt\u00farulegt | 100% L\u00edfr\u00e6nt | 100% Vegan<\/p>","protected":false},"featured_media":44479,"comment_status":"closed","ping_status":"closed","template":"","meta":[],"product_brand":[],"product_cat":[129,191],"product_tag":[],"class_list":{"0":"post-53251","1":"product","2":"type-product","3":"status-publish","4":"has-post-thumbnail","6":"product_cat-eco-by-sonya","7":"product_cat-hud-og-snyrtivorur","9":"first","10":"instock","11":"shipping-taxable","12":"purchasable","13":"product-type-simple"},"_links":{"self":[{"href":"https:\/\/ilmoliulampar.is\/en_gb\/wp-json\/wp\/v2\/product\/53251","targetHints":{"allow":["GET"]}}],"collection":[{"href":"https:\/\/ilmoliulampar.is\/en_gb\/wp-json\/wp\/v2\/product"}],"about":[{"href":"https:\/\/ilmoliulampar.is\/en_gb\/wp-json\/wp\/v2\/types\/product"}],"replies":[{"embeddable":true,"href":"https:\/\/ilmoliulampar.is\/en_gb\/wp-json\/wp\/v2\/comments?post=53251"}],"wp:featuredmedia":[{"embeddable":true,"href":"https:\/\/ilmoliulampar.is\/en_gb\/wp-json\/wp\/v2\/media\/44479"}],"wp:attachment":[{"href":"https:\/\/ilmoliulampar.is\/en_gb\/wp-json\/wp\/v2\/media?parent=53251"}],"wp:term":[{"taxonomy":"product_brand","embeddable":true,"href":"https:\/\/ilmoliulampar.is\/en_gb\/wp-json\/wp\/v2\/product_brand?post=53251"},{"taxonomy":"product_cat","embeddable":true,"href":"https:\/\/ilmoliulampar.is\/en_gb\/wp-json\/wp\/v2\/product_cat?post=53251"},{"taxonomy":"product_tag","embeddable":true,"href":"https:\/\/ilmoliulampar.is\/en_gb\/wp-json\/wp\/v2\/product_tag?post=53251"}],"curies":[{"name":"wp","href":"https:\/\/api.w.org\/{rel}","templated":true}]}}