{"id":53253,"date":"2022-09-17T15:05:02","date_gmt":"2022-09-17T15:05:02","guid":{"rendered":"https:\/\/new.ilmoliulampar.is\/product\/hanskin-pore-cleansing-oil-balancing-and-mild-pha\/"},"modified":"2025-07-28T11:54:54","modified_gmt":"2025-07-28T11:54:54","slug":"hanskin-pore-cleansing-oil-balancing-and-mild-pha","status":"publish","type":"product","link":"https:\/\/ilmoliulampar.is\/en_gb\/product\/hanskin-pore-cleansing-oil-balancing-and-mild-pha\/","title":{"rendered":"Hanskin &#8211; Pore Cleansing Oil (PHA)"},"content":{"rendered":"","protected":false},"excerpt":{"rendered":"<p><strong>Pore Cleansing Oil &#8211; Balancing &amp; Mild<\/strong>[<strong>PHA<\/strong>]<\/p>\n<p>Hreinsar allan far\u00f0a og \u00f3hreinindi af h\u00fa\u00f0inni. Ol\u00edan inniheldur PHA-s\u00fdrur (Poly Hydroxy Acid) og hentar mj\u00f6g vel fyrir vi\u00f0kv\u00e6ma h\u00fa\u00f0. Ol\u00edan hreinsar h\u00fa\u00f0ina \u00e1 mildan h\u00e1tt \u00e1n \u00feess a\u00f0 raska jafnv\u00e6gi hennar og r\u00f3ar \u00ed senn \u00feurra og\/\u200be\u00f0a vi\u00f0kv\u00e6ma h\u00fa\u00f0. PHA-s\u00fdrurnar a\u00f0sto\u00f0a vi\u00f0 a\u00f0 fjarl\u00e6gja dau\u00f0ar h\u00fa\u00f0frumur, r\u00f3a h\u00fa\u00f0ina og vernda fyrir utana\u00f0komandi ertingu. H\u00fa\u00f0in f\u00e6r betri \u00e1fer\u00f0, ver\u00f0ur m\u00fdkri og rakafylltri.<\/p>\n<p><strong>Sunflower Oil<\/strong>: Ol\u00eda sem er l\u00e9tt og mild fyrir vi\u00f0kv\u00e6ma h\u00fa\u00f0.<br \/>\n<strong>Gluconolactone<\/strong>: PHA-s\u00fdra sem losar h\u00fa\u00f0ina vi\u00f0 dau\u00f0ar h\u00fa\u00f0frumur \u00e1 mildan h\u00e1tt og gefur h\u00fa\u00f0inni g\u00f3\u00f0ann raka.<br \/>\n<strong>Lavender Oil<\/strong>: R\u00f3andi ilmkjarnaol\u00eda sem r\u00f3ar ro\u00f0a og ertingu \u00ed h\u00fa\u00f0.<\/p>\n<p><strong>Helstu kostir:<\/strong><\/p>\n<ul>\n<li>Fjarl\u00e6gjir f\u00f6r\u00f0un, \u00f3hreinindi og st\u00edflur \u00ed h\u00fa\u00f0holum.<\/li>\n<li>Losar h\u00fa\u00f0ina vi\u00f0 dau\u00f0ar h\u00fa\u00f0frumur og endurn\u00fdjar h\u00fa\u00f0ina \u00e1n \u00feess a\u00f0 raska jafnv\u00e6gi hennar.<\/li>\n<li>Styrkir ysta lag og varnir h\u00fa\u00f0arinnar.<\/li>\n<li>R\u00f3ar h\u00fa\u00f0ina og h\u00fa\u00f0in ver\u00f0ur bjartari og rakameiri.<\/li>\n<li>Hentar vi\u00f0kv\u00e6mri h\u00fa\u00f0.<\/li>\n<\/ul>\n<p><strong>300ml<\/strong><\/p>\n<p><strong>Paraben-free, dye-free, artificial fragrance-free, alcohol-free<\/strong><\/p>\n<p>&nbsp;<\/p>\n","protected":false},"featured_media":44499,"comment_status":"closed","ping_status":"closed","template":"","meta":[],"product_brand":[],"product_cat":[218,191],"product_tag":[],"class_list":{"0":"post-53253","1":"product","2":"type-product","3":"status-publish","4":"has-post-thumbnail","6":"product_cat-hanskin-2","7":"product_cat-hud-og-snyrtivorur","9":"first","10":"outofstock","11":"shipping-taxable","12":"purchasable","13":"product-type-simple"},"_links":{"self":[{"href":"https:\/\/ilmoliulampar.is\/en_gb\/wp-json\/wp\/v2\/product\/53253","targetHints":{"allow":["GET"]}}],"collection":[{"href":"https:\/\/ilmoliulampar.is\/en_gb\/wp-json\/wp\/v2\/product"}],"about":[{"href":"https:\/\/ilmoliulampar.is\/en_gb\/wp-json\/wp\/v2\/types\/product"}],"replies":[{"embeddable":true,"href":"https:\/\/ilmoliulampar.is\/en_gb\/wp-json\/wp\/v2\/comments?post=53253"}],"wp:featuredmedia":[{"embeddable":true,"href":"https:\/\/ilmoliulampar.is\/en_gb\/wp-json\/wp\/v2\/media\/44499"}],"wp:attachment":[{"href":"https:\/\/ilmoliulampar.is\/en_gb\/wp-json\/wp\/v2\/media?parent=53253"}],"wp:term":[{"taxonomy":"product_brand","embeddable":true,"href":"https:\/\/ilmoliulampar.is\/en_gb\/wp-json\/wp\/v2\/product_brand?post=53253"},{"taxonomy":"product_cat","embeddable":true,"href":"https:\/\/ilmoliulampar.is\/en_gb\/wp-json\/wp\/v2\/product_cat?post=53253"},{"taxonomy":"product_tag","embeddable":true,"href":"https:\/\/ilmoliulampar.is\/en_gb\/wp-json\/wp\/v2\/product_tag?post=53253"}],"curies":[{"name":"wp","href":"https:\/\/api.w.org\/{rel}","templated":true}]}}