{"id":53263,"date":"2022-10-03T16:22:19","date_gmt":"2022-10-03T16:22:19","guid":{"rendered":"https:\/\/new.ilmoliulampar.is\/product\/bordlampi-svort-kobra\/"},"modified":"2023-03-29T16:52:53","modified_gmt":"2023-03-29T16:52:53","slug":"bordlampi-svort-kobra","status":"publish","type":"product","link":"https:\/\/ilmoliulampar.is\/en_gb\/product\/bordlampi-svort-kobra\/","title":{"rendered":"Bor\u00f0lampi &#8211; Sv\u00f6rt K\u00f3bra"},"content":{"rendered":"","protected":false},"excerpt":{"rendered":"<p>Einstaklega fallegur bor\u00f0lampi &#8222;Sv\u00f6rt K\u00f3bra&#8220;<\/p>\n<p>E27 Pera (<strong>fylgir ekki me\u00f0<\/strong>)<\/p>\n<p>21 x 18.5 x 48cm<\/p>\n<p>&nbsp;<\/p>","protected":false},"featured_media":44566,"comment_status":"closed","ping_status":"closed","template":"","meta":[],"product_brand":[],"product_cat":[184,132],"product_tag":[],"class_list":{"0":"post-53263","1":"product","2":"type-product","3":"status-publish","4":"has-post-thumbnail","6":"product_cat-bordlampar","7":"product_cat-heimilid-2","9":"first","10":"outofstock","11":"shipping-taxable","12":"purchasable","13":"product-type-simple"},"_links":{"self":[{"href":"https:\/\/ilmoliulampar.is\/en_gb\/wp-json\/wp\/v2\/product\/53263","targetHints":{"allow":["GET"]}}],"collection":[{"href":"https:\/\/ilmoliulampar.is\/en_gb\/wp-json\/wp\/v2\/product"}],"about":[{"href":"https:\/\/ilmoliulampar.is\/en_gb\/wp-json\/wp\/v2\/types\/product"}],"replies":[{"embeddable":true,"href":"https:\/\/ilmoliulampar.is\/en_gb\/wp-json\/wp\/v2\/comments?post=53263"}],"wp:featuredmedia":[{"embeddable":true,"href":"https:\/\/ilmoliulampar.is\/en_gb\/wp-json\/wp\/v2\/media\/44566"}],"wp:attachment":[{"href":"https:\/\/ilmoliulampar.is\/en_gb\/wp-json\/wp\/v2\/media?parent=53263"}],"wp:term":[{"taxonomy":"product_brand","embeddable":true,"href":"https:\/\/ilmoliulampar.is\/en_gb\/wp-json\/wp\/v2\/product_brand?post=53263"},{"taxonomy":"product_cat","embeddable":true,"href":"https:\/\/ilmoliulampar.is\/en_gb\/wp-json\/wp\/v2\/product_cat?post=53263"},{"taxonomy":"product_tag","embeddable":true,"href":"https:\/\/ilmoliulampar.is\/en_gb\/wp-json\/wp\/v2\/product_tag?post=53263"}],"curies":[{"name":"wp","href":"https:\/\/api.w.org\/{rel}","templated":true}]}}