{"id":53268,"date":"2025-11-05T15:40:27","date_gmt":"2025-11-05T15:40:27","guid":{"rendered":"https:\/\/new.ilmoliulampar.is\/product\/postulins-vasi-med-gull-hlebardamunstri-2-staerdir\/"},"modified":"2025-11-26T11:51:18","modified_gmt":"2025-11-26T11:51:18","slug":"postulins-vasi-med-gull-hlebardamunstri-2-staerdir","status":"publish","type":"product","link":"https:\/\/ilmoliulampar.is\/en_gb\/product\/postulins-vasi-med-gull-hlebardamunstri-2-staerdir\/","title":{"rendered":"Postul\u00edns vasi me\u00f0 Gull hl\u00e9bar\u00f0amunstri 50% afsl\u00e1ttur"},"content":{"rendered":"","protected":false},"excerpt":{"rendered":"<p>Fallegur Postul\u00ednsvasi me\u00f0 loki.<br \/>\nhl\u00e9bar\u00f0amynstur.<\/p>\n<p>St\u00f3r : 21 x 21 x 39cm<\/p>","protected":false},"featured_media":66563,"comment_status":"closed","ping_status":"closed","template":"","meta":[],"product_brand":[],"product_cat":[112,250,132,230],"product_tag":[],"class_list":{"0":"post-53268","1":"product","2":"type-product","3":"status-publish","4":"has-post-thumbnail","6":"product_cat-adrar-vorur","7":"product_cat-blomapottarvasar","8":"product_cat-heimilid-2","9":"product_cat-laekkadverd","11":"first","12":"instock","13":"sale","14":"shipping-taxable","15":"purchasable","16":"product-type-simple"},"_links":{"self":[{"href":"https:\/\/ilmoliulampar.is\/en_gb\/wp-json\/wp\/v2\/product\/53268","targetHints":{"allow":["GET"]}}],"collection":[{"href":"https:\/\/ilmoliulampar.is\/en_gb\/wp-json\/wp\/v2\/product"}],"about":[{"href":"https:\/\/ilmoliulampar.is\/en_gb\/wp-json\/wp\/v2\/types\/product"}],"replies":[{"embeddable":true,"href":"https:\/\/ilmoliulampar.is\/en_gb\/wp-json\/wp\/v2\/comments?post=53268"}],"wp:featuredmedia":[{"embeddable":true,"href":"https:\/\/ilmoliulampar.is\/en_gb\/wp-json\/wp\/v2\/media\/66563"}],"wp:attachment":[{"href":"https:\/\/ilmoliulampar.is\/en_gb\/wp-json\/wp\/v2\/media?parent=53268"}],"wp:term":[{"taxonomy":"product_brand","embeddable":true,"href":"https:\/\/ilmoliulampar.is\/en_gb\/wp-json\/wp\/v2\/product_brand?post=53268"},{"taxonomy":"product_cat","embeddable":true,"href":"https:\/\/ilmoliulampar.is\/en_gb\/wp-json\/wp\/v2\/product_cat?post=53268"},{"taxonomy":"product_tag","embeddable":true,"href":"https:\/\/ilmoliulampar.is\/en_gb\/wp-json\/wp\/v2\/product_tag?post=53268"}],"curies":[{"name":"wp","href":"https:\/\/api.w.org\/{rel}","templated":true}]}}