{"id":53281,"date":"2022-10-14T15:49:39","date_gmt":"2022-10-14T15:49:39","guid":{"rendered":"https:\/\/new.ilmoliulampar.is\/product\/grai-hnuturinn\/"},"modified":"2025-11-24T17:25:46","modified_gmt":"2025-11-24T17:25:46","slug":"grai-hnuturinn","status":"publish","type":"product","link":"https:\/\/ilmoliulampar.is\/en_gb\/product\/grai-hnuturinn\/","title":{"rendered":"Gr\u00e1i Hn\u00faturinn"},"content":{"rendered":"","protected":false},"excerpt":{"rendered":"<p>Skemmtilegt og \u00f6\u00f0ruv\u00edsi kerti \u00far soja<\/p>\n<p><span class=\"pf-prod-dimenstions-val\">H\u00e6\u00f0: 6cm<\/span><\/p>\n<p>Breidd<span class=\"pf-prod-dimenstions-val\">: 10cm<\/span><\/p>\n<p>&nbsp;<\/p>","protected":false},"featured_media":44654,"comment_status":"closed","ping_status":"closed","template":"","meta":[],"product_brand":[],"product_cat":[230,178],"product_tag":[],"class_list":{"0":"post-53281","1":"product","2":"type-product","3":"status-publish","4":"has-post-thumbnail","6":"product_cat-laekkadverd","7":"product_cat-skemmtileg-odruvisi-kerti","9":"first","10":"instock","11":"sale","12":"shipping-taxable","13":"purchasable","14":"product-type-simple"},"_links":{"self":[{"href":"https:\/\/ilmoliulampar.is\/en_gb\/wp-json\/wp\/v2\/product\/53281","targetHints":{"allow":["GET"]}}],"collection":[{"href":"https:\/\/ilmoliulampar.is\/en_gb\/wp-json\/wp\/v2\/product"}],"about":[{"href":"https:\/\/ilmoliulampar.is\/en_gb\/wp-json\/wp\/v2\/types\/product"}],"replies":[{"embeddable":true,"href":"https:\/\/ilmoliulampar.is\/en_gb\/wp-json\/wp\/v2\/comments?post=53281"}],"wp:featuredmedia":[{"embeddable":true,"href":"https:\/\/ilmoliulampar.is\/en_gb\/wp-json\/wp\/v2\/media\/44654"}],"wp:attachment":[{"href":"https:\/\/ilmoliulampar.is\/en_gb\/wp-json\/wp\/v2\/media?parent=53281"}],"wp:term":[{"taxonomy":"product_brand","embeddable":true,"href":"https:\/\/ilmoliulampar.is\/en_gb\/wp-json\/wp\/v2\/product_brand?post=53281"},{"taxonomy":"product_cat","embeddable":true,"href":"https:\/\/ilmoliulampar.is\/en_gb\/wp-json\/wp\/v2\/product_cat?post=53281"},{"taxonomy":"product_tag","embeddable":true,"href":"https:\/\/ilmoliulampar.is\/en_gb\/wp-json\/wp\/v2\/product_tag?post=53281"}],"curies":[{"name":"wp","href":"https:\/\/api.w.org\/{rel}","templated":true}]}}