{"id":53284,"date":"2022-10-14T16:03:23","date_gmt":"2022-10-14T16:03:23","guid":{"rendered":"https:\/\/new.ilmoliulampar.is\/product\/grar-artichoke\/"},"modified":"2024-04-19T16:02:08","modified_gmt":"2024-04-19T16:02:08","slug":"grar-artichoke","status":"publish","type":"product","link":"https:\/\/ilmoliulampar.is\/en_gb\/product\/grar-artichoke\/","title":{"rendered":"Gr\u00e1r Artichoke"},"content":{"rendered":"","protected":false},"excerpt":{"rendered":"<p>Skemmtilegt &amp; \u00f6\u00f0ruv\u00edsi kerti<\/p>\n<p>H\u00e6\u00f0: 11cm<\/p>\n<p>Umm\u00e1l: 9cm<\/p>","protected":false},"featured_media":44669,"comment_status":"closed","ping_status":"open","template":"","meta":[],"product_brand":[],"product_cat":[178],"product_tag":[],"class_list":{"0":"post-53284","1":"product","2":"type-product","3":"status-publish","4":"has-post-thumbnail","6":"product_cat-skemmtileg-odruvisi-kerti","8":"first","9":"instock","10":"shipping-taxable","11":"purchasable","12":"product-type-simple"},"_links":{"self":[{"href":"https:\/\/ilmoliulampar.is\/en_gb\/wp-json\/wp\/v2\/product\/53284","targetHints":{"allow":["GET"]}}],"collection":[{"href":"https:\/\/ilmoliulampar.is\/en_gb\/wp-json\/wp\/v2\/product"}],"about":[{"href":"https:\/\/ilmoliulampar.is\/en_gb\/wp-json\/wp\/v2\/types\/product"}],"replies":[{"embeddable":true,"href":"https:\/\/ilmoliulampar.is\/en_gb\/wp-json\/wp\/v2\/comments?post=53284"}],"wp:featuredmedia":[{"embeddable":true,"href":"https:\/\/ilmoliulampar.is\/en_gb\/wp-json\/wp\/v2\/media\/44669"}],"wp:attachment":[{"href":"https:\/\/ilmoliulampar.is\/en_gb\/wp-json\/wp\/v2\/media?parent=53284"}],"wp:term":[{"taxonomy":"product_brand","embeddable":true,"href":"https:\/\/ilmoliulampar.is\/en_gb\/wp-json\/wp\/v2\/product_brand?post=53284"},{"taxonomy":"product_cat","embeddable":true,"href":"https:\/\/ilmoliulampar.is\/en_gb\/wp-json\/wp\/v2\/product_cat?post=53284"},{"taxonomy":"product_tag","embeddable":true,"href":"https:\/\/ilmoliulampar.is\/en_gb\/wp-json\/wp\/v2\/product_tag?post=53284"}],"curies":[{"name":"wp","href":"https:\/\/api.w.org\/{rel}","templated":true}]}}