{"id":53286,"date":"2022-10-17T15:37:11","date_gmt":"2022-10-17T15:37:11","guid":{"rendered":"https:\/\/new.ilmoliulampar.is\/product\/cozy-living-sander-rose\/"},"modified":"2023-11-15T13:56:45","modified_gmt":"2023-11-15T13:56:45","slug":"cozy-living-sander-rose","status":"publish","type":"product","link":"https:\/\/ilmoliulampar.is\/en_gb\/product\/cozy-living-sander-rose\/","title":{"rendered":"Cozy Living &#8211; Sander\/Rose 50% AFSL\u00c1TTUR"},"content":{"rendered":"<p>Falleg d\u00f6nsk h\u00f6nnun &#8211; einstaklega \u00fe\u00e6gilegur<\/p>\n<p>Litur: Old rose<\/p>\n<p>H\u00e6\u00f0: 90 cm &#8211; setuh\u00e6\u00f0: 46 cm<\/p>\n<p>Breidd: 60 cm<\/p>\n<p>D\u00fdpt: 46 cm<\/p>\n<p>&nbsp;<\/p>\n<p>&nbsp;<\/p>\n<p>&nbsp;<\/p>","protected":false},"excerpt":{"rendered":"<p>Falleg d\u00f6nsk h\u00f6nnun &#8211; einstaklega \u00fe\u00e6gilegur Litur: Old rose H\u00e6\u00f0: 90 cm &#8211; setuh\u00e6\u00f0: 46 cm Breidd: 60 cm D\u00fdpt: 46 cm &nbsp; &nbsp; &nbsp;<\/p>","protected":false},"featured_media":44677,"comment_status":"closed","ping_status":"closed","template":"","meta":[],"product_brand":[],"product_cat":[112,132,230,121],"product_tag":[],"class_list":{"0":"post-53286","1":"product","2":"type-product","3":"status-publish","4":"has-post-thumbnail","6":"product_cat-adrar-vorur","7":"product_cat-heimilid-2","8":"product_cat-laekkadverd","9":"product_cat-tilbod-adrar-vorur","11":"first","12":"outofstock","13":"sale","14":"shipping-taxable","15":"purchasable","16":"product-type-simple"},"_links":{"self":[{"href":"https:\/\/ilmoliulampar.is\/en_gb\/wp-json\/wp\/v2\/product\/53286","targetHints":{"allow":["GET"]}}],"collection":[{"href":"https:\/\/ilmoliulampar.is\/en_gb\/wp-json\/wp\/v2\/product"}],"about":[{"href":"https:\/\/ilmoliulampar.is\/en_gb\/wp-json\/wp\/v2\/types\/product"}],"replies":[{"embeddable":true,"href":"https:\/\/ilmoliulampar.is\/en_gb\/wp-json\/wp\/v2\/comments?post=53286"}],"wp:featuredmedia":[{"embeddable":true,"href":"https:\/\/ilmoliulampar.is\/en_gb\/wp-json\/wp\/v2\/media\/44677"}],"wp:attachment":[{"href":"https:\/\/ilmoliulampar.is\/en_gb\/wp-json\/wp\/v2\/media?parent=53286"}],"wp:term":[{"taxonomy":"product_brand","embeddable":true,"href":"https:\/\/ilmoliulampar.is\/en_gb\/wp-json\/wp\/v2\/product_brand?post=53286"},{"taxonomy":"product_cat","embeddable":true,"href":"https:\/\/ilmoliulampar.is\/en_gb\/wp-json\/wp\/v2\/product_cat?post=53286"},{"taxonomy":"product_tag","embeddable":true,"href":"https:\/\/ilmoliulampar.is\/en_gb\/wp-json\/wp\/v2\/product_tag?post=53286"}],"curies":[{"name":"wp","href":"https:\/\/api.w.org\/{rel}","templated":true}]}}