{"id":53287,"date":"2022-10-17T15:42:42","date_gmt":"2022-10-17T15:42:42","guid":{"rendered":"https:\/\/new.ilmoliulampar.is\/product\/cozy-living-gotland\/"},"modified":"2024-12-03T14:58:42","modified_gmt":"2024-12-03T14:58:42","slug":"cozy-living-gotland","status":"publish","type":"product","link":"https:\/\/ilmoliulampar.is\/en_gb\/product\/cozy-living-gotland\/","title":{"rendered":"Cozy living &#8211; Gotland"},"content":{"rendered":"","protected":false},"excerpt":{"rendered":"<p>&nbsp;<\/p>\n<p>Mj\u00f6g fallegur st\u00f3ll fr\u00e1 danska fyrirt\u00e6kinu Cozy living.<\/p>\n<p>Litur: Latte<\/p>\n<p>H\u00e6\u00f0: 84 cm &#8211; setuh\u00e6\u00f0: 46 cm<\/p>\n<p>Breidd: 66 cm<\/p>\n<p>D\u00fdpt: 43 cm<\/p>","protected":false},"featured_media":44680,"comment_status":"closed","ping_status":"closed","template":"","meta":[],"product_brand":[],"product_cat":[112,132,230,254],"product_tag":[],"class_list":{"0":"post-53287","1":"product","2":"type-product","3":"status-publish","4":"has-post-thumbnail","6":"product_cat-adrar-vorur","7":"product_cat-heimilid-2","8":"product_cat-laekkadverd","9":"product_cat-stolar","11":"first","12":"instock","13":"sale","14":"shipping-taxable","15":"purchasable","16":"product-type-simple"},"_links":{"self":[{"href":"https:\/\/ilmoliulampar.is\/en_gb\/wp-json\/wp\/v2\/product\/53287","targetHints":{"allow":["GET"]}}],"collection":[{"href":"https:\/\/ilmoliulampar.is\/en_gb\/wp-json\/wp\/v2\/product"}],"about":[{"href":"https:\/\/ilmoliulampar.is\/en_gb\/wp-json\/wp\/v2\/types\/product"}],"replies":[{"embeddable":true,"href":"https:\/\/ilmoliulampar.is\/en_gb\/wp-json\/wp\/v2\/comments?post=53287"}],"wp:featuredmedia":[{"embeddable":true,"href":"https:\/\/ilmoliulampar.is\/en_gb\/wp-json\/wp\/v2\/media\/44680"}],"wp:attachment":[{"href":"https:\/\/ilmoliulampar.is\/en_gb\/wp-json\/wp\/v2\/media?parent=53287"}],"wp:term":[{"taxonomy":"product_brand","embeddable":true,"href":"https:\/\/ilmoliulampar.is\/en_gb\/wp-json\/wp\/v2\/product_brand?post=53287"},{"taxonomy":"product_cat","embeddable":true,"href":"https:\/\/ilmoliulampar.is\/en_gb\/wp-json\/wp\/v2\/product_cat?post=53287"},{"taxonomy":"product_tag","embeddable":true,"href":"https:\/\/ilmoliulampar.is\/en_gb\/wp-json\/wp\/v2\/product_tag?post=53287"}],"curies":[{"name":"wp","href":"https:\/\/api.w.org\/{rel}","templated":true}]}}