{"id":53296,"date":"2022-10-19T14:58:10","date_gmt":"2022-10-19T14:58:10","guid":{"rendered":"https:\/\/new.ilmoliulampar.is\/product\/gylltar-varir-blomapottur\/"},"modified":"2024-04-22T15:12:02","modified_gmt":"2024-04-22T15:12:02","slug":"gylltar-varir-blomapottur","status":"publish","type":"product","link":"https:\/\/ilmoliulampar.is\/en_gb\/product\/gylltar-varir-blomapottur\/","title":{"rendered":"Gylltar Varir &#8211; Bl\u00f3mapottur"},"content":{"rendered":"","protected":false},"excerpt":{"rendered":"<p>Fallegur bl\u00f3mapottur me\u00f0 gylltum v\u00f6rum.<\/p>\n<p>Kemur \u00ed tveimur litum.<\/p>\n<p>Svartur &amp; Hv\u00edtur<\/p>\n<p>H\u00e6\u00f0: 13cm<\/p>","protected":false},"featured_media":44727,"comment_status":"closed","ping_status":"closed","template":"","meta":[],"product_brand":[],"product_cat":[112,132],"product_tag":[],"class_list":{"0":"post-53296","1":"product","2":"type-product","3":"status-publish","4":"has-post-thumbnail","6":"product_cat-adrar-vorur","7":"product_cat-heimilid-2","9":"first","10":"instock","11":"shipping-taxable","12":"purchasable","13":"product-type-variable"},"_links":{"self":[{"href":"https:\/\/ilmoliulampar.is\/en_gb\/wp-json\/wp\/v2\/product\/53296","targetHints":{"allow":["GET"]}}],"collection":[{"href":"https:\/\/ilmoliulampar.is\/en_gb\/wp-json\/wp\/v2\/product"}],"about":[{"href":"https:\/\/ilmoliulampar.is\/en_gb\/wp-json\/wp\/v2\/types\/product"}],"replies":[{"embeddable":true,"href":"https:\/\/ilmoliulampar.is\/en_gb\/wp-json\/wp\/v2\/comments?post=53296"}],"wp:featuredmedia":[{"embeddable":true,"href":"https:\/\/ilmoliulampar.is\/en_gb\/wp-json\/wp\/v2\/media\/44727"}],"wp:attachment":[{"href":"https:\/\/ilmoliulampar.is\/en_gb\/wp-json\/wp\/v2\/media?parent=53296"}],"wp:term":[{"taxonomy":"product_brand","embeddable":true,"href":"https:\/\/ilmoliulampar.is\/en_gb\/wp-json\/wp\/v2\/product_brand?post=53296"},{"taxonomy":"product_cat","embeddable":true,"href":"https:\/\/ilmoliulampar.is\/en_gb\/wp-json\/wp\/v2\/product_cat?post=53296"},{"taxonomy":"product_tag","embeddable":true,"href":"https:\/\/ilmoliulampar.is\/en_gb\/wp-json\/wp\/v2\/product_tag?post=53296"}],"curies":[{"name":"wp","href":"https:\/\/api.w.org\/{rel}","templated":true}]}}