{"id":53301,"date":"2022-10-21T17:02:20","date_gmt":"2022-10-21T17:02:20","guid":{"rendered":"https:\/\/new.ilmoliulampar.is\/product\/frosty-xmas\/"},"modified":"2026-02-10T12:18:59","modified_gmt":"2026-02-10T12:18:59","slug":"frosty-xmas","status":"publish","type":"product","link":"https:\/\/ilmoliulampar.is\/en_gb\/product\/frosty-xmas\/","title":{"rendered":"Frosty Xmas"},"content":{"rendered":"","protected":false},"excerpt":{"rendered":"<p>Frosty j\u00f3la-ilmol\u00eda<\/p>\n<p>S\u00e6t og g\u00f3\u00f0 myntublanda.<\/p>\n<p>Gr\u00e6nmynta &amp; piparmynta \u00ed bland vi\u00f0 vanillu &amp; kand\u00edfloss.<\/p>","protected":false},"featured_media":44748,"comment_status":"closed","ping_status":"closed","template":"","meta":[],"product_brand":[],"product_cat":[197,108],"product_tag":[],"class_list":{"0":"post-53301","1":"product","2":"type-product","3":"status-publish","4":"has-post-thumbnail","6":"product_cat-jolaoliur-oliur","7":"product_cat-oliur","9":"first","10":"instock","11":"shipping-taxable","12":"purchasable","13":"product-type-simple"},"_links":{"self":[{"href":"https:\/\/ilmoliulampar.is\/en_gb\/wp-json\/wp\/v2\/product\/53301","targetHints":{"allow":["GET"]}}],"collection":[{"href":"https:\/\/ilmoliulampar.is\/en_gb\/wp-json\/wp\/v2\/product"}],"about":[{"href":"https:\/\/ilmoliulampar.is\/en_gb\/wp-json\/wp\/v2\/types\/product"}],"replies":[{"embeddable":true,"href":"https:\/\/ilmoliulampar.is\/en_gb\/wp-json\/wp\/v2\/comments?post=53301"}],"wp:featuredmedia":[{"embeddable":true,"href":"https:\/\/ilmoliulampar.is\/en_gb\/wp-json\/wp\/v2\/media\/44748"}],"wp:attachment":[{"href":"https:\/\/ilmoliulampar.is\/en_gb\/wp-json\/wp\/v2\/media?parent=53301"}],"wp:term":[{"taxonomy":"product_brand","embeddable":true,"href":"https:\/\/ilmoliulampar.is\/en_gb\/wp-json\/wp\/v2\/product_brand?post=53301"},{"taxonomy":"product_cat","embeddable":true,"href":"https:\/\/ilmoliulampar.is\/en_gb\/wp-json\/wp\/v2\/product_cat?post=53301"},{"taxonomy":"product_tag","embeddable":true,"href":"https:\/\/ilmoliulampar.is\/en_gb\/wp-json\/wp\/v2\/product_tag?post=53301"}],"curies":[{"name":"wp","href":"https:\/\/api.w.org\/{rel}","templated":true}]}}