{"id":53305,"date":"2022-10-24T13:05:13","date_gmt":"2022-10-24T13:05:13","guid":{"rendered":"https:\/\/new.ilmoliulampar.is\/product\/mini-led-lukt-thradlaus\/"},"modified":"2024-09-17T12:55:25","modified_gmt":"2024-09-17T12:55:25","slug":"mini-led-lukt-thradlaus","status":"publish","type":"product","link":"https:\/\/ilmoliulampar.is\/en_gb\/product\/mini-led-lukt-thradlaus\/","title":{"rendered":"Mini LED lukt &#8211; \u00der\u00e1\u00f0laus"},"content":{"rendered":"","protected":false},"excerpt":{"rendered":"<p>\u00d3tr\u00falega kr\u00fattlegar mini luktir.<\/p>\n<p>Tilvaldar til a\u00f0 vera me\u00f0 \u00ed sumarb\u00fasta\u00f0num e\u00f0a bara hvar sem ma\u00f0ur vill \u00fev\u00ed \u00fe\u00e6r eru \u00fer\u00e1\u00f0lausar og fer l\u00edti\u00f0 fyrir \u00feeim.<\/p>\n<p>Snertitakki ofan\u00e1 til a\u00f0 kveikja og sl\u00f6kkva, USB hla\u00f0anlegar (sn\u00fara fylgir me\u00f0) &#8211; IP44 vatnsv\u00f6rn (h\u00e6gt a\u00f0 vera me\u00f0 inni og \u00fati)<\/p>\n<p>Koma \u00ed tveimur litum &#8211; Hv\u00edtur og Gr\u00e1r<\/p>\n<p>H\u00e6\u00f0: 11,20cm<\/p>\n<p>&nbsp;<\/p>\n<p>&nbsp;<\/p>","protected":false},"featured_media":44766,"comment_status":"closed","ping_status":"closed","template":"","meta":[],"product_brand":[],"product_cat":[132,230],"product_tag":[],"class_list":{"0":"post-53305","1":"product","2":"type-product","3":"status-publish","4":"has-post-thumbnail","6":"product_cat-heimilid-2","7":"product_cat-laekkadverd","9":"first","10":"instock","11":"sale","12":"shipping-taxable","13":"purchasable","14":"product-type-variable"},"_links":{"self":[{"href":"https:\/\/ilmoliulampar.is\/en_gb\/wp-json\/wp\/v2\/product\/53305","targetHints":{"allow":["GET"]}}],"collection":[{"href":"https:\/\/ilmoliulampar.is\/en_gb\/wp-json\/wp\/v2\/product"}],"about":[{"href":"https:\/\/ilmoliulampar.is\/en_gb\/wp-json\/wp\/v2\/types\/product"}],"replies":[{"embeddable":true,"href":"https:\/\/ilmoliulampar.is\/en_gb\/wp-json\/wp\/v2\/comments?post=53305"}],"wp:featuredmedia":[{"embeddable":true,"href":"https:\/\/ilmoliulampar.is\/en_gb\/wp-json\/wp\/v2\/media\/44766"}],"wp:attachment":[{"href":"https:\/\/ilmoliulampar.is\/en_gb\/wp-json\/wp\/v2\/media?parent=53305"}],"wp:term":[{"taxonomy":"product_brand","embeddable":true,"href":"https:\/\/ilmoliulampar.is\/en_gb\/wp-json\/wp\/v2\/product_brand?post=53305"},{"taxonomy":"product_cat","embeddable":true,"href":"https:\/\/ilmoliulampar.is\/en_gb\/wp-json\/wp\/v2\/product_cat?post=53305"},{"taxonomy":"product_tag","embeddable":true,"href":"https:\/\/ilmoliulampar.is\/en_gb\/wp-json\/wp\/v2\/product_tag?post=53305"}],"curies":[{"name":"wp","href":"https:\/\/api.w.org\/{rel}","templated":true}]}}