{"id":53313,"date":"2022-10-25T12:18:15","date_gmt":"2022-10-25T12:18:15","guid":{"rendered":"https:\/\/new.ilmoliulampar.is\/product\/sex-bomb\/"},"modified":"2026-01-30T14:57:35","modified_gmt":"2026-01-30T14:57:35","slug":"sex-bomb","status":"publish","type":"product","link":"https:\/\/ilmoliulampar.is\/en_gb\/product\/sex-bomb\/","title":{"rendered":"SEX BOMB &#8211; LED PERA"},"content":{"rendered":"","protected":false},"excerpt":{"rendered":"<p>Sex Bomb LED lj\u00f3sapera! Sk\u00e6rbleikir stafir, gl\u00e6rt gler.<\/p>\n<p>S\u00e9rstaklega vanda\u00f0ar, \u00a0franskar,handger\u00f0ar LED lj\u00f3saperur fr\u00e1 \u00feeim s\u00f6mu og f\u00e6r\u00f0u okkur \u201efr\u00f6nsku lj\u00f3sin\u201c!<\/p>\n<p>Um er a\u00f0 r\u00e6\u00f0a handger\u00f0ar, dimmanlegar perur.<\/p>\n<p>St\u00e6r\u00f0: 172mm x 125 mm<\/p>\n<p>&nbsp;<\/p>\n<p>E27 G125, CE, RoHS compliant<\/p>\n<p>LED 2.5W, AC 220-240v, 50\/60Hz, 25mA<\/p>","protected":false},"featured_media":44806,"comment_status":"closed","ping_status":"closed","template":"","meta":[],"product_brand":[],"product_cat":[150],"product_tag":[],"class_list":{"0":"post-53313","1":"product","2":"type-product","3":"status-publish","4":"has-post-thumbnail","6":"product_cat-skilabod-i-peru-og-lampar","8":"first","9":"instock","10":"shipping-taxable","11":"purchasable","12":"product-type-simple"},"_links":{"self":[{"href":"https:\/\/ilmoliulampar.is\/en_gb\/wp-json\/wp\/v2\/product\/53313","targetHints":{"allow":["GET"]}}],"collection":[{"href":"https:\/\/ilmoliulampar.is\/en_gb\/wp-json\/wp\/v2\/product"}],"about":[{"href":"https:\/\/ilmoliulampar.is\/en_gb\/wp-json\/wp\/v2\/types\/product"}],"replies":[{"embeddable":true,"href":"https:\/\/ilmoliulampar.is\/en_gb\/wp-json\/wp\/v2\/comments?post=53313"}],"wp:featuredmedia":[{"embeddable":true,"href":"https:\/\/ilmoliulampar.is\/en_gb\/wp-json\/wp\/v2\/media\/44806"}],"wp:attachment":[{"href":"https:\/\/ilmoliulampar.is\/en_gb\/wp-json\/wp\/v2\/media?parent=53313"}],"wp:term":[{"taxonomy":"product_brand","embeddable":true,"href":"https:\/\/ilmoliulampar.is\/en_gb\/wp-json\/wp\/v2\/product_brand?post=53313"},{"taxonomy":"product_cat","embeddable":true,"href":"https:\/\/ilmoliulampar.is\/en_gb\/wp-json\/wp\/v2\/product_cat?post=53313"},{"taxonomy":"product_tag","embeddable":true,"href":"https:\/\/ilmoliulampar.is\/en_gb\/wp-json\/wp\/v2\/product_tag?post=53313"}],"curies":[{"name":"wp","href":"https:\/\/api.w.org\/{rel}","templated":true}]}}