{"id":53329,"date":"2022-10-26T17:09:09","date_gmt":"2022-10-26T17:09:09","guid":{"rendered":"https:\/\/new.ilmoliulampar.is\/product\/thradlaus-bordlampi-al-tveir-litir\/"},"modified":"2024-11-23T13:06:15","modified_gmt":"2024-11-23T13:06:15","slug":"thradlaus-bordlampi-al-tveir-litir","status":"publish","type":"product","link":"https:\/\/ilmoliulampar.is\/en_gb\/product\/thradlaus-bordlampi-al-tveir-litir\/","title":{"rendered":"\u00der\u00e1\u00f0laus Bor\u00f0lampi &#8211; \u00c1l, Tveir litir"},"content":{"rendered":"","protected":false},"excerpt":{"rendered":"<p>Vanda\u00f0ur \u00fer\u00e1\u00f0laus bor\u00f0lampi me\u00f0 takka undir til a\u00f0 kveikja &#8211; sl\u00f6kkva &amp; 3 lj\u00f3sastillingar.<\/p>\n<p>Tveir litir Svartur &amp; Rose Gold.<\/p>\n<p>USB TYPE-C hle\u00f0slusn\u00fara (fylgir me\u00f0) tekur c.a. 4 t\u00edma a\u00f0 fullhla\u00f0a.<\/p>\n<p><strong>ATH<\/strong>! \u00cd \u00feennan lampa m\u00e1 a\u00f0eins nota <strong>\u00fer\u00e1\u00f0lausu<\/strong> <strong>6VDC LED perurnar<\/strong> \u00fev\u00ed \u00fea\u00f0 eru ekki s\u00f6mu volt og \u00e1 hinni perunni!<\/p>\n<p>Lj\u00f3sastillingar og endingart\u00edmi :<\/p>\n<p>\u00ddtir 3x \u00e1 takkann 30% lj\u00f3s endist \u00ed allt a\u00f0 100 klukkustundir.<\/p>\n<p>\u00ddtir 2x \u00e1 takkann 50% lj\u00f3s endist \u00ed allt a\u00f0 55 klukkustundir.<\/p>\n<p>\u00ddtir 1x \u00e1 takkann 100% lj\u00f3s endist \u00ed allt a\u00f0 24 klukkustundir.<\/p>\n<p>IP22.<\/p>\n<p>&nbsp;<\/p>","protected":false},"featured_media":44864,"comment_status":"closed","ping_status":"open","template":"","meta":[],"product_brand":[],"product_cat":[227],"product_tag":[],"class_list":{"0":"post-53329","1":"product","2":"type-product","3":"status-publish","4":"has-post-thumbnail","6":"product_cat-thradlaus-skilabod-i-peru-og-lampar-2","8":"first","9":"instock","10":"shipping-taxable","11":"purchasable","12":"product-type-variable"},"_links":{"self":[{"href":"https:\/\/ilmoliulampar.is\/en_gb\/wp-json\/wp\/v2\/product\/53329","targetHints":{"allow":["GET"]}}],"collection":[{"href":"https:\/\/ilmoliulampar.is\/en_gb\/wp-json\/wp\/v2\/product"}],"about":[{"href":"https:\/\/ilmoliulampar.is\/en_gb\/wp-json\/wp\/v2\/types\/product"}],"replies":[{"embeddable":true,"href":"https:\/\/ilmoliulampar.is\/en_gb\/wp-json\/wp\/v2\/comments?post=53329"}],"wp:featuredmedia":[{"embeddable":true,"href":"https:\/\/ilmoliulampar.is\/en_gb\/wp-json\/wp\/v2\/media\/44864"}],"wp:attachment":[{"href":"https:\/\/ilmoliulampar.is\/en_gb\/wp-json\/wp\/v2\/media?parent=53329"}],"wp:term":[{"taxonomy":"product_brand","embeddable":true,"href":"https:\/\/ilmoliulampar.is\/en_gb\/wp-json\/wp\/v2\/product_brand?post=53329"},{"taxonomy":"product_cat","embeddable":true,"href":"https:\/\/ilmoliulampar.is\/en_gb\/wp-json\/wp\/v2\/product_cat?post=53329"},{"taxonomy":"product_tag","embeddable":true,"href":"https:\/\/ilmoliulampar.is\/en_gb\/wp-json\/wp\/v2\/product_tag?post=53329"}],"curies":[{"name":"wp","href":"https:\/\/api.w.org\/{rel}","templated":true}]}}