{"id":53334,"date":"2022-10-26T17:18:31","date_gmt":"2022-10-26T17:18:31","guid":{"rendered":"https:\/\/new.ilmoliulampar.is\/product\/love-led-pera-f-thradlausan-lampa\/"},"modified":"2026-01-31T15:13:49","modified_gmt":"2026-01-31T15:13:49","slug":"love-led-pera-f-thradlausan-lampa","status":"publish","type":"product","link":"https:\/\/ilmoliulampar.is\/en_gb\/product\/love-led-pera-f-thradlausan-lampa\/","title":{"rendered":"LOVE &#8211; LED PERA F\/ \u00deR\u00c1\u00d0LAUSAN LAMPA"},"content":{"rendered":"","protected":false},"excerpt":{"rendered":"<p>Love, LED lj\u00f3sapera, <em>gulir stafir, gl\u00e6rt gler.<\/em><\/p>\n<p>S\u00e9rstaklega vanda\u00f0ar, \u00a0franskar,handger\u00f0ar LED lj\u00f3saperur fr\u00e1 \u00feeim s\u00f6mu og f\u00e6r\u00f0u okkur \u201efr\u00f6nsku lj\u00f3sin\u201c!<\/p>\n<p>Um er a\u00f0 r\u00e6\u00f0a handger\u00f0ar, dimmanlegar perur.<\/p>\n<p><strong>ATH<\/strong>! \u00deessar perur eru eng\u00f6ngu fyrir <strong>\u00fer\u00e1\u00f0lausu lampana<\/strong> ekki s\u00f6mu volt og \u00e1 hinum perunum.<\/p>\n<p>St\u00e6r\u00f0: 172mm x 125 mm<\/p>\n<p>L\u00edft\u00edmi: 40.000+ klst<\/p>\n<p>&nbsp;<\/p>\n<p>E27 G125, CE, RoHS compliant<\/p>\n<p>6VDC LED PERA<\/p>","protected":false},"featured_media":44903,"comment_status":"closed","ping_status":"closed","template":"","meta":[],"product_brand":[],"product_cat":[227],"product_tag":[],"class_list":{"0":"post-53334","1":"product","2":"type-product","3":"status-publish","4":"has-post-thumbnail","6":"product_cat-thradlaus-skilabod-i-peru-og-lampar-2","8":"first","9":"outofstock","10":"shipping-taxable","11":"purchasable","12":"product-type-simple"},"_links":{"self":[{"href":"https:\/\/ilmoliulampar.is\/en_gb\/wp-json\/wp\/v2\/product\/53334","targetHints":{"allow":["GET"]}}],"collection":[{"href":"https:\/\/ilmoliulampar.is\/en_gb\/wp-json\/wp\/v2\/product"}],"about":[{"href":"https:\/\/ilmoliulampar.is\/en_gb\/wp-json\/wp\/v2\/types\/product"}],"replies":[{"embeddable":true,"href":"https:\/\/ilmoliulampar.is\/en_gb\/wp-json\/wp\/v2\/comments?post=53334"}],"wp:featuredmedia":[{"embeddable":true,"href":"https:\/\/ilmoliulampar.is\/en_gb\/wp-json\/wp\/v2\/media\/44903"}],"wp:attachment":[{"href":"https:\/\/ilmoliulampar.is\/en_gb\/wp-json\/wp\/v2\/media?parent=53334"}],"wp:term":[{"taxonomy":"product_brand","embeddable":true,"href":"https:\/\/ilmoliulampar.is\/en_gb\/wp-json\/wp\/v2\/product_brand?post=53334"},{"taxonomy":"product_cat","embeddable":true,"href":"https:\/\/ilmoliulampar.is\/en_gb\/wp-json\/wp\/v2\/product_cat?post=53334"},{"taxonomy":"product_tag","embeddable":true,"href":"https:\/\/ilmoliulampar.is\/en_gb\/wp-json\/wp\/v2\/product_tag?post=53334"}],"curies":[{"name":"wp","href":"https:\/\/api.w.org\/{rel}","templated":true}]}}